{"id":5253,"date":"2026-03-16T07:53:37","date_gmt":"2026-03-16T07:53:37","guid":{"rendered":"https:\/\/holamexicotours.com\/?page_id=5253"},"modified":"2026-03-26T21:07:49","modified_gmt":"2026-03-26T21:07:49","slug":"zoologico-de-guadalajara","status":"publish","type":"page","link":"https:\/\/holamexicotours.com\/index.php\/zoologico-de-guadalajara\/","title":{"rendered":"ZOOL\u00d3GICO DE GUADALAJARA"},"content":{"rendered":"\n<p><strong>El Zool\u00f3gico de Guadalajara es uno de los m\u00e1s importantes de Am\u00e9rica Latina,<\/strong> destacando por sus m\u00e1s de 2000 animales de 300 especies en entornos naturales, un Safari Masamara, acuario y vistas a la Barranca de Huentit\u00e1n.&nbsp;<\/p>\n\n\n\n<figure class=\"wp-block-image alignfull size-large\"><img loading=\"lazy\" decoding=\"async\" width=\"828\" height=\"1024\" src=\"https:\/\/holamexicotours.com\/wp-content\/uploads\/2026\/03\/IMG-20260315-WA0065-828x1024.jpg\" alt=\"\" class=\"wp-image-5260\" srcset=\"https:\/\/holamexicotours.com\/wp-content\/uploads\/2026\/03\/IMG-20260315-WA0065-828x1024.jpg 828w, https:\/\/holamexicotours.com\/wp-content\/uploads\/2026\/03\/IMG-20260315-WA0065-242x300.jpg 242w, https:\/\/holamexicotours.com\/wp-content\/uploads\/2026\/03\/IMG-20260315-WA0065-768x950.jpg 768w, https:\/\/holamexicotours.com\/wp-content\/uploads\/2026\/03\/IMG-20260315-WA0065.jpg 1083w\" sizes=\"auto, (max-width: 828px) 100vw, 828px\" \/><\/figure>\n\n\n\n<p><\/p>\n\n\n\n<h2 class=\"wp-block-heading has-text-align-center\"><strong>ITINERARIO DEL VIAJE<\/strong><\/h2>\n\n\n\n<figure class=\"wp-block-image alignfull size-large\"><img loading=\"lazy\" decoding=\"async\" width=\"825\" height=\"1024\" src=\"https:\/\/holamexicotours.com\/wp-content\/uploads\/2026\/03\/IMG-20260315-WA0066-825x1024.jpg\" alt=\"\" class=\"wp-image-5261\" srcset=\"https:\/\/holamexicotours.com\/wp-content\/uploads\/2026\/03\/IMG-20260315-WA0066-825x1024.jpg 825w, https:\/\/holamexicotours.com\/wp-content\/uploads\/2026\/03\/IMG-20260315-WA0066-242x300.jpg 242w, https:\/\/holamexicotours.com\/wp-content\/uploads\/2026\/03\/IMG-20260315-WA0066-768x954.jpg 768w, https:\/\/holamexicotours.com\/wp-content\/uploads\/2026\/03\/IMG-20260315-WA0066.jpg 1080w\" sizes=\"auto, (max-width: 825px) 100vw, 825px\" \/><\/figure>\n\n\n\n<figure class=\"wp-block-image alignfull size-large\"><img loading=\"lazy\" decoding=\"async\" width=\"827\" height=\"1024\" src=\"https:\/\/holamexicotours.com\/wp-content\/uploads\/2026\/03\/IMG-20260315-WA0067-827x1024.jpg\" alt=\"\" class=\"wp-image-5262\" srcset=\"https:\/\/holamexicotours.com\/wp-content\/uploads\/2026\/03\/IMG-20260315-WA0067-827x1024.jpg 827w, https:\/\/holamexicotours.com\/wp-content\/uploads\/2026\/03\/IMG-20260315-WA0067-242x300.jpg 242w, https:\/\/holamexicotours.com\/wp-content\/uploads\/2026\/03\/IMG-20260315-WA0067-768x951.jpg 768w, https:\/\/holamexicotours.com\/wp-content\/uploads\/2026\/03\/IMG-20260315-WA0067.jpg 1082w\" sizes=\"auto, (max-width: 827px) 100vw, 827px\" \/><\/figure>\n\n\n\n<h2 class=\"wp-block-heading has-text-align-center\"><strong>&#8220;CONOCE MAS Y VIVE ESTA EXPERIENCIA&#8221;<\/strong><\/h2>\n\n\n\n<ul class=\"wp-block-list\">\n<li><strong>Atracciones Principales:<\/strong>&nbsp;Cuenta con el Safari Masamara, el&nbsp;Acuario y la Ant\u00e1rtida (ping\u00fcinario), Monkeyland, Herpetario, Selva Tropical y Rancho Veterinario.<\/li>\n\n\n\n<li><strong>Experiencias \u00danicas:<\/strong>&nbsp;Se puede cruzar el parque en el&nbsp;Teleferico SkyZoo&nbsp;(con 1,688 metros de recorrido) o en tren panor\u00e1mico para apreciar la vista a la barranca.<\/li>\n\n\n\n<li><strong>Interacci\u00f3n:<\/strong>&nbsp;Permiten alimentar jirafas, venados, capibaras y periquitos bajo supervisi\u00f3n.<\/li>\n<\/ul>\n\n\n\n<figure class=\"wp-block-video\"><video controls src=\"https:\/\/holamexicotours.com\/wp-content\/uploads\/2026\/03\/IMG_6589.mov\" playsinline><\/video><\/figure>\n\n\n\n<h2 class=\"wp-block-heading has-text-align-center\"><strong>&#8220;MAPA DEL ZOOL\u00d3GICO&#8221;<\/strong><\/h2>\n\n\n\n<figure class=\"wp-block-image alignfull size-large\"><img loading=\"lazy\" decoding=\"async\" width=\"711\" height=\"1024\" src=\"https:\/\/holamexicotours.com\/wp-content\/uploads\/2026\/03\/Screenshot_20240405_182518_Chrome-711x1024.jpg\" alt=\"\" class=\"wp-image-5254\" srcset=\"https:\/\/holamexicotours.com\/wp-content\/uploads\/2026\/03\/Screenshot_20240405_182518_Chrome-711x1024.jpg 711w, https:\/\/holamexicotours.com\/wp-content\/uploads\/2026\/03\/Screenshot_20240405_182518_Chrome-208x300.jpg 208w, https:\/\/holamexicotours.com\/wp-content\/uploads\/2026\/03\/Screenshot_20240405_182518_Chrome-768x1107.jpg 768w, https:\/\/holamexicotours.com\/wp-content\/uploads\/2026\/03\/Screenshot_20240405_182518_Chrome-1066x1536.jpg 1066w, https:\/\/holamexicotours.com\/wp-content\/uploads\/2026\/03\/Screenshot_20240405_182518_Chrome.jpg 1329w\" sizes=\"auto, (max-width: 711px) 100vw, 711px\" \/><\/figure>\n\n\n\n<figure class=\"wp-block-gallery alignwide has-nested-images columns-default is-cropped wp-block-gallery-1 is-layout-flex wp-block-gallery-is-layout-flex\">\n<figure class=\"wp-block-image size-large\"><img loading=\"lazy\" decoding=\"async\" width=\"1024\" height=\"576\" data-id=\"5272\" src=\"https:\/\/holamexicotours.com\/wp-content\/uploads\/2026\/03\/FB_IMG_1773554190327-1024x576.jpg\" alt=\"\" class=\"wp-image-5272\" srcset=\"https:\/\/holamexicotours.com\/wp-content\/uploads\/2026\/03\/FB_IMG_1773554190327-1024x576.jpg 1024w, https:\/\/holamexicotours.com\/wp-content\/uploads\/2026\/03\/FB_IMG_1773554190327-300x169.jpg 300w, https:\/\/holamexicotours.com\/wp-content\/uploads\/2026\/03\/FB_IMG_1773554190327-768x432.jpg 768w, https:\/\/holamexicotours.com\/wp-content\/uploads\/2026\/03\/FB_IMG_1773554190327-1536x864.jpg 1536w, https:\/\/holamexicotours.com\/wp-content\/uploads\/2026\/03\/FB_IMG_1773554190327.jpg 1920w\" sizes=\"auto, (max-width: 1024px) 100vw, 1024px\" \/><\/figure>\n\n\n\n<figure class=\"wp-block-image size-large\"><img loading=\"lazy\" decoding=\"async\" width=\"1024\" height=\"576\" data-id=\"5273\" src=\"https:\/\/holamexicotours.com\/wp-content\/uploads\/2026\/03\/FB_IMG_1773554216782-1024x576.jpg\" alt=\"\" class=\"wp-image-5273\" srcset=\"https:\/\/holamexicotours.com\/wp-content\/uploads\/2026\/03\/FB_IMG_1773554216782-1024x576.jpg 1024w, https:\/\/holamexicotours.com\/wp-content\/uploads\/2026\/03\/FB_IMG_1773554216782-300x169.jpg 300w, https:\/\/holamexicotours.com\/wp-content\/uploads\/2026\/03\/FB_IMG_1773554216782-768x432.jpg 768w, https:\/\/holamexicotours.com\/wp-content\/uploads\/2026\/03\/FB_IMG_1773554216782-1536x864.jpg 1536w, https:\/\/holamexicotours.com\/wp-content\/uploads\/2026\/03\/FB_IMG_1773554216782.jpg 1920w\" sizes=\"auto, (max-width: 1024px) 100vw, 1024px\" \/><\/figure>\n<\/figure>\n\n\n\n<figure class=\"wp-block-gallery alignwide has-nested-images columns-default is-cropped wp-block-gallery-2 is-layout-flex wp-block-gallery-is-layout-flex\">\n<figure class=\"wp-block-image size-full\"><img loading=\"lazy\" decoding=\"async\" width=\"910\" height=\"608\" data-id=\"5276\" src=\"https:\/\/holamexicotours.com\/wp-content\/uploads\/2026\/03\/FB_IMG_1645228994926.jpg\" alt=\"\" class=\"wp-image-5276\" srcset=\"https:\/\/holamexicotours.com\/wp-content\/uploads\/2026\/03\/FB_IMG_1645228994926.jpg 910w, https:\/\/holamexicotours.com\/wp-content\/uploads\/2026\/03\/FB_IMG_1645228994926-300x200.jpg 300w, https:\/\/holamexicotours.com\/wp-content\/uploads\/2026\/03\/FB_IMG_1645228994926-768x513.jpg 768w\" sizes=\"auto, (max-width: 910px) 100vw, 910px\" \/><\/figure>\n\n\n\n<figure class=\"wp-block-image size-full\"><img loading=\"lazy\" decoding=\"async\" width=\"608\" height=\"342\" data-id=\"5275\" src=\"https:\/\/holamexicotours.com\/wp-content\/uploads\/2026\/03\/images-2.jpeg\" alt=\"\" class=\"wp-image-5275\" srcset=\"https:\/\/holamexicotours.com\/wp-content\/uploads\/2026\/03\/images-2.jpeg 608w, https:\/\/holamexicotours.com\/wp-content\/uploads\/2026\/03\/images-2-300x169.jpeg 300w\" sizes=\"auto, (max-width: 608px) 100vw, 608px\" \/><\/figure>\n<\/figure>\n\n\n\n<figure class=\"wp-block-gallery alignwide has-nested-images columns-default is-cropped wp-block-gallery-3 is-layout-flex wp-block-gallery-is-layout-flex\">\n<figure class=\"wp-block-image size-full\"><img loading=\"lazy\" decoding=\"async\" width=\"717\" height=\"518\" data-id=\"5278\" src=\"https:\/\/holamexicotours.com\/wp-content\/uploads\/2026\/03\/FB_IMG_1645228991259.jpg\" alt=\"\" class=\"wp-image-5278\" srcset=\"https:\/\/holamexicotours.com\/wp-content\/uploads\/2026\/03\/FB_IMG_1645228991259.jpg 717w, https:\/\/holamexicotours.com\/wp-content\/uploads\/2026\/03\/FB_IMG_1645228991259-300x217.jpg 300w\" sizes=\"auto, (max-width: 717px) 100vw, 717px\" \/><\/figure>\n\n\n\n<figure class=\"wp-block-image size-full\"><img loading=\"lazy\" decoding=\"async\" width=\"678\" height=\"452\" data-id=\"5280\" src=\"https:\/\/holamexicotours.com\/wp-content\/uploads\/2026\/03\/images-1.jpeg\" alt=\"\" class=\"wp-image-5280\" srcset=\"https:\/\/holamexicotours.com\/wp-content\/uploads\/2026\/03\/images-1.jpeg 678w, https:\/\/holamexicotours.com\/wp-content\/uploads\/2026\/03\/images-1-300x200.jpeg 300w\" sizes=\"auto, (max-width: 678px) 100vw, 678px\" \/><\/figure>\n<\/figure>\n\n\n\n<figure class=\"wp-block-image alignfull size-full\"><a href=\"https:\/\/holamexicotours.com\/index.php\/reserva-tu-viaje-con-la-agencia-de-viaje-de-tu-preferencia\/\"><img loading=\"lazy\" decoding=\"async\" width=\"687\" height=\"367\" src=\"https:\/\/holamexicotours.com\/wp-content\/uploads\/2024\/08\/RESERVA-TU-VIAJE-AQUI.jpg\" alt=\"\" class=\"wp-image-1942\"\/><\/a><\/figure>\n","protected":false},"excerpt":{"rendered":"<p>El Zool\u00f3gico de Guadalajara es uno de los m\u00e1s importantes de Am\u00e9rica Latina, destacando por sus m\u00e1s de 2000 animales de 300 especies en entornos naturales, un Safari Masamara, acuario&hellip; <\/p>\n","protected":false},"author":2,"featured_media":5274,"parent":0,"menu_order":0,"comment_status":"closed","ping_status":"closed","template":"","meta":{"footnotes":""},"class_list":["post-5253","page","type-page","status-publish","has-post-thumbnail","hentry"],"yoast_head":"<!-- This site is optimized with the Yoast SEO plugin v23.3 - https:\/\/yoast.com\/wordpress\/plugins\/seo\/ -->\n<title>ZOOL\u00d3GICO DE GUADALAJARA - HOLA MEXICO TOURS<\/title>\n<meta name=\"robots\" content=\"index, follow, max-snippet:-1, max-image-preview:large, max-video-preview:-1\" \/>\n<link rel=\"canonical\" href=\"https:\/\/holamexicotours.com\/index.php\/zoologico-de-guadalajara\/\" \/>\n<meta property=\"og:locale\" content=\"es_MX\" \/>\n<meta property=\"og:type\" content=\"article\" \/>\n<meta property=\"og:title\" content=\"ZOOL\u00d3GICO DE GUADALAJARA - HOLA MEXICO TOURS\" \/>\n<meta property=\"og:description\" content=\"El Zool\u00f3gico de Guadalajara es uno de los m\u00e1s importantes de Am\u00e9rica Latina, destacando por sus m\u00e1s de 2000 animales de 300 especies en entornos naturales, un Safari Masamara, acuario&hellip;\" \/>\n<meta property=\"og:url\" content=\"https:\/\/holamexicotours.com\/index.php\/zoologico-de-guadalajara\/\" \/>\n<meta property=\"og:site_name\" content=\"HOLA MEXICO TOURS\" \/>\n<meta property=\"article:modified_time\" content=\"2026-03-26T21:07:49+00:00\" \/>\n<meta property=\"og:image\" content=\"https:\/\/holamexicotours.com\/wp-content\/uploads\/2026\/03\/zoo-de-gdl.png\" \/>\n\t<meta property=\"og:image:width\" content=\"1079\" \/>\n\t<meta property=\"og:image:height\" content=\"703\" \/>\n\t<meta property=\"og:image:type\" content=\"image\/png\" \/>\n<meta name=\"twitter:card\" content=\"summary_large_image\" \/>\n<meta name=\"twitter:label1\" content=\"Tiempo de lectura\" \/>\n\t<meta name=\"twitter:data1\" content=\"3 minutos\" \/>\n<script type=\"application\/ld+json\" class=\"yoast-schema-graph\">{\"@context\":\"https:\/\/schema.org\",\"@graph\":[{\"@type\":\"WebPage\",\"@id\":\"https:\/\/holamexicotours.com\/index.php\/zoologico-de-guadalajara\/\",\"url\":\"https:\/\/holamexicotours.com\/index.php\/zoologico-de-guadalajara\/\",\"name\":\"ZOOL\u00d3GICO DE GUADALAJARA - HOLA MEXICO TOURS\",\"isPartOf\":{\"@id\":\"https:\/\/holamexicotours.com\/#website\"},\"primaryImageOfPage\":{\"@id\":\"https:\/\/holamexicotours.com\/index.php\/zoologico-de-guadalajara\/#primaryimage\"},\"image\":{\"@id\":\"https:\/\/holamexicotours.com\/index.php\/zoologico-de-guadalajara\/#primaryimage\"},\"thumbnailUrl\":\"https:\/\/holamexicotours.com\/wp-content\/uploads\/2026\/03\/zoo-de-gdl.png\",\"datePublished\":\"2026-03-16T07:53:37+00:00\",\"dateModified\":\"2026-03-26T21:07:49+00:00\",\"breadcrumb\":{\"@id\":\"https:\/\/holamexicotours.com\/index.php\/zoologico-de-guadalajara\/#breadcrumb\"},\"inLanguage\":\"es\",\"potentialAction\":[{\"@type\":\"ReadAction\",\"target\":[\"https:\/\/holamexicotours.com\/index.php\/zoologico-de-guadalajara\/\"]}]},{\"@type\":\"ImageObject\",\"inLanguage\":\"es\",\"@id\":\"https:\/\/holamexicotours.com\/index.php\/zoologico-de-guadalajara\/#primaryimage\",\"url\":\"https:\/\/holamexicotours.com\/wp-content\/uploads\/2026\/03\/zoo-de-gdl.png\",\"contentUrl\":\"https:\/\/holamexicotours.com\/wp-content\/uploads\/2026\/03\/zoo-de-gdl.png\",\"width\":1079,\"height\":703},{\"@type\":\"BreadcrumbList\",\"@id\":\"https:\/\/holamexicotours.com\/index.php\/zoologico-de-guadalajara\/#breadcrumb\",\"itemListElement\":[{\"@type\":\"ListItem\",\"position\":1,\"name\":\"Home\",\"item\":\"https:\/\/holamexicotours.com\/\"},{\"@type\":\"ListItem\",\"position\":2,\"name\":\"ZOOL\u00d3GICO DE GUADALAJARA\"}]},{\"@type\":\"WebSite\",\"@id\":\"https:\/\/holamexicotours.com\/#website\",\"url\":\"https:\/\/holamexicotours.com\/\",\"name\":\"https:\/\/holamexicotours.com\/\",\"description\":\"A trav\u00e9z de tus ojos, VIVE M\u00c9XICO.\",\"publisher\":{\"@id\":\"https:\/\/holamexicotours.com\/#\/schema\/person\/03a3eec8d68d2f43733875f848656cc2\"},\"potentialAction\":[{\"@type\":\"SearchAction\",\"target\":{\"@type\":\"EntryPoint\",\"urlTemplate\":\"https:\/\/holamexicotours.com\/?s={search_term_string}\"},\"query-input\":\"required name=search_term_string\"}],\"inLanguage\":\"es\"},{\"@type\":[\"Person\",\"Organization\"],\"@id\":\"https:\/\/holamexicotours.com\/#\/schema\/person\/03a3eec8d68d2f43733875f848656cc2\",\"name\":\"holamexicotours\",\"image\":{\"@type\":\"ImageObject\",\"inLanguage\":\"es\",\"@id\":\"https:\/\/holamexicotours.com\/#\/schema\/person\/image\/\",\"url\":\"https:\/\/holamexicotours.com\/wp-content\/uploads\/2025\/04\/cropped-LOGO-FINAL.png\",\"contentUrl\":\"https:\/\/holamexicotours.com\/wp-content\/uploads\/2025\/04\/cropped-LOGO-FINAL.png\",\"width\":1182,\"height\":778,\"caption\":\"holamexicotours\"},\"logo\":{\"@id\":\"https:\/\/holamexicotours.com\/#\/schema\/person\/image\/\"}}]}<\/script>\n<!-- \/ Yoast SEO plugin. -->","yoast_head_json":{"title":"ZOOL\u00d3GICO DE GUADALAJARA - HOLA MEXICO TOURS","robots":{"index":"index","follow":"follow","max-snippet":"max-snippet:-1","max-image-preview":"max-image-preview:large","max-video-preview":"max-video-preview:-1"},"canonical":"https:\/\/holamexicotours.com\/index.php\/zoologico-de-guadalajara\/","og_locale":"es_MX","og_type":"article","og_title":"ZOOL\u00d3GICO DE GUADALAJARA - HOLA MEXICO TOURS","og_description":"El Zool\u00f3gico de Guadalajara es uno de los m\u00e1s importantes de Am\u00e9rica Latina, destacando por sus m\u00e1s de 2000 animales de 300 especies en entornos naturales, un Safari Masamara, acuario&hellip;","og_url":"https:\/\/holamexicotours.com\/index.php\/zoologico-de-guadalajara\/","og_site_name":"HOLA MEXICO TOURS","article_modified_time":"2026-03-26T21:07:49+00:00","og_image":[{"width":1079,"height":703,"url":"https:\/\/holamexicotours.com\/wp-content\/uploads\/2026\/03\/zoo-de-gdl.png","type":"image\/png"}],"twitter_card":"summary_large_image","twitter_misc":{"Tiempo de lectura":"3 minutos"},"schema":{"@context":"https:\/\/schema.org","@graph":[{"@type":"WebPage","@id":"https:\/\/holamexicotours.com\/index.php\/zoologico-de-guadalajara\/","url":"https:\/\/holamexicotours.com\/index.php\/zoologico-de-guadalajara\/","name":"ZOOL\u00d3GICO DE GUADALAJARA - HOLA MEXICO TOURS","isPartOf":{"@id":"https:\/\/holamexicotours.com\/#website"},"primaryImageOfPage":{"@id":"https:\/\/holamexicotours.com\/index.php\/zoologico-de-guadalajara\/#primaryimage"},"image":{"@id":"https:\/\/holamexicotours.com\/index.php\/zoologico-de-guadalajara\/#primaryimage"},"thumbnailUrl":"https:\/\/holamexicotours.com\/wp-content\/uploads\/2026\/03\/zoo-de-gdl.png","datePublished":"2026-03-16T07:53:37+00:00","dateModified":"2026-03-26T21:07:49+00:00","breadcrumb":{"@id":"https:\/\/holamexicotours.com\/index.php\/zoologico-de-guadalajara\/#breadcrumb"},"inLanguage":"es","potentialAction":[{"@type":"ReadAction","target":["https:\/\/holamexicotours.com\/index.php\/zoologico-de-guadalajara\/"]}]},{"@type":"ImageObject","inLanguage":"es","@id":"https:\/\/holamexicotours.com\/index.php\/zoologico-de-guadalajara\/#primaryimage","url":"https:\/\/holamexicotours.com\/wp-content\/uploads\/2026\/03\/zoo-de-gdl.png","contentUrl":"https:\/\/holamexicotours.com\/wp-content\/uploads\/2026\/03\/zoo-de-gdl.png","width":1079,"height":703},{"@type":"BreadcrumbList","@id":"https:\/\/holamexicotours.com\/index.php\/zoologico-de-guadalajara\/#breadcrumb","itemListElement":[{"@type":"ListItem","position":1,"name":"Home","item":"https:\/\/holamexicotours.com\/"},{"@type":"ListItem","position":2,"name":"ZOOL\u00d3GICO DE GUADALAJARA"}]},{"@type":"WebSite","@id":"https:\/\/holamexicotours.com\/#website","url":"https:\/\/holamexicotours.com\/","name":"https:\/\/holamexicotours.com\/","description":"A trav\u00e9z de tus ojos, VIVE M\u00c9XICO.","publisher":{"@id":"https:\/\/holamexicotours.com\/#\/schema\/person\/03a3eec8d68d2f43733875f848656cc2"},"potentialAction":[{"@type":"SearchAction","target":{"@type":"EntryPoint","urlTemplate":"https:\/\/holamexicotours.com\/?s={search_term_string}"},"query-input":"required name=search_term_string"}],"inLanguage":"es"},{"@type":["Person","Organization"],"@id":"https:\/\/holamexicotours.com\/#\/schema\/person\/03a3eec8d68d2f43733875f848656cc2","name":"holamexicotours","image":{"@type":"ImageObject","inLanguage":"es","@id":"https:\/\/holamexicotours.com\/#\/schema\/person\/image\/","url":"https:\/\/holamexicotours.com\/wp-content\/uploads\/2025\/04\/cropped-LOGO-FINAL.png","contentUrl":"https:\/\/holamexicotours.com\/wp-content\/uploads\/2025\/04\/cropped-LOGO-FINAL.png","width":1182,"height":778,"caption":"holamexicotours"},"logo":{"@id":"https:\/\/holamexicotours.com\/#\/schema\/person\/image\/"}}]}},"_links":{"self":[{"href":"https:\/\/holamexicotours.com\/index.php\/wp-json\/wp\/v2\/pages\/5253","targetHints":{"allow":["GET"]}}],"collection":[{"href":"https:\/\/holamexicotours.com\/index.php\/wp-json\/wp\/v2\/pages"}],"about":[{"href":"https:\/\/holamexicotours.com\/index.php\/wp-json\/wp\/v2\/types\/page"}],"author":[{"embeddable":true,"href":"https:\/\/holamexicotours.com\/index.php\/wp-json\/wp\/v2\/users\/2"}],"replies":[{"embeddable":true,"href":"https:\/\/holamexicotours.com\/index.php\/wp-json\/wp\/v2\/comments?post=5253"}],"version-history":[{"count":6,"href":"https:\/\/holamexicotours.com\/index.php\/wp-json\/wp\/v2\/pages\/5253\/revisions"}],"predecessor-version":[{"id":5306,"href":"https:\/\/holamexicotours.com\/index.php\/wp-json\/wp\/v2\/pages\/5253\/revisions\/5306"}],"wp:featuredmedia":[{"embeddable":true,"href":"https:\/\/holamexicotours.com\/index.php\/wp-json\/wp\/v2\/media\/5274"}],"wp:attachment":[{"href":"https:\/\/holamexicotours.com\/index.php\/wp-json\/wp\/v2\/media?parent=5253"}],"curies":[{"name":"wp","href":"https:\/\/api.w.org\/{rel}","templated":true}]}}