{"id":5225,"date":"2026-03-16T07:13:52","date_gmt":"2026-03-16T07:13:52","guid":{"rendered":"https:\/\/holamexicotours.com\/?page_id=5225"},"modified":"2026-03-26T21:08:35","modified_gmt":"2026-03-26T21:08:35","slug":"tour-bioparque-estrella","status":"publish","type":"page","link":"https:\/\/holamexicotours.com\/index.php\/tour-bioparque-estrella\/","title":{"rendered":"TOUR BIOPARQUE ESTRELLA"},"content":{"rendered":"\n<blockquote class=\"wp-block-quote is-layout-flow wp-block-quote-is-layout-flow\">\n<p><strong><em>Una aventura para toda la familia.<\/em><\/strong><\/p>\n<\/blockquote>\n\n\n\n<p><strong>Ubicado en el estado de M\u00e9xico, descubre el parque tem\u00e1tico con safari m\u00e1s grande del pa\u00eds,<\/strong> con una extensi\u00f3n de 300 hect\u00e1reas, brindan refugios a m\u00e1s de 600 animales que conviven en libertad dentro de la reserva natural <strong>&#8220;Safari Serengueti&#8221;.<\/strong><\/p>\n\n\n\n<figure class=\"wp-block-image alignfull size-large\"><img loading=\"lazy\" decoding=\"async\" width=\"828\" height=\"1024\" src=\"https:\/\/holamexicotours.com\/wp-content\/uploads\/2026\/03\/IMG-20260315-WA0061-828x1024.jpg\" alt=\"\" class=\"wp-image-5226\" srcset=\"https:\/\/holamexicotours.com\/wp-content\/uploads\/2026\/03\/IMG-20260315-WA0061-828x1024.jpg 828w, https:\/\/holamexicotours.com\/wp-content\/uploads\/2026\/03\/IMG-20260315-WA0061-243x300.jpg 243w, https:\/\/holamexicotours.com\/wp-content\/uploads\/2026\/03\/IMG-20260315-WA0061-768x949.jpg 768w, https:\/\/holamexicotours.com\/wp-content\/uploads\/2026\/03\/IMG-20260315-WA0061.jpg 1084w\" sizes=\"auto, (max-width: 828px) 100vw, 828px\" \/><\/figure>\n\n\n\n<h2 class=\"wp-block-heading has-text-align-center\"><strong>ITINERARIO DEL VIAJE<\/strong><\/h2>\n\n\n\n<figure class=\"wp-block-image alignfull size-large\"><img loading=\"lazy\" decoding=\"async\" width=\"825\" height=\"1024\" src=\"https:\/\/holamexicotours.com\/wp-content\/uploads\/2026\/03\/IMG-20260315-WA0070-825x1024.jpg\" alt=\"\" class=\"wp-image-5227\" srcset=\"https:\/\/holamexicotours.com\/wp-content\/uploads\/2026\/03\/IMG-20260315-WA0070-825x1024.jpg 825w, https:\/\/holamexicotours.com\/wp-content\/uploads\/2026\/03\/IMG-20260315-WA0070-242x300.jpg 242w, https:\/\/holamexicotours.com\/wp-content\/uploads\/2026\/03\/IMG-20260315-WA0070-768x954.jpg 768w, https:\/\/holamexicotours.com\/wp-content\/uploads\/2026\/03\/IMG-20260315-WA0070.jpg 1080w\" sizes=\"auto, (max-width: 825px) 100vw, 825px\" \/><\/figure>\n\n\n\n<figure class=\"wp-block-image alignfull size-large\"><img loading=\"lazy\" decoding=\"async\" width=\"827\" height=\"1024\" src=\"https:\/\/holamexicotours.com\/wp-content\/uploads\/2026\/03\/IMG-20260315-WA0063-827x1024.jpg\" alt=\"\" class=\"wp-image-5228\" srcset=\"https:\/\/holamexicotours.com\/wp-content\/uploads\/2026\/03\/IMG-20260315-WA0063-827x1024.jpg 827w, https:\/\/holamexicotours.com\/wp-content\/uploads\/2026\/03\/IMG-20260315-WA0063-242x300.jpg 242w, https:\/\/holamexicotours.com\/wp-content\/uploads\/2026\/03\/IMG-20260315-WA0063-768x951.jpg 768w, https:\/\/holamexicotours.com\/wp-content\/uploads\/2026\/03\/IMG-20260315-WA0063.jpg 1082w\" sizes=\"auto, (max-width: 827px) 100vw, 827px\" \/><\/figure>\n\n\n\n<h2 class=\"wp-block-heading has-text-align-center\"><strong>&#8220;CONOCE MAS Y VIVE ESTA EXPERIENCIA&#8221;<\/strong><\/h2>\n\n\n\n<p>Inaugurado en octubre del a\u00f1o 2000, hoy en d\u00eda, <strong>adicional al safari ofrece un conjunto de atracciones que promueven sana diversi\u00f3n familiar.<\/strong><\/p>\n\n\n\n<figure class=\"wp-block-image alignfull size-large\"><img loading=\"lazy\" decoding=\"async\" width=\"838\" height=\"1024\" src=\"https:\/\/holamexicotours.com\/wp-content\/uploads\/2026\/03\/IMG-20260315-WA0060-1-838x1024.jpg\" alt=\"\" class=\"wp-image-5229\" srcset=\"https:\/\/holamexicotours.com\/wp-content\/uploads\/2026\/03\/IMG-20260315-WA0060-1-838x1024.jpg 838w, https:\/\/holamexicotours.com\/wp-content\/uploads\/2026\/03\/IMG-20260315-WA0060-1-245x300.jpg 245w, https:\/\/holamexicotours.com\/wp-content\/uploads\/2026\/03\/IMG-20260315-WA0060-1-768x939.jpg 768w, https:\/\/holamexicotours.com\/wp-content\/uploads\/2026\/03\/IMG-20260315-WA0060-1.jpg 1081w\" sizes=\"auto, (max-width: 838px) 100vw, 838px\" \/><\/figure>\n\n\n\n<p><strong>Prep\u00e1rate para tener todo un d\u00eda lleno de aventura y diversi\u00f3n<\/strong> con las diferentes actividades de este incre\u00edble parque, <strong>\u00a1\u00a1No te lo puedes perder!!<\/strong><\/p>\n\n\n\n<figure class=\"wp-block-video\"><video controls src=\"https:\/\/holamexicotours.com\/wp-content\/uploads\/2026\/03\/IMG_6589.mov\" playsinline><\/video><\/figure>\n\n\n\n<figure class=\"wp-block-gallery alignwide has-nested-images columns-default is-cropped wp-block-gallery-1 is-layout-flex wp-block-gallery-is-layout-flex\">\n<figure class=\"wp-block-image size-full\"><img loading=\"lazy\" decoding=\"async\" width=\"960\" height=\"960\" data-id=\"5239\" src=\"https:\/\/holamexicotours.com\/wp-content\/uploads\/2026\/03\/FB_IMG_1705545480459.jpg\" alt=\"\" class=\"wp-image-5239\" srcset=\"https:\/\/holamexicotours.com\/wp-content\/uploads\/2026\/03\/FB_IMG_1705545480459.jpg 960w, https:\/\/holamexicotours.com\/wp-content\/uploads\/2026\/03\/FB_IMG_1705545480459-300x300.jpg 300w, https:\/\/holamexicotours.com\/wp-content\/uploads\/2026\/03\/FB_IMG_1705545480459-150x150.jpg 150w, https:\/\/holamexicotours.com\/wp-content\/uploads\/2026\/03\/FB_IMG_1705545480459-768x768.jpg 768w\" sizes=\"auto, (max-width: 960px) 100vw, 960px\" \/><\/figure>\n\n\n\n<figure class=\"wp-block-image size-full\"><img loading=\"lazy\" decoding=\"async\" width=\"960\" height=\"640\" data-id=\"5240\" src=\"https:\/\/holamexicotours.com\/wp-content\/uploads\/2026\/03\/FB_IMG_1705545181775.jpg\" alt=\"\" class=\"wp-image-5240\" srcset=\"https:\/\/holamexicotours.com\/wp-content\/uploads\/2026\/03\/FB_IMG_1705545181775.jpg 960w, https:\/\/holamexicotours.com\/wp-content\/uploads\/2026\/03\/FB_IMG_1705545181775-300x200.jpg 300w, https:\/\/holamexicotours.com\/wp-content\/uploads\/2026\/03\/FB_IMG_1705545181775-768x512.jpg 768w\" sizes=\"auto, (max-width: 960px) 100vw, 960px\" \/><\/figure>\n<\/figure>\n\n\n\n<figure class=\"wp-block-gallery alignwide has-nested-images columns-default is-cropped wp-block-gallery-2 is-layout-flex wp-block-gallery-is-layout-flex\">\n<figure class=\"wp-block-image size-full\"><img loading=\"lazy\" decoding=\"async\" width=\"960\" height=\"640\" data-id=\"5243\" src=\"https:\/\/holamexicotours.com\/wp-content\/uploads\/2026\/03\/20210218_160753.jpg\" alt=\"\" class=\"wp-image-5243\" srcset=\"https:\/\/holamexicotours.com\/wp-content\/uploads\/2026\/03\/20210218_160753.jpg 960w, https:\/\/holamexicotours.com\/wp-content\/uploads\/2026\/03\/20210218_160753-300x200.jpg 300w, https:\/\/holamexicotours.com\/wp-content\/uploads\/2026\/03\/20210218_160753-768x512.jpg 768w\" sizes=\"auto, (max-width: 960px) 100vw, 960px\" \/><\/figure>\n\n\n\n<figure class=\"wp-block-image size-large\"><img loading=\"lazy\" decoding=\"async\" width=\"1024\" height=\"683\" data-id=\"5244\" src=\"https:\/\/holamexicotours.com\/wp-content\/uploads\/2026\/03\/FB_IMG_1705545454090-1024x683.jpg\" alt=\"\" class=\"wp-image-5244\" srcset=\"https:\/\/holamexicotours.com\/wp-content\/uploads\/2026\/03\/FB_IMG_1705545454090-1024x683.jpg 1024w, https:\/\/holamexicotours.com\/wp-content\/uploads\/2026\/03\/FB_IMG_1705545454090-300x200.jpg 300w, https:\/\/holamexicotours.com\/wp-content\/uploads\/2026\/03\/FB_IMG_1705545454090-768x512.jpg 768w, https:\/\/holamexicotours.com\/wp-content\/uploads\/2026\/03\/FB_IMG_1705545454090.jpg 1440w\" sizes=\"auto, (max-width: 1024px) 100vw, 1024px\" \/><\/figure>\n<\/figure>\n\n\n\n<figure class=\"wp-block-gallery alignwide has-nested-images columns-default is-cropped wp-block-gallery-3 is-layout-flex wp-block-gallery-is-layout-flex\">\n<figure class=\"wp-block-image size-full\"><img loading=\"lazy\" decoding=\"async\" width=\"960\" height=\"640\" data-id=\"5246\" src=\"https:\/\/holamexicotours.com\/wp-content\/uploads\/2026\/03\/FB_IMG_1613681316473.jpg\" alt=\"\" class=\"wp-image-5246\" srcset=\"https:\/\/holamexicotours.com\/wp-content\/uploads\/2026\/03\/FB_IMG_1613681316473.jpg 960w, https:\/\/holamexicotours.com\/wp-content\/uploads\/2026\/03\/FB_IMG_1613681316473-300x200.jpg 300w, https:\/\/holamexicotours.com\/wp-content\/uploads\/2026\/03\/FB_IMG_1613681316473-768x512.jpg 768w\" sizes=\"auto, (max-width: 960px) 100vw, 960px\" \/><\/figure>\n\n\n\n<figure class=\"wp-block-image size-full\"><img loading=\"lazy\" decoding=\"async\" width=\"960\" height=\"640\" data-id=\"5248\" src=\"https:\/\/holamexicotours.com\/wp-content\/uploads\/2026\/03\/20210218_160644.jpg\" alt=\"\" class=\"wp-image-5248\" srcset=\"https:\/\/holamexicotours.com\/wp-content\/uploads\/2026\/03\/20210218_160644.jpg 960w, https:\/\/holamexicotours.com\/wp-content\/uploads\/2026\/03\/20210218_160644-300x200.jpg 300w, https:\/\/holamexicotours.com\/wp-content\/uploads\/2026\/03\/20210218_160644-768x512.jpg 768w\" sizes=\"auto, (max-width: 960px) 100vw, 960px\" \/><\/figure>\n<\/figure>\n\n\n\n<figure class=\"wp-block-image alignfull size-full\"><a href=\"https:\/\/holamexicotours.com\/index.php\/reserva-tu-viaje-con-la-agencia-de-viaje-de-tu-preferencia\/\"><img loading=\"lazy\" decoding=\"async\" width=\"687\" height=\"367\" src=\"https:\/\/holamexicotours.com\/wp-content\/uploads\/2024\/08\/RESERVA-TU-VIAJE-AQUI.jpg\" alt=\"\" class=\"wp-image-1942\"\/><\/a><\/figure>\n","protected":false},"excerpt":{"rendered":"<p>Una aventura para toda la familia. Ubicado en el estado de M\u00e9xico, descubre el parque tem\u00e1tico con safari m\u00e1s grande del pa\u00eds, con una extensi\u00f3n de 300 hect\u00e1reas, brindan refugios&hellip; <\/p>\n","protected":false},"author":2,"featured_media":5231,"parent":0,"menu_order":0,"comment_status":"closed","ping_status":"closed","template":"","meta":{"footnotes":""},"class_list":["post-5225","page","type-page","status-publish","has-post-thumbnail","hentry"],"yoast_head":"<!-- This site is optimized with the Yoast SEO plugin v23.3 - https:\/\/yoast.com\/wordpress\/plugins\/seo\/ -->\n<title>TOUR BIOPARQUE ESTRELLA - HOLA MEXICO TOURS<\/title>\n<meta name=\"robots\" content=\"index, follow, max-snippet:-1, max-image-preview:large, max-video-preview:-1\" \/>\n<link rel=\"canonical\" href=\"https:\/\/holamexicotours.com\/index.php\/tour-bioparque-estrella\/\" \/>\n<meta property=\"og:locale\" content=\"es_MX\" \/>\n<meta property=\"og:type\" content=\"article\" \/>\n<meta property=\"og:title\" content=\"TOUR BIOPARQUE ESTRELLA - HOLA MEXICO TOURS\" \/>\n<meta property=\"og:description\" content=\"Una aventura para toda la familia. Ubicado en el estado de M\u00e9xico, descubre el parque tem\u00e1tico con safari m\u00e1s grande del pa\u00eds, con una extensi\u00f3n de 300 hect\u00e1reas, brindan refugios&hellip;\" \/>\n<meta property=\"og:url\" content=\"https:\/\/holamexicotours.com\/index.php\/tour-bioparque-estrella\/\" \/>\n<meta property=\"og:site_name\" content=\"HOLA MEXICO TOURS\" \/>\n<meta property=\"article:modified_time\" content=\"2026-03-26T21:08:35+00:00\" \/>\n<meta property=\"og:image\" content=\"https:\/\/holamexicotours.com\/wp-content\/uploads\/2026\/03\/IMG-20260313-WA0026.jpg\" \/>\n\t<meta property=\"og:image:width\" content=\"1640\" \/>\n\t<meta property=\"og:image:height\" content=\"624\" \/>\n\t<meta property=\"og:image:type\" content=\"image\/jpeg\" \/>\n<meta name=\"twitter:card\" content=\"summary_large_image\" \/>\n<meta name=\"twitter:label1\" content=\"Tiempo de lectura\" \/>\n\t<meta name=\"twitter:data1\" content=\"3 minutos\" \/>\n<script type=\"application\/ld+json\" class=\"yoast-schema-graph\">{\"@context\":\"https:\/\/schema.org\",\"@graph\":[{\"@type\":\"WebPage\",\"@id\":\"https:\/\/holamexicotours.com\/index.php\/tour-bioparque-estrella\/\",\"url\":\"https:\/\/holamexicotours.com\/index.php\/tour-bioparque-estrella\/\",\"name\":\"TOUR BIOPARQUE ESTRELLA - HOLA MEXICO TOURS\",\"isPartOf\":{\"@id\":\"https:\/\/holamexicotours.com\/#website\"},\"primaryImageOfPage\":{\"@id\":\"https:\/\/holamexicotours.com\/index.php\/tour-bioparque-estrella\/#primaryimage\"},\"image\":{\"@id\":\"https:\/\/holamexicotours.com\/index.php\/tour-bioparque-estrella\/#primaryimage\"},\"thumbnailUrl\":\"https:\/\/holamexicotours.com\/wp-content\/uploads\/2026\/03\/IMG-20260313-WA0026.jpg\",\"datePublished\":\"2026-03-16T07:13:52+00:00\",\"dateModified\":\"2026-03-26T21:08:35+00:00\",\"breadcrumb\":{\"@id\":\"https:\/\/holamexicotours.com\/index.php\/tour-bioparque-estrella\/#breadcrumb\"},\"inLanguage\":\"es\",\"potentialAction\":[{\"@type\":\"ReadAction\",\"target\":[\"https:\/\/holamexicotours.com\/index.php\/tour-bioparque-estrella\/\"]}]},{\"@type\":\"ImageObject\",\"inLanguage\":\"es\",\"@id\":\"https:\/\/holamexicotours.com\/index.php\/tour-bioparque-estrella\/#primaryimage\",\"url\":\"https:\/\/holamexicotours.com\/wp-content\/uploads\/2026\/03\/IMG-20260313-WA0026.jpg\",\"contentUrl\":\"https:\/\/holamexicotours.com\/wp-content\/uploads\/2026\/03\/IMG-20260313-WA0026.jpg\",\"width\":1640,\"height\":624},{\"@type\":\"BreadcrumbList\",\"@id\":\"https:\/\/holamexicotours.com\/index.php\/tour-bioparque-estrella\/#breadcrumb\",\"itemListElement\":[{\"@type\":\"ListItem\",\"position\":1,\"name\":\"Home\",\"item\":\"https:\/\/holamexicotours.com\/\"},{\"@type\":\"ListItem\",\"position\":2,\"name\":\"TOUR BIOPARQUE ESTRELLA\"}]},{\"@type\":\"WebSite\",\"@id\":\"https:\/\/holamexicotours.com\/#website\",\"url\":\"https:\/\/holamexicotours.com\/\",\"name\":\"https:\/\/holamexicotours.com\/\",\"description\":\"A trav\u00e9z de tus ojos, VIVE M\u00c9XICO.\",\"publisher\":{\"@id\":\"https:\/\/holamexicotours.com\/#\/schema\/person\/03a3eec8d68d2f43733875f848656cc2\"},\"potentialAction\":[{\"@type\":\"SearchAction\",\"target\":{\"@type\":\"EntryPoint\",\"urlTemplate\":\"https:\/\/holamexicotours.com\/?s={search_term_string}\"},\"query-input\":\"required name=search_term_string\"}],\"inLanguage\":\"es\"},{\"@type\":[\"Person\",\"Organization\"],\"@id\":\"https:\/\/holamexicotours.com\/#\/schema\/person\/03a3eec8d68d2f43733875f848656cc2\",\"name\":\"holamexicotours\",\"image\":{\"@type\":\"ImageObject\",\"inLanguage\":\"es\",\"@id\":\"https:\/\/holamexicotours.com\/#\/schema\/person\/image\/\",\"url\":\"https:\/\/holamexicotours.com\/wp-content\/uploads\/2025\/04\/cropped-LOGO-FINAL.png\",\"contentUrl\":\"https:\/\/holamexicotours.com\/wp-content\/uploads\/2025\/04\/cropped-LOGO-FINAL.png\",\"width\":1182,\"height\":778,\"caption\":\"holamexicotours\"},\"logo\":{\"@id\":\"https:\/\/holamexicotours.com\/#\/schema\/person\/image\/\"}}]}<\/script>\n<!-- \/ Yoast SEO plugin. -->","yoast_head_json":{"title":"TOUR BIOPARQUE ESTRELLA - HOLA MEXICO TOURS","robots":{"index":"index","follow":"follow","max-snippet":"max-snippet:-1","max-image-preview":"max-image-preview:large","max-video-preview":"max-video-preview:-1"},"canonical":"https:\/\/holamexicotours.com\/index.php\/tour-bioparque-estrella\/","og_locale":"es_MX","og_type":"article","og_title":"TOUR BIOPARQUE ESTRELLA - HOLA MEXICO TOURS","og_description":"Una aventura para toda la familia. Ubicado en el estado de M\u00e9xico, descubre el parque tem\u00e1tico con safari m\u00e1s grande del pa\u00eds, con una extensi\u00f3n de 300 hect\u00e1reas, brindan refugios&hellip;","og_url":"https:\/\/holamexicotours.com\/index.php\/tour-bioparque-estrella\/","og_site_name":"HOLA MEXICO TOURS","article_modified_time":"2026-03-26T21:08:35+00:00","og_image":[{"width":1640,"height":624,"url":"https:\/\/holamexicotours.com\/wp-content\/uploads\/2026\/03\/IMG-20260313-WA0026.jpg","type":"image\/jpeg"}],"twitter_card":"summary_large_image","twitter_misc":{"Tiempo de lectura":"3 minutos"},"schema":{"@context":"https:\/\/schema.org","@graph":[{"@type":"WebPage","@id":"https:\/\/holamexicotours.com\/index.php\/tour-bioparque-estrella\/","url":"https:\/\/holamexicotours.com\/index.php\/tour-bioparque-estrella\/","name":"TOUR BIOPARQUE ESTRELLA - HOLA MEXICO TOURS","isPartOf":{"@id":"https:\/\/holamexicotours.com\/#website"},"primaryImageOfPage":{"@id":"https:\/\/holamexicotours.com\/index.php\/tour-bioparque-estrella\/#primaryimage"},"image":{"@id":"https:\/\/holamexicotours.com\/index.php\/tour-bioparque-estrella\/#primaryimage"},"thumbnailUrl":"https:\/\/holamexicotours.com\/wp-content\/uploads\/2026\/03\/IMG-20260313-WA0026.jpg","datePublished":"2026-03-16T07:13:52+00:00","dateModified":"2026-03-26T21:08:35+00:00","breadcrumb":{"@id":"https:\/\/holamexicotours.com\/index.php\/tour-bioparque-estrella\/#breadcrumb"},"inLanguage":"es","potentialAction":[{"@type":"ReadAction","target":["https:\/\/holamexicotours.com\/index.php\/tour-bioparque-estrella\/"]}]},{"@type":"ImageObject","inLanguage":"es","@id":"https:\/\/holamexicotours.com\/index.php\/tour-bioparque-estrella\/#primaryimage","url":"https:\/\/holamexicotours.com\/wp-content\/uploads\/2026\/03\/IMG-20260313-WA0026.jpg","contentUrl":"https:\/\/holamexicotours.com\/wp-content\/uploads\/2026\/03\/IMG-20260313-WA0026.jpg","width":1640,"height":624},{"@type":"BreadcrumbList","@id":"https:\/\/holamexicotours.com\/index.php\/tour-bioparque-estrella\/#breadcrumb","itemListElement":[{"@type":"ListItem","position":1,"name":"Home","item":"https:\/\/holamexicotours.com\/"},{"@type":"ListItem","position":2,"name":"TOUR BIOPARQUE ESTRELLA"}]},{"@type":"WebSite","@id":"https:\/\/holamexicotours.com\/#website","url":"https:\/\/holamexicotours.com\/","name":"https:\/\/holamexicotours.com\/","description":"A trav\u00e9z de tus ojos, VIVE M\u00c9XICO.","publisher":{"@id":"https:\/\/holamexicotours.com\/#\/schema\/person\/03a3eec8d68d2f43733875f848656cc2"},"potentialAction":[{"@type":"SearchAction","target":{"@type":"EntryPoint","urlTemplate":"https:\/\/holamexicotours.com\/?s={search_term_string}"},"query-input":"required name=search_term_string"}],"inLanguage":"es"},{"@type":["Person","Organization"],"@id":"https:\/\/holamexicotours.com\/#\/schema\/person\/03a3eec8d68d2f43733875f848656cc2","name":"holamexicotours","image":{"@type":"ImageObject","inLanguage":"es","@id":"https:\/\/holamexicotours.com\/#\/schema\/person\/image\/","url":"https:\/\/holamexicotours.com\/wp-content\/uploads\/2025\/04\/cropped-LOGO-FINAL.png","contentUrl":"https:\/\/holamexicotours.com\/wp-content\/uploads\/2025\/04\/cropped-LOGO-FINAL.png","width":1182,"height":778,"caption":"holamexicotours"},"logo":{"@id":"https:\/\/holamexicotours.com\/#\/schema\/person\/image\/"}}]}},"_links":{"self":[{"href":"https:\/\/holamexicotours.com\/index.php\/wp-json\/wp\/v2\/pages\/5225","targetHints":{"allow":["GET"]}}],"collection":[{"href":"https:\/\/holamexicotours.com\/index.php\/wp-json\/wp\/v2\/pages"}],"about":[{"href":"https:\/\/holamexicotours.com\/index.php\/wp-json\/wp\/v2\/types\/page"}],"author":[{"embeddable":true,"href":"https:\/\/holamexicotours.com\/index.php\/wp-json\/wp\/v2\/users\/2"}],"replies":[{"embeddable":true,"href":"https:\/\/holamexicotours.com\/index.php\/wp-json\/wp\/v2\/comments?post=5225"}],"version-history":[{"count":9,"href":"https:\/\/holamexicotours.com\/index.php\/wp-json\/wp\/v2\/pages\/5225\/revisions"}],"predecessor-version":[{"id":5308,"href":"https:\/\/holamexicotours.com\/index.php\/wp-json\/wp\/v2\/pages\/5225\/revisions\/5308"}],"wp:featuredmedia":[{"embeddable":true,"href":"https:\/\/holamexicotours.com\/index.php\/wp-json\/wp\/v2\/media\/5231"}],"wp:attachment":[{"href":"https:\/\/holamexicotours.com\/index.php\/wp-json\/wp\/v2\/media?parent=5225"}],"curies":[{"name":"wp","href":"https:\/\/api.w.org\/{rel}","templated":true}]}}