{"id":4606,"date":"2025-11-12T01:04:45","date_gmt":"2025-11-12T01:04:45","guid":{"rendered":"https:\/\/holamexicotours.com\/?page_id=4606"},"modified":"2025-11-12T01:36:07","modified_gmt":"2025-11-12T01:36:07","slug":"real-de-catorce","status":"publish","type":"page","link":"https:\/\/holamexicotours.com\/index.php\/real-de-catorce\/","title":{"rendered":"REAL DE CATORCE"},"content":{"rendered":"\n<p><strong>El Pueblo M\u00e1gico de\u00a0Real de Catorce\u00a0es un viejo real de minas<\/strong>, ubicado en la regi\u00f3n del Altiplano, fundado alrededor de 1778 y que alcanz\u00f3 su \u00e9poca de mayor esplendor a finales del siglo XVIII. En nuestros d\u00edas est\u00e1 convertido en <strong>uno de los mayores atractivos tur\u00edsticos de San Luis Potos\u00ed.<\/strong><\/p>\n\n\n\n<h2 class=\"wp-block-heading has-text-align-center\"><strong>ITINERARIO DEL VIAJE<\/strong><\/h2>\n\n\n\n<figure class=\"wp-block-image alignfull size-large\"><img loading=\"lazy\" decoding=\"async\" width=\"828\" height=\"1024\" src=\"https:\/\/holamexicotours.com\/wp-content\/uploads\/2025\/11\/01.REAL-DEL-CATORCE-828x1024.jpg\" alt=\"\" class=\"wp-image-4629\" srcset=\"https:\/\/holamexicotours.com\/wp-content\/uploads\/2025\/11\/01.REAL-DEL-CATORCE-828x1024.jpg 828w, https:\/\/holamexicotours.com\/wp-content\/uploads\/2025\/11\/01.REAL-DEL-CATORCE-243x300.jpg 243w, https:\/\/holamexicotours.com\/wp-content\/uploads\/2025\/11\/01.REAL-DEL-CATORCE-768x949.jpg 768w, https:\/\/holamexicotours.com\/wp-content\/uploads\/2025\/11\/01.REAL-DEL-CATORCE.jpg 1084w\" sizes=\"auto, (max-width: 828px) 100vw, 828px\" \/><\/figure>\n\n\n\n<figure class=\"wp-block-image alignfull size-large\"><img loading=\"lazy\" decoding=\"async\" width=\"825\" height=\"1024\" src=\"https:\/\/holamexicotours.com\/wp-content\/uploads\/2025\/11\/02.REAL-DEL-CATORCE-825x1024.jpg\" alt=\"\" class=\"wp-image-4630\" srcset=\"https:\/\/holamexicotours.com\/wp-content\/uploads\/2025\/11\/02.REAL-DEL-CATORCE-825x1024.jpg 825w, https:\/\/holamexicotours.com\/wp-content\/uploads\/2025\/11\/02.REAL-DEL-CATORCE-242x300.jpg 242w, https:\/\/holamexicotours.com\/wp-content\/uploads\/2025\/11\/02.REAL-DEL-CATORCE-768x954.jpg 768w, https:\/\/holamexicotours.com\/wp-content\/uploads\/2025\/11\/02.REAL-DEL-CATORCE.jpg 1080w\" sizes=\"auto, (max-width: 825px) 100vw, 825px\" \/><\/figure>\n\n\n\n<figure class=\"wp-block-image alignfull size-large\"><img loading=\"lazy\" decoding=\"async\" width=\"827\" height=\"1024\" src=\"https:\/\/holamexicotours.com\/wp-content\/uploads\/2025\/11\/03.REAL-DEL-CATORCE-827x1024.jpg\" alt=\"\" class=\"wp-image-4631\" srcset=\"https:\/\/holamexicotours.com\/wp-content\/uploads\/2025\/11\/03.REAL-DEL-CATORCE-827x1024.jpg 827w, https:\/\/holamexicotours.com\/wp-content\/uploads\/2025\/11\/03.REAL-DEL-CATORCE-242x300.jpg 242w, https:\/\/holamexicotours.com\/wp-content\/uploads\/2025\/11\/03.REAL-DEL-CATORCE-768x951.jpg 768w, https:\/\/holamexicotours.com\/wp-content\/uploads\/2025\/11\/03.REAL-DEL-CATORCE.jpg 1082w\" sizes=\"auto, (max-width: 827px) 100vw, 827px\" \/><\/figure>\n\n\n\n<h2 class=\"wp-block-heading has-text-align-center\">&#8220;<strong>CONOCE MAS Y VIVE ESTA EXPERIENCIA<\/strong>&#8220;<\/h2>\n\n\n\n<p class=\"has-black-color has-text-color has-link-color wp-elements-73f30f95e4593105dd2d49b30944b630\"><strong>Real de Catorce es un Pueblo M\u00e1gico <\/strong>en el altiplano de San Luis Potos\u00ed, M\u00e9xico. Para llegar, tienes que <strong>cruzar el T\u00fanel de Ogarrio<\/strong>, extraordinaria obra de ingenier\u00eda de 2.3 kil\u00f3metros, perforado a trav\u00e9s de la roca maciza, el cual desemboca en el pueblo.<\/p>\n\n\n\n<p><strong>Como una leyenda viviente<\/strong>, Real de Catorce es donde en anta\u00f1o existi\u00f3 un pueblo de piedra, desbordante de plata, capaz de hacer un largo t\u00fanel como ostentaci\u00f3n de poder. Tambi\u00e9n otro de culto, saqueado por la bola, <strong>casi fantasmal, con perros salvajes y ancianos que aguardaban la muerte.<\/strong><\/p>\n\n\n\n<figure class=\"wp-block-image alignfull size-large\"><img loading=\"lazy\" decoding=\"async\" width=\"838\" height=\"1024\" src=\"https:\/\/holamexicotours.com\/wp-content\/uploads\/2025\/11\/REALD-EL-14-838x1024.jpg\" alt=\"\" class=\"wp-image-4635\" srcset=\"https:\/\/holamexicotours.com\/wp-content\/uploads\/2025\/11\/REALD-EL-14-838x1024.jpg 838w, https:\/\/holamexicotours.com\/wp-content\/uploads\/2025\/11\/REALD-EL-14-246x300.jpg 246w, https:\/\/holamexicotours.com\/wp-content\/uploads\/2025\/11\/REALD-EL-14-768x938.jpg 768w, https:\/\/holamexicotours.com\/wp-content\/uploads\/2025\/11\/REALD-EL-14.jpg 1082w\" sizes=\"auto, (max-width: 838px) 100vw, 838px\" \/><\/figure>\n\n\n\n<p><strong>Hay varias teor\u00edas sobre el nombre de Real de Catorce.<\/strong> Una de ellas habla de una banda de ladrones que robaba en los caminos del lugar; al ser aprehendidos y ejecutados sumaron 14 y de ah\u00ed surgi\u00f3 el nombre.Despu\u00e9s de conocer este espacio, visita la casona que sirvi\u00f3 como <strong>Casa de Moneda de 1865<\/strong> a 1866. A unos cuantos pasos de ah\u00ed encontrar\u00e1s el <strong>Palacio Municipal<\/strong>, con su sal\u00f3n de cabildos levantado en el siglo XIX. Tambi\u00e9n resulta interesante el <strong>Palenque de Gallos<\/strong>, con asientos labrados en piedra, el cual evoca los teatros del mundo griego.<\/p>\n\n\n\n<figure class=\"wp-block-image alignfull size-large\"><img loading=\"lazy\" decoding=\"async\" width=\"819\" height=\"1024\" src=\"https:\/\/holamexicotours.com\/wp-content\/uploads\/2025\/11\/FB_IMG_1658541715649-819x1024.jpg\" alt=\"\" class=\"wp-image-4637\" srcset=\"https:\/\/holamexicotours.com\/wp-content\/uploads\/2025\/11\/FB_IMG_1658541715649-819x1024.jpg 819w, https:\/\/holamexicotours.com\/wp-content\/uploads\/2025\/11\/FB_IMG_1658541715649-240x300.jpg 240w, https:\/\/holamexicotours.com\/wp-content\/uploads\/2025\/11\/FB_IMG_1658541715649-768x960.jpg 768w, https:\/\/holamexicotours.com\/wp-content\/uploads\/2025\/11\/FB_IMG_1658541715649.jpg 1080w\" sizes=\"auto, (max-width: 819px) 100vw, 819px\" \/><\/figure>\n\n\n\n<p>Cerca de ah\u00ed se pueden observar los restos de lo que fue la <strong>Plaza de Toros y los frontones<\/strong> (o rebotes). En estos lugares podr\u00e1s tomarte incre\u00edbles postales que seguramente compartir\u00e1s en tus redes sociales.<\/p>\n\n\n\n<p><strong>Pero sin duda, una de las aventuras que tienes que vivir<\/strong> en Real de Catorce es la exploraci\u00f3n de sus alrededores a lomo de caballo o en los f<strong>amosos Willys (veh\u00edculos todoterreno, antecedentes del Jeep), <\/strong>que puedes rentar en el pueblo y que te permitir\u00e1 recorrer brechas y caminos agrestes, surcando planicies semides\u00e9rticas y elevaciones que rozan los 3 mil metros de altura <strong>para descubrir peque\u00f1as localidades y parajes llenos de historia, leyenda y tradici\u00f3n.<\/strong><\/p>\n\n\n\n<figure class=\"wp-block-image size-large\"><img loading=\"lazy\" decoding=\"async\" width=\"819\" height=\"1024\" src=\"https:\/\/holamexicotours.com\/wp-content\/uploads\/2025\/11\/FB_IMG_1658545959577-819x1024.jpg\" alt=\"\" class=\"wp-image-4639\" srcset=\"https:\/\/holamexicotours.com\/wp-content\/uploads\/2025\/11\/FB_IMG_1658545959577-819x1024.jpg 819w, https:\/\/holamexicotours.com\/wp-content\/uploads\/2025\/11\/FB_IMG_1658545959577-240x300.jpg 240w, https:\/\/holamexicotours.com\/wp-content\/uploads\/2025\/11\/FB_IMG_1658545959577-768x960.jpg 768w, https:\/\/holamexicotours.com\/wp-content\/uploads\/2025\/11\/FB_IMG_1658545959577-1229x1536.jpg 1229w, https:\/\/holamexicotours.com\/wp-content\/uploads\/2025\/11\/FB_IMG_1658545959577.jpg 1440w\" sizes=\"auto, (max-width: 819px) 100vw, 819px\" \/><\/figure>\n\n\n\n<p><\/p>\n\n\n\n<figure class=\"wp-block-image alignfull size-full\"><a href=\"https:\/\/holamexicotours.com\/index.php\/reserva-tu-viaje-con-la-agencia-de-viaje-de-tu-preferencia\/\"><img loading=\"lazy\" decoding=\"async\" width=\"687\" height=\"367\" src=\"https:\/\/holamexicotours.com\/wp-content\/uploads\/2024\/08\/RESERVA-TU-VIAJE-AQUI.jpg\" alt=\"\" class=\"wp-image-1942\"\/><\/a><\/figure>\n","protected":false},"excerpt":{"rendered":"<p>El Pueblo M\u00e1gico de\u00a0Real de Catorce\u00a0es un viejo real de minas, ubicado en la regi\u00f3n del Altiplano, fundado alrededor de 1778 y que alcanz\u00f3 su \u00e9poca de mayor esplendor a&hellip; <\/p>\n","protected":false},"author":2,"featured_media":4633,"parent":0,"menu_order":0,"comment_status":"closed","ping_status":"closed","template":"","meta":{"footnotes":""},"class_list":["post-4606","page","type-page","status-publish","has-post-thumbnail","hentry"],"yoast_head":"<!-- This site is optimized with the Yoast SEO plugin v23.3 - https:\/\/yoast.com\/wordpress\/plugins\/seo\/ -->\n<title>REAL DE CATORCE - HOLA MEXICO TOURS<\/title>\n<meta name=\"robots\" content=\"index, follow, max-snippet:-1, max-image-preview:large, max-video-preview:-1\" \/>\n<link rel=\"canonical\" href=\"https:\/\/holamexicotours.com\/index.php\/real-de-catorce\/\" \/>\n<meta property=\"og:locale\" content=\"es_MX\" \/>\n<meta property=\"og:type\" content=\"article\" \/>\n<meta property=\"og:title\" content=\"REAL DE CATORCE - HOLA MEXICO TOURS\" \/>\n<meta property=\"og:description\" content=\"El Pueblo M\u00e1gico de\u00a0Real de Catorce\u00a0es un viejo real de minas, ubicado en la regi\u00f3n del Altiplano, fundado alrededor de 1778 y que alcanz\u00f3 su \u00e9poca de mayor esplendor a&hellip;\" \/>\n<meta property=\"og:url\" content=\"https:\/\/holamexicotours.com\/index.php\/real-de-catorce\/\" \/>\n<meta property=\"og:site_name\" content=\"HOLA MEXICO TOURS\" \/>\n<meta property=\"article:modified_time\" content=\"2025-11-12T01:36:07+00:00\" \/>\n<meta property=\"og:image\" content=\"https:\/\/holamexicotours.com\/wp-content\/uploads\/2025\/11\/images-4.jpeg\" \/>\n\t<meta property=\"og:image:width\" content=\"640\" \/>\n\t<meta property=\"og:image:height\" content=\"302\" \/>\n\t<meta property=\"og:image:type\" content=\"image\/jpeg\" \/>\n<meta name=\"twitter:card\" content=\"summary_large_image\" \/>\n<meta name=\"twitter:label1\" content=\"Tiempo de lectura\" \/>\n\t<meta name=\"twitter:data1\" content=\"4 minutos\" \/>\n<script type=\"application\/ld+json\" class=\"yoast-schema-graph\">{\"@context\":\"https:\/\/schema.org\",\"@graph\":[{\"@type\":\"WebPage\",\"@id\":\"https:\/\/holamexicotours.com\/index.php\/real-de-catorce\/\",\"url\":\"https:\/\/holamexicotours.com\/index.php\/real-de-catorce\/\",\"name\":\"REAL DE CATORCE - HOLA MEXICO TOURS\",\"isPartOf\":{\"@id\":\"https:\/\/holamexicotours.com\/#website\"},\"primaryImageOfPage\":{\"@id\":\"https:\/\/holamexicotours.com\/index.php\/real-de-catorce\/#primaryimage\"},\"image\":{\"@id\":\"https:\/\/holamexicotours.com\/index.php\/real-de-catorce\/#primaryimage\"},\"thumbnailUrl\":\"https:\/\/holamexicotours.com\/wp-content\/uploads\/2025\/11\/images-4.jpeg\",\"datePublished\":\"2025-11-12T01:04:45+00:00\",\"dateModified\":\"2025-11-12T01:36:07+00:00\",\"breadcrumb\":{\"@id\":\"https:\/\/holamexicotours.com\/index.php\/real-de-catorce\/#breadcrumb\"},\"inLanguage\":\"es\",\"potentialAction\":[{\"@type\":\"ReadAction\",\"target\":[\"https:\/\/holamexicotours.com\/index.php\/real-de-catorce\/\"]}]},{\"@type\":\"ImageObject\",\"inLanguage\":\"es\",\"@id\":\"https:\/\/holamexicotours.com\/index.php\/real-de-catorce\/#primaryimage\",\"url\":\"https:\/\/holamexicotours.com\/wp-content\/uploads\/2025\/11\/images-4.jpeg\",\"contentUrl\":\"https:\/\/holamexicotours.com\/wp-content\/uploads\/2025\/11\/images-4.jpeg\",\"width\":640,\"height\":302},{\"@type\":\"BreadcrumbList\",\"@id\":\"https:\/\/holamexicotours.com\/index.php\/real-de-catorce\/#breadcrumb\",\"itemListElement\":[{\"@type\":\"ListItem\",\"position\":1,\"name\":\"Home\",\"item\":\"https:\/\/holamexicotours.com\/\"},{\"@type\":\"ListItem\",\"position\":2,\"name\":\"REAL DE CATORCE\"}]},{\"@type\":\"WebSite\",\"@id\":\"https:\/\/holamexicotours.com\/#website\",\"url\":\"https:\/\/holamexicotours.com\/\",\"name\":\"https:\/\/holamexicotours.com\/\",\"description\":\"A trav\u00e9z de tus ojos, VIVE M\u00c9XICO.\",\"publisher\":{\"@id\":\"https:\/\/holamexicotours.com\/#\/schema\/person\/03a3eec8d68d2f43733875f848656cc2\"},\"potentialAction\":[{\"@type\":\"SearchAction\",\"target\":{\"@type\":\"EntryPoint\",\"urlTemplate\":\"https:\/\/holamexicotours.com\/?s={search_term_string}\"},\"query-input\":\"required name=search_term_string\"}],\"inLanguage\":\"es\"},{\"@type\":[\"Person\",\"Organization\"],\"@id\":\"https:\/\/holamexicotours.com\/#\/schema\/person\/03a3eec8d68d2f43733875f848656cc2\",\"name\":\"holamexicotours\",\"image\":{\"@type\":\"ImageObject\",\"inLanguage\":\"es\",\"@id\":\"https:\/\/holamexicotours.com\/#\/schema\/person\/image\/\",\"url\":\"https:\/\/holamexicotours.com\/wp-content\/uploads\/2025\/04\/cropped-LOGO-FINAL.png\",\"contentUrl\":\"https:\/\/holamexicotours.com\/wp-content\/uploads\/2025\/04\/cropped-LOGO-FINAL.png\",\"width\":1182,\"height\":778,\"caption\":\"holamexicotours\"},\"logo\":{\"@id\":\"https:\/\/holamexicotours.com\/#\/schema\/person\/image\/\"}}]}<\/script>\n<!-- \/ Yoast SEO plugin. -->","yoast_head_json":{"title":"REAL DE CATORCE - HOLA MEXICO TOURS","robots":{"index":"index","follow":"follow","max-snippet":"max-snippet:-1","max-image-preview":"max-image-preview:large","max-video-preview":"max-video-preview:-1"},"canonical":"https:\/\/holamexicotours.com\/index.php\/real-de-catorce\/","og_locale":"es_MX","og_type":"article","og_title":"REAL DE CATORCE - HOLA MEXICO TOURS","og_description":"El Pueblo M\u00e1gico de\u00a0Real de Catorce\u00a0es un viejo real de minas, ubicado en la regi\u00f3n del Altiplano, fundado alrededor de 1778 y que alcanz\u00f3 su \u00e9poca de mayor esplendor a&hellip;","og_url":"https:\/\/holamexicotours.com\/index.php\/real-de-catorce\/","og_site_name":"HOLA MEXICO TOURS","article_modified_time":"2025-11-12T01:36:07+00:00","og_image":[{"width":640,"height":302,"url":"https:\/\/holamexicotours.com\/wp-content\/uploads\/2025\/11\/images-4.jpeg","type":"image\/jpeg"}],"twitter_card":"summary_large_image","twitter_misc":{"Tiempo de lectura":"4 minutos"},"schema":{"@context":"https:\/\/schema.org","@graph":[{"@type":"WebPage","@id":"https:\/\/holamexicotours.com\/index.php\/real-de-catorce\/","url":"https:\/\/holamexicotours.com\/index.php\/real-de-catorce\/","name":"REAL DE CATORCE - HOLA MEXICO TOURS","isPartOf":{"@id":"https:\/\/holamexicotours.com\/#website"},"primaryImageOfPage":{"@id":"https:\/\/holamexicotours.com\/index.php\/real-de-catorce\/#primaryimage"},"image":{"@id":"https:\/\/holamexicotours.com\/index.php\/real-de-catorce\/#primaryimage"},"thumbnailUrl":"https:\/\/holamexicotours.com\/wp-content\/uploads\/2025\/11\/images-4.jpeg","datePublished":"2025-11-12T01:04:45+00:00","dateModified":"2025-11-12T01:36:07+00:00","breadcrumb":{"@id":"https:\/\/holamexicotours.com\/index.php\/real-de-catorce\/#breadcrumb"},"inLanguage":"es","potentialAction":[{"@type":"ReadAction","target":["https:\/\/holamexicotours.com\/index.php\/real-de-catorce\/"]}]},{"@type":"ImageObject","inLanguage":"es","@id":"https:\/\/holamexicotours.com\/index.php\/real-de-catorce\/#primaryimage","url":"https:\/\/holamexicotours.com\/wp-content\/uploads\/2025\/11\/images-4.jpeg","contentUrl":"https:\/\/holamexicotours.com\/wp-content\/uploads\/2025\/11\/images-4.jpeg","width":640,"height":302},{"@type":"BreadcrumbList","@id":"https:\/\/holamexicotours.com\/index.php\/real-de-catorce\/#breadcrumb","itemListElement":[{"@type":"ListItem","position":1,"name":"Home","item":"https:\/\/holamexicotours.com\/"},{"@type":"ListItem","position":2,"name":"REAL DE CATORCE"}]},{"@type":"WebSite","@id":"https:\/\/holamexicotours.com\/#website","url":"https:\/\/holamexicotours.com\/","name":"https:\/\/holamexicotours.com\/","description":"A trav\u00e9z de tus ojos, VIVE M\u00c9XICO.","publisher":{"@id":"https:\/\/holamexicotours.com\/#\/schema\/person\/03a3eec8d68d2f43733875f848656cc2"},"potentialAction":[{"@type":"SearchAction","target":{"@type":"EntryPoint","urlTemplate":"https:\/\/holamexicotours.com\/?s={search_term_string}"},"query-input":"required name=search_term_string"}],"inLanguage":"es"},{"@type":["Person","Organization"],"@id":"https:\/\/holamexicotours.com\/#\/schema\/person\/03a3eec8d68d2f43733875f848656cc2","name":"holamexicotours","image":{"@type":"ImageObject","inLanguage":"es","@id":"https:\/\/holamexicotours.com\/#\/schema\/person\/image\/","url":"https:\/\/holamexicotours.com\/wp-content\/uploads\/2025\/04\/cropped-LOGO-FINAL.png","contentUrl":"https:\/\/holamexicotours.com\/wp-content\/uploads\/2025\/04\/cropped-LOGO-FINAL.png","width":1182,"height":778,"caption":"holamexicotours"},"logo":{"@id":"https:\/\/holamexicotours.com\/#\/schema\/person\/image\/"}}]}},"_links":{"self":[{"href":"https:\/\/holamexicotours.com\/index.php\/wp-json\/wp\/v2\/pages\/4606","targetHints":{"allow":["GET"]}}],"collection":[{"href":"https:\/\/holamexicotours.com\/index.php\/wp-json\/wp\/v2\/pages"}],"about":[{"href":"https:\/\/holamexicotours.com\/index.php\/wp-json\/wp\/v2\/types\/page"}],"author":[{"embeddable":true,"href":"https:\/\/holamexicotours.com\/index.php\/wp-json\/wp\/v2\/users\/2"}],"replies":[{"embeddable":true,"href":"https:\/\/holamexicotours.com\/index.php\/wp-json\/wp\/v2\/comments?post=4606"}],"version-history":[{"count":10,"href":"https:\/\/holamexicotours.com\/index.php\/wp-json\/wp\/v2\/pages\/4606\/revisions"}],"predecessor-version":[{"id":4640,"href":"https:\/\/holamexicotours.com\/index.php\/wp-json\/wp\/v2\/pages\/4606\/revisions\/4640"}],"wp:featuredmedia":[{"embeddable":true,"href":"https:\/\/holamexicotours.com\/index.php\/wp-json\/wp\/v2\/media\/4633"}],"wp:attachment":[{"href":"https:\/\/holamexicotours.com\/index.php\/wp-json\/wp\/v2\/media?parent=4606"}],"curies":[{"name":"wp","href":"https:\/\/api.w.org\/{rel}","templated":true}]}}