{"id":4113,"date":"2025-08-19T00:36:47","date_gmt":"2025-08-19T00:36:47","guid":{"rendered":"https:\/\/holamexicotours.com\/?page_id=4113"},"modified":"2025-11-15T00:16:42","modified_gmt":"2025-11-15T00:16:42","slug":"manantial-media-luna","status":"publish","type":"page","link":"https:\/\/holamexicotours.com\/index.php\/manantial-media-luna\/","title":{"rendered":"MANANTIAL MEDIA LUNA"},"content":{"rendered":"\n<p><strong>Un fant\u00e1stico parque donde inicia la huasteca Potosina<\/strong>, donde podr\u00e1s nadar, hacer snorkel, rentar una lancha y relajarte en sus aguas cristalinas y templadas.<\/p>\n\n\n\n<h2 class=\"wp-block-heading has-text-align-center\"><strong>ITINERARIO DEL VIAJE<\/strong><\/h2>\n\n\n\n<figure class=\"wp-block-image alignwide size-large\"><img loading=\"lazy\" decoding=\"async\" width=\"828\" height=\"1024\" src=\"https:\/\/holamexicotours.com\/wp-content\/uploads\/2025\/11\/GUIA-MEDIA-LUNA-2026-828x1024.jpg\" alt=\"\" class=\"wp-image-4735\" srcset=\"https:\/\/holamexicotours.com\/wp-content\/uploads\/2025\/11\/GUIA-MEDIA-LUNA-2026-828x1024.jpg 828w, https:\/\/holamexicotours.com\/wp-content\/uploads\/2025\/11\/GUIA-MEDIA-LUNA-2026-243x300.jpg 243w, https:\/\/holamexicotours.com\/wp-content\/uploads\/2025\/11\/GUIA-MEDIA-LUNA-2026-768x949.jpg 768w, https:\/\/holamexicotours.com\/wp-content\/uploads\/2025\/11\/GUIA-MEDIA-LUNA-2026.jpg 1084w\" sizes=\"auto, (max-width: 828px) 100vw, 828px\" \/><\/figure>\n\n\n\n<figure class=\"wp-block-image alignfull size-large\"><img loading=\"lazy\" decoding=\"async\" width=\"825\" height=\"1024\" src=\"https:\/\/holamexicotours.com\/wp-content\/uploads\/2025\/10\/02.GUIA-DE-VIAJE-MEDIA-LUNA-825x1024.jpg\" alt=\"\" class=\"wp-image-4417\" srcset=\"https:\/\/holamexicotours.com\/wp-content\/uploads\/2025\/10\/02.GUIA-DE-VIAJE-MEDIA-LUNA-825x1024.jpg 825w, https:\/\/holamexicotours.com\/wp-content\/uploads\/2025\/10\/02.GUIA-DE-VIAJE-MEDIA-LUNA-242x300.jpg 242w, https:\/\/holamexicotours.com\/wp-content\/uploads\/2025\/10\/02.GUIA-DE-VIAJE-MEDIA-LUNA-768x954.jpg 768w, https:\/\/holamexicotours.com\/wp-content\/uploads\/2025\/10\/02.GUIA-DE-VIAJE-MEDIA-LUNA.jpg 1080w\" sizes=\"auto, (max-width: 825px) 100vw, 825px\" \/><\/figure>\n\n\n\n<figure class=\"wp-block-image alignfull size-large\"><img loading=\"lazy\" decoding=\"async\" width=\"826\" height=\"1024\" src=\"https:\/\/holamexicotours.com\/wp-content\/uploads\/2025\/10\/03.GUIA-DE-VIAJE-MEDIA-LUNA-826x1024.jpg\" alt=\"\" class=\"wp-image-4419\" srcset=\"https:\/\/holamexicotours.com\/wp-content\/uploads\/2025\/10\/03.GUIA-DE-VIAJE-MEDIA-LUNA-826x1024.jpg 826w, https:\/\/holamexicotours.com\/wp-content\/uploads\/2025\/10\/03.GUIA-DE-VIAJE-MEDIA-LUNA-242x300.jpg 242w, https:\/\/holamexicotours.com\/wp-content\/uploads\/2025\/10\/03.GUIA-DE-VIAJE-MEDIA-LUNA-768x952.jpg 768w, https:\/\/holamexicotours.com\/wp-content\/uploads\/2025\/10\/03.GUIA-DE-VIAJE-MEDIA-LUNA.jpg 1082w\" sizes=\"auto, (max-width: 826px) 100vw, 826px\" \/><\/figure>\n\n\n\n<h2 class=\"wp-block-heading has-text-align-center\">&#8220;<strong>CONOCE MAS Y VIVE ESTA EXPERIENCIA<\/strong>&#8220;<\/h2>\n\n\n\n<p><strong>En el vecino estado de San Luis Potos\u00ed <\/strong>conoceremos el manantial de <strong>Media luna<\/strong>, donde la naturaleza te abraza. Ubicado en el poblado de R\u00edo Verde, encontraras uno de los pozos de agua m\u00e1s importantes de la regi\u00f3n con <strong>fauna y flora incre\u00edbles y aguas de diversos colores.<\/strong><\/p>\n\n\n\n<figure class=\"wp-block-image alignwide size-full\"><img loading=\"lazy\" decoding=\"async\" width=\"678\" height=\"452\" src=\"https:\/\/holamexicotours.com\/wp-content\/uploads\/2025\/08\/FB_IMG_1755495363186.jpg\" alt=\"\" class=\"wp-image-4122\" srcset=\"https:\/\/holamexicotours.com\/wp-content\/uploads\/2025\/08\/FB_IMG_1755495363186.jpg 678w, https:\/\/holamexicotours.com\/wp-content\/uploads\/2025\/08\/FB_IMG_1755495363186-300x200.jpg 300w\" sizes=\"auto, (max-width: 678px) 100vw, 678px\" \/><\/figure>\n\n\n\n<p><strong>Las aguas son perfectas para divertirse y relajarse en familia o con amigos<\/strong>, aventurarse en sus profundidades o relajarse en alguno de los brazos de la laguna con menor profundidad.<\/p>\n\n\n\n<figure class=\"wp-block-image alignwide size-full\"><img loading=\"lazy\" decoding=\"async\" width=\"696\" height=\"423\" src=\"https:\/\/holamexicotours.com\/wp-content\/uploads\/2025\/08\/images.jpeg\" alt=\"\" class=\"wp-image-4123\" srcset=\"https:\/\/holamexicotours.com\/wp-content\/uploads\/2025\/08\/images.jpeg 696w, https:\/\/holamexicotours.com\/wp-content\/uploads\/2025\/08\/images-300x182.jpeg 300w\" sizes=\"auto, (max-width: 696px) 100vw, 696px\" \/><\/figure>\n\n\n\n<p>Durante las exploraciones iniciales se descubrieron ofrendas pertenecientes a la cultura de la Manzanilla y adem\u00e1s de las <strong>reliquias prehisp\u00e1nicas se han encontrado restos de Mamut, siendo de gran inter\u00e9s cultural y cient\u00edfico.<\/strong><\/p>\n\n\n\n<figure class=\"wp-block-image alignwide size-large\"><img loading=\"lazy\" decoding=\"async\" width=\"1024\" height=\"768\" src=\"https:\/\/holamexicotours.com\/wp-content\/uploads\/2025\/08\/FB_IMG_1649379864449-1024x768.jpg\" alt=\"\" class=\"wp-image-4124\" srcset=\"https:\/\/holamexicotours.com\/wp-content\/uploads\/2025\/08\/FB_IMG_1649379864449-1024x768.jpg 1024w, https:\/\/holamexicotours.com\/wp-content\/uploads\/2025\/08\/FB_IMG_1649379864449-300x225.jpg 300w, https:\/\/holamexicotours.com\/wp-content\/uploads\/2025\/08\/FB_IMG_1649379864449-768x576.jpg 768w, https:\/\/holamexicotours.com\/wp-content\/uploads\/2025\/08\/FB_IMG_1649379864449-1536x1152.jpg 1536w, https:\/\/holamexicotours.com\/wp-content\/uploads\/2025\/08\/FB_IMG_1649379864449.jpg 2016w\" sizes=\"auto, (max-width: 1024px) 100vw, 1024px\" \/><\/figure>\n\n\n\n<p>Tambi\u00e9n la zona cuenta con gran diversidad de flora y fauna, lo que la convierte en <strong>\u00c1rea Natural Protegida. <\/strong>Aqu\u00ed podr\u00e1s encontrar gran variedad de peces, tortugas de agua dulce y el pato buzo.<\/p>\n\n\n\n<figure class=\"wp-block-image alignfull size-full\"><a href=\"https:\/\/holamexicotours.com\/index.php\/reserva-tu-viaje-con-la-agencia-de-viaje-de-tu-preferencia\/\"><img loading=\"lazy\" decoding=\"async\" width=\"687\" height=\"367\" src=\"https:\/\/holamexicotours.com\/wp-content\/uploads\/2024\/08\/RESERVA-TU-VIAJE-AQUI.jpg\" alt=\"\" class=\"wp-image-1942\"\/><\/a><\/figure>\n","protected":false},"excerpt":{"rendered":"<p>Un fant\u00e1stico parque donde inicia la huasteca Potosina, donde podr\u00e1s nadar, hacer snorkel, rentar una lancha y relajarte en sus aguas cristalinas y templadas. ITINERARIO DEL VIAJE &#8220;CONOCE MAS Y&hellip; <\/p>\n","protected":false},"author":2,"featured_media":4739,"parent":0,"menu_order":0,"comment_status":"closed","ping_status":"closed","template":"","meta":{"footnotes":""},"class_list":["post-4113","page","type-page","status-publish","has-post-thumbnail","hentry"],"yoast_head":"<!-- This site is optimized with the Yoast SEO plugin v23.3 - https:\/\/yoast.com\/wordpress\/plugins\/seo\/ -->\n<title>MANANTIAL MEDIA LUNA - HOLA MEXICO TOURS<\/title>\n<meta name=\"robots\" content=\"index, follow, max-snippet:-1, max-image-preview:large, max-video-preview:-1\" \/>\n<link rel=\"canonical\" href=\"https:\/\/holamexicotours.com\/index.php\/manantial-media-luna\/\" \/>\n<meta property=\"og:locale\" content=\"es_MX\" \/>\n<meta property=\"og:type\" content=\"article\" \/>\n<meta property=\"og:title\" content=\"MANANTIAL MEDIA LUNA - HOLA MEXICO TOURS\" \/>\n<meta property=\"og:description\" content=\"Un fant\u00e1stico parque donde inicia la huasteca Potosina, donde podr\u00e1s nadar, hacer snorkel, rentar una lancha y relajarte en sus aguas cristalinas y templadas. ITINERARIO DEL VIAJE &#8220;CONOCE MAS Y&hellip;\" \/>\n<meta property=\"og:url\" content=\"https:\/\/holamexicotours.com\/index.php\/manantial-media-luna\/\" \/>\n<meta property=\"og:site_name\" content=\"HOLA MEXICO TOURS\" \/>\n<meta property=\"article:modified_time\" content=\"2025-11-15T00:16:42+00:00\" \/>\n<meta property=\"og:image\" content=\"https:\/\/holamexicotours.com\/wp-content\/uploads\/2025\/11\/images-1.jpeg\" \/>\n\t<meta property=\"og:image:width\" content=\"384\" \/>\n\t<meta property=\"og:image:height\" content=\"265\" \/>\n\t<meta property=\"og:image:type\" content=\"image\/jpeg\" \/>\n<meta name=\"twitter:card\" content=\"summary_large_image\" \/>\n<meta name=\"twitter:label1\" content=\"Tiempo de lectura\" \/>\n\t<meta name=\"twitter:data1\" content=\"3 minutos\" \/>\n<script type=\"application\/ld+json\" class=\"yoast-schema-graph\">{\"@context\":\"https:\/\/schema.org\",\"@graph\":[{\"@type\":\"WebPage\",\"@id\":\"https:\/\/holamexicotours.com\/index.php\/manantial-media-luna\/\",\"url\":\"https:\/\/holamexicotours.com\/index.php\/manantial-media-luna\/\",\"name\":\"MANANTIAL MEDIA LUNA - HOLA MEXICO TOURS\",\"isPartOf\":{\"@id\":\"https:\/\/holamexicotours.com\/#website\"},\"primaryImageOfPage\":{\"@id\":\"https:\/\/holamexicotours.com\/index.php\/manantial-media-luna\/#primaryimage\"},\"image\":{\"@id\":\"https:\/\/holamexicotours.com\/index.php\/manantial-media-luna\/#primaryimage\"},\"thumbnailUrl\":\"https:\/\/holamexicotours.com\/wp-content\/uploads\/2025\/11\/images-1.jpeg\",\"datePublished\":\"2025-08-19T00:36:47+00:00\",\"dateModified\":\"2025-11-15T00:16:42+00:00\",\"breadcrumb\":{\"@id\":\"https:\/\/holamexicotours.com\/index.php\/manantial-media-luna\/#breadcrumb\"},\"inLanguage\":\"es\",\"potentialAction\":[{\"@type\":\"ReadAction\",\"target\":[\"https:\/\/holamexicotours.com\/index.php\/manantial-media-luna\/\"]}]},{\"@type\":\"ImageObject\",\"inLanguage\":\"es\",\"@id\":\"https:\/\/holamexicotours.com\/index.php\/manantial-media-luna\/#primaryimage\",\"url\":\"https:\/\/holamexicotours.com\/wp-content\/uploads\/2025\/11\/images-1.jpeg\",\"contentUrl\":\"https:\/\/holamexicotours.com\/wp-content\/uploads\/2025\/11\/images-1.jpeg\",\"width\":384,\"height\":265},{\"@type\":\"BreadcrumbList\",\"@id\":\"https:\/\/holamexicotours.com\/index.php\/manantial-media-luna\/#breadcrumb\",\"itemListElement\":[{\"@type\":\"ListItem\",\"position\":1,\"name\":\"Home\",\"item\":\"https:\/\/holamexicotours.com\/\"},{\"@type\":\"ListItem\",\"position\":2,\"name\":\"MANANTIAL MEDIA LUNA\"}]},{\"@type\":\"WebSite\",\"@id\":\"https:\/\/holamexicotours.com\/#website\",\"url\":\"https:\/\/holamexicotours.com\/\",\"name\":\"https:\/\/holamexicotours.com\/\",\"description\":\"A trav\u00e9z de tus ojos, VIVE M\u00c9XICO.\",\"publisher\":{\"@id\":\"https:\/\/holamexicotours.com\/#\/schema\/person\/03a3eec8d68d2f43733875f848656cc2\"},\"potentialAction\":[{\"@type\":\"SearchAction\",\"target\":{\"@type\":\"EntryPoint\",\"urlTemplate\":\"https:\/\/holamexicotours.com\/?s={search_term_string}\"},\"query-input\":\"required name=search_term_string\"}],\"inLanguage\":\"es\"},{\"@type\":[\"Person\",\"Organization\"],\"@id\":\"https:\/\/holamexicotours.com\/#\/schema\/person\/03a3eec8d68d2f43733875f848656cc2\",\"name\":\"holamexicotours\",\"image\":{\"@type\":\"ImageObject\",\"inLanguage\":\"es\",\"@id\":\"https:\/\/holamexicotours.com\/#\/schema\/person\/image\/\",\"url\":\"https:\/\/holamexicotours.com\/wp-content\/uploads\/2025\/04\/cropped-LOGO-FINAL.png\",\"contentUrl\":\"https:\/\/holamexicotours.com\/wp-content\/uploads\/2025\/04\/cropped-LOGO-FINAL.png\",\"width\":1182,\"height\":778,\"caption\":\"holamexicotours\"},\"logo\":{\"@id\":\"https:\/\/holamexicotours.com\/#\/schema\/person\/image\/\"}}]}<\/script>\n<!-- \/ Yoast SEO plugin. -->","yoast_head_json":{"title":"MANANTIAL MEDIA LUNA - HOLA MEXICO TOURS","robots":{"index":"index","follow":"follow","max-snippet":"max-snippet:-1","max-image-preview":"max-image-preview:large","max-video-preview":"max-video-preview:-1"},"canonical":"https:\/\/holamexicotours.com\/index.php\/manantial-media-luna\/","og_locale":"es_MX","og_type":"article","og_title":"MANANTIAL MEDIA LUNA - HOLA MEXICO TOURS","og_description":"Un fant\u00e1stico parque donde inicia la huasteca Potosina, donde podr\u00e1s nadar, hacer snorkel, rentar una lancha y relajarte en sus aguas cristalinas y templadas. ITINERARIO DEL VIAJE &#8220;CONOCE MAS Y&hellip;","og_url":"https:\/\/holamexicotours.com\/index.php\/manantial-media-luna\/","og_site_name":"HOLA MEXICO TOURS","article_modified_time":"2025-11-15T00:16:42+00:00","og_image":[{"width":384,"height":265,"url":"https:\/\/holamexicotours.com\/wp-content\/uploads\/2025\/11\/images-1.jpeg","type":"image\/jpeg"}],"twitter_card":"summary_large_image","twitter_misc":{"Tiempo de lectura":"3 minutos"},"schema":{"@context":"https:\/\/schema.org","@graph":[{"@type":"WebPage","@id":"https:\/\/holamexicotours.com\/index.php\/manantial-media-luna\/","url":"https:\/\/holamexicotours.com\/index.php\/manantial-media-luna\/","name":"MANANTIAL MEDIA LUNA - HOLA MEXICO TOURS","isPartOf":{"@id":"https:\/\/holamexicotours.com\/#website"},"primaryImageOfPage":{"@id":"https:\/\/holamexicotours.com\/index.php\/manantial-media-luna\/#primaryimage"},"image":{"@id":"https:\/\/holamexicotours.com\/index.php\/manantial-media-luna\/#primaryimage"},"thumbnailUrl":"https:\/\/holamexicotours.com\/wp-content\/uploads\/2025\/11\/images-1.jpeg","datePublished":"2025-08-19T00:36:47+00:00","dateModified":"2025-11-15T00:16:42+00:00","breadcrumb":{"@id":"https:\/\/holamexicotours.com\/index.php\/manantial-media-luna\/#breadcrumb"},"inLanguage":"es","potentialAction":[{"@type":"ReadAction","target":["https:\/\/holamexicotours.com\/index.php\/manantial-media-luna\/"]}]},{"@type":"ImageObject","inLanguage":"es","@id":"https:\/\/holamexicotours.com\/index.php\/manantial-media-luna\/#primaryimage","url":"https:\/\/holamexicotours.com\/wp-content\/uploads\/2025\/11\/images-1.jpeg","contentUrl":"https:\/\/holamexicotours.com\/wp-content\/uploads\/2025\/11\/images-1.jpeg","width":384,"height":265},{"@type":"BreadcrumbList","@id":"https:\/\/holamexicotours.com\/index.php\/manantial-media-luna\/#breadcrumb","itemListElement":[{"@type":"ListItem","position":1,"name":"Home","item":"https:\/\/holamexicotours.com\/"},{"@type":"ListItem","position":2,"name":"MANANTIAL MEDIA LUNA"}]},{"@type":"WebSite","@id":"https:\/\/holamexicotours.com\/#website","url":"https:\/\/holamexicotours.com\/","name":"https:\/\/holamexicotours.com\/","description":"A trav\u00e9z de tus ojos, VIVE M\u00c9XICO.","publisher":{"@id":"https:\/\/holamexicotours.com\/#\/schema\/person\/03a3eec8d68d2f43733875f848656cc2"},"potentialAction":[{"@type":"SearchAction","target":{"@type":"EntryPoint","urlTemplate":"https:\/\/holamexicotours.com\/?s={search_term_string}"},"query-input":"required name=search_term_string"}],"inLanguage":"es"},{"@type":["Person","Organization"],"@id":"https:\/\/holamexicotours.com\/#\/schema\/person\/03a3eec8d68d2f43733875f848656cc2","name":"holamexicotours","image":{"@type":"ImageObject","inLanguage":"es","@id":"https:\/\/holamexicotours.com\/#\/schema\/person\/image\/","url":"https:\/\/holamexicotours.com\/wp-content\/uploads\/2025\/04\/cropped-LOGO-FINAL.png","contentUrl":"https:\/\/holamexicotours.com\/wp-content\/uploads\/2025\/04\/cropped-LOGO-FINAL.png","width":1182,"height":778,"caption":"holamexicotours"},"logo":{"@id":"https:\/\/holamexicotours.com\/#\/schema\/person\/image\/"}}]}},"_links":{"self":[{"href":"https:\/\/holamexicotours.com\/index.php\/wp-json\/wp\/v2\/pages\/4113","targetHints":{"allow":["GET"]}}],"collection":[{"href":"https:\/\/holamexicotours.com\/index.php\/wp-json\/wp\/v2\/pages"}],"about":[{"href":"https:\/\/holamexicotours.com\/index.php\/wp-json\/wp\/v2\/types\/page"}],"author":[{"embeddable":true,"href":"https:\/\/holamexicotours.com\/index.php\/wp-json\/wp\/v2\/users\/2"}],"replies":[{"embeddable":true,"href":"https:\/\/holamexicotours.com\/index.php\/wp-json\/wp\/v2\/comments?post=4113"}],"version-history":[{"count":8,"href":"https:\/\/holamexicotours.com\/index.php\/wp-json\/wp\/v2\/pages\/4113\/revisions"}],"predecessor-version":[{"id":4736,"href":"https:\/\/holamexicotours.com\/index.php\/wp-json\/wp\/v2\/pages\/4113\/revisions\/4736"}],"wp:featuredmedia":[{"embeddable":true,"href":"https:\/\/holamexicotours.com\/index.php\/wp-json\/wp\/v2\/media\/4739"}],"wp:attachment":[{"href":"https:\/\/holamexicotours.com\/index.php\/wp-json\/wp\/v2\/media?parent=4113"}],"curies":[{"name":"wp","href":"https:\/\/api.w.org\/{rel}","templated":true}]}}