{"id":4054,"date":"2025-08-17T20:55:55","date_gmt":"2025-08-17T20:55:55","guid":{"rendered":"https:\/\/holamexicotours.com\/?page_id=4054"},"modified":"2025-11-14T22:45:50","modified_gmt":"2025-11-14T22:45:50","slug":"puebla-y-africam-safari","status":"publish","type":"page","link":"https:\/\/holamexicotours.com\/index.php\/puebla-y-africam-safari\/","title":{"rendered":"PUEBLA Y AFRICAM SAFARI"},"content":{"rendered":"\n<p><strong>Puebla es un suspiro entre volcanes y cocina<\/strong> <strong>que enamora<\/strong> desde el primer paso. Se despliega como una historia antigua que late en cada calle, cada esquina, cada color.<\/p>\n\n\n\n<h2 class=\"wp-block-heading has-text-align-center\"><strong>ITINERARIO DEL VIAJE<\/strong><\/h2>\n\n\n\n<figure class=\"wp-block-image alignwide size-large\"><img loading=\"lazy\" decoding=\"async\" width=\"838\" height=\"1024\" src=\"https:\/\/holamexicotours.com\/wp-content\/uploads\/2025\/11\/PUEBLA-2026-1-838x1024.jpg\" alt=\"\" class=\"wp-image-4706\" srcset=\"https:\/\/holamexicotours.com\/wp-content\/uploads\/2025\/11\/PUEBLA-2026-1-838x1024.jpg 838w, https:\/\/holamexicotours.com\/wp-content\/uploads\/2025\/11\/PUEBLA-2026-1-245x300.jpg 245w, https:\/\/holamexicotours.com\/wp-content\/uploads\/2025\/11\/PUEBLA-2026-1-768x939.jpg 768w, https:\/\/holamexicotours.com\/wp-content\/uploads\/2025\/11\/PUEBLA-2026-1.jpg 1081w\" sizes=\"auto, (max-width: 838px) 100vw, 838px\" \/><\/figure>\n\n\n\n<figure class=\"wp-block-image alignfull size-large\"><img loading=\"lazy\" decoding=\"async\" width=\"825\" height=\"1024\" src=\"https:\/\/holamexicotours.com\/wp-content\/uploads\/2025\/10\/02.GUIA-DE-VIAJE-PUEBLA-825x1024.jpg\" alt=\"\" class=\"wp-image-4428\" srcset=\"https:\/\/holamexicotours.com\/wp-content\/uploads\/2025\/10\/02.GUIA-DE-VIAJE-PUEBLA-825x1024.jpg 825w, https:\/\/holamexicotours.com\/wp-content\/uploads\/2025\/10\/02.GUIA-DE-VIAJE-PUEBLA-242x300.jpg 242w, https:\/\/holamexicotours.com\/wp-content\/uploads\/2025\/10\/02.GUIA-DE-VIAJE-PUEBLA-768x954.jpg 768w, https:\/\/holamexicotours.com\/wp-content\/uploads\/2025\/10\/02.GUIA-DE-VIAJE-PUEBLA.jpg 1080w\" sizes=\"auto, (max-width: 825px) 100vw, 825px\" \/><\/figure>\n\n\n\n<figure class=\"wp-block-image alignfull size-large\"><img loading=\"lazy\" decoding=\"async\" width=\"825\" height=\"1024\" src=\"https:\/\/holamexicotours.com\/wp-content\/uploads\/2025\/10\/03GUIA-DE-VIAJE-PUEBLA-825x1024.jpg\" alt=\"\" class=\"wp-image-4429\" srcset=\"https:\/\/holamexicotours.com\/wp-content\/uploads\/2025\/10\/03GUIA-DE-VIAJE-PUEBLA-825x1024.jpg 825w, https:\/\/holamexicotours.com\/wp-content\/uploads\/2025\/10\/03GUIA-DE-VIAJE-PUEBLA-242x300.jpg 242w, https:\/\/holamexicotours.com\/wp-content\/uploads\/2025\/10\/03GUIA-DE-VIAJE-PUEBLA-768x953.jpg 768w, https:\/\/holamexicotours.com\/wp-content\/uploads\/2025\/10\/03GUIA-DE-VIAJE-PUEBLA.jpg 1081w\" sizes=\"auto, (max-width: 825px) 100vw, 825px\" \/><\/figure>\n\n\n\n<figure class=\"wp-block-image alignfull size-large\"><img loading=\"lazy\" decoding=\"async\" width=\"826\" height=\"1024\" src=\"https:\/\/holamexicotours.com\/wp-content\/uploads\/2025\/10\/04.GUIA-DE-VIAJE-PUEBLA-826x1024.jpg\" alt=\"\" class=\"wp-image-4430\" srcset=\"https:\/\/holamexicotours.com\/wp-content\/uploads\/2025\/10\/04.GUIA-DE-VIAJE-PUEBLA-826x1024.jpg 826w, https:\/\/holamexicotours.com\/wp-content\/uploads\/2025\/10\/04.GUIA-DE-VIAJE-PUEBLA-242x300.jpg 242w, https:\/\/holamexicotours.com\/wp-content\/uploads\/2025\/10\/04.GUIA-DE-VIAJE-PUEBLA-768x952.jpg 768w, https:\/\/holamexicotours.com\/wp-content\/uploads\/2025\/10\/04.GUIA-DE-VIAJE-PUEBLA.jpg 1082w\" sizes=\"auto, (max-width: 826px) 100vw, 826px\" \/><\/figure>\n\n\n\n<h2 class=\"wp-block-heading has-text-align-center\">&#8220;<strong>CONOCE MAS Y VIVE ESTA EXPERIENCIA<\/strong>&#8220;<\/h2>\n\n\n\n<p><strong>En el Paseo de los Gigantes<\/strong>, la ciudad parece caminar contigo, contando en sus estatuas y monumentos una leyenda de siglos, mientras los \u00e1rboles dibujan sombras que susurran aventuras. Es un paseo que invita a tomarse de la mano del tiempo y dejarse llevar por la majestuosidad de las maquetas excelentemente talladas del mundo que abrazan la memoria.<\/p>\n\n\n\n<figure class=\"wp-block-image alignwide size-full\"><img loading=\"lazy\" decoding=\"async\" width=\"1081\" height=\"1081\" src=\"https:\/\/holamexicotours.com\/wp-content\/uploads\/2025\/08\/02.jpg\" alt=\"\" class=\"wp-image-4060\" srcset=\"https:\/\/holamexicotours.com\/wp-content\/uploads\/2025\/08\/02.jpg 1081w, https:\/\/holamexicotours.com\/wp-content\/uploads\/2025\/08\/02-300x300.jpg 300w, https:\/\/holamexicotours.com\/wp-content\/uploads\/2025\/08\/02-1024x1024.jpg 1024w, https:\/\/holamexicotours.com\/wp-content\/uploads\/2025\/08\/02-150x150.jpg 150w, https:\/\/holamexicotours.com\/wp-content\/uploads\/2025\/08\/02-768x768.jpg 768w\" sizes=\"auto, (max-width: 1081px) 100vw, 1081px\" \/><\/figure>\n\n\n\n<p><strong>El viaje contin\u00faa hacia Safarim Africa<\/strong>, un oasis que transforma el paisaje y ofrece una mirada curiosa a la diversidad de especies animales. Entre explorar y la aventura, se siente el pulso de una cultura que late con fuerza y reconecta con la naturaleza entre los animales, recordando que la diversi\u00f3n puede nacer en cada detalle, en cada encuentro con lo ex\u00f3tico y lo m\u00e1s cercano a la vez.<\/p>\n\n\n\n<figure class=\"wp-block-image alignwide size-full\"><img loading=\"lazy\" decoding=\"async\" width=\"640\" height=\"480\" src=\"https:\/\/holamexicotours.com\/wp-content\/uploads\/2025\/08\/Imagen-de-WhatsApp-2025-08-17-a-las-14.17.14_705d7e36.jpg\" alt=\"\" class=\"wp-image-4061\" srcset=\"https:\/\/holamexicotours.com\/wp-content\/uploads\/2025\/08\/Imagen-de-WhatsApp-2025-08-17-a-las-14.17.14_705d7e36.jpg 640w, https:\/\/holamexicotours.com\/wp-content\/uploads\/2025\/08\/Imagen-de-WhatsApp-2025-08-17-a-las-14.17.14_705d7e36-300x225.jpg 300w\" sizes=\"auto, (max-width: 640px) 100vw, 640px\" \/><\/figure>\n\n\n\n<p><strong>Los fuertes se revelan como guardianes de historias<\/strong>: murallas que guardan memorias de batallas y de vida cotidiana, desde el eco de las piezas que formaron M\u00e9xico hasta las voces que a\u00fan resuenan en sus pasillos. Subir a sus miradores es como abrazar la ciudad desde una perspectiva de v\u00e9rtigo suave, donde Puebla se desdobla en un mapa de emociones: valent\u00eda, historia y una promesa de vistas que parecen escritas para enamorados de lo imposible.<\/p>\n\n\n\n<figure class=\"wp-block-image alignwide size-large\"><img decoding=\"async\" src=\"https:\/\/edukatours.com\/wp-content\/uploads\/2025\/08\/Coleccion-Bonilla.jpg_2048-1024x578.jpg\" alt=\"\" class=\"wp-image-6112\"\/><\/figure>\n\n\n\n<p><strong>El centro hist\u00f3rico late con una energ\u00eda c\u00e1lida:<\/strong> plazas que invitan a sentarse a conversar, iglesias que elevan la mirada y mercados que huelen a cacao, a caf\u00e9 y a promesas cumplidas. Caminar entre azulejos azules y portales que se abren como libros es recorrer una cr\u00f3nica viva de la ciudad. Cada fachada, cada l\u00e1mpara, cada fuente parece haber sido pensada para hacerte sentir que perteneces a un cuento que se escribe a cada paso.<\/p>\n\n\n\n<figure class=\"wp-block-image alignwide size-full\"><img loading=\"lazy\" decoding=\"async\" width=\"1081\" height=\"1081\" src=\"https:\/\/holamexicotours.com\/wp-content\/uploads\/2025\/08\/03.jpg\" alt=\"\" class=\"wp-image-4062\" srcset=\"https:\/\/holamexicotours.com\/wp-content\/uploads\/2025\/08\/03.jpg 1081w, https:\/\/holamexicotours.com\/wp-content\/uploads\/2025\/08\/03-300x300.jpg 300w, https:\/\/holamexicotours.com\/wp-content\/uploads\/2025\/08\/03-1024x1024.jpg 1024w, https:\/\/holamexicotours.com\/wp-content\/uploads\/2025\/08\/03-150x150.jpg 150w, https:\/\/holamexicotours.com\/wp-content\/uploads\/2025\/08\/03-768x768.jpg 768w\" sizes=\"auto, (max-width: 1081px) 100vw, 1081px\" \/><\/figure>\n\n\n\n<p><strong>Museos que guardan el alma de Puebla<\/strong>: arte, historia y tecnolog\u00eda conversan entre s\u00ed para contarte qui\u00e9nes somos y de d\u00f3nde venimos. En ellos, el viajero se convierte en un curioso navegante de la memoria, descubriendo obras que susurran secretos del pasado y abren ventanas al futuro.<\/p>\n\n\n\n<figure class=\"wp-block-image alignwide size-full\"><img loading=\"lazy\" decoding=\"async\" width=\"1081\" height=\"1081\" src=\"https:\/\/holamexicotours.com\/wp-content\/uploads\/2025\/08\/01.jpg\" alt=\"\" class=\"wp-image-4063\" srcset=\"https:\/\/holamexicotours.com\/wp-content\/uploads\/2025\/08\/01.jpg 1081w, https:\/\/holamexicotours.com\/wp-content\/uploads\/2025\/08\/01-300x300.jpg 300w, https:\/\/holamexicotours.com\/wp-content\/uploads\/2025\/08\/01-1024x1024.jpg 1024w, https:\/\/holamexicotours.com\/wp-content\/uploads\/2025\/08\/01-150x150.jpg 150w, https:\/\/holamexicotours.com\/wp-content\/uploads\/2025\/08\/01-768x768.jpg 768w\" sizes=\"auto, (max-width: 1081px) 100vw, 1081px\" \/><\/figure>\n\n\n\n<p><strong>Puebla no es solo un destino; es un poema en tres actos: la solemnidad de su historia, la calidez de su gente y la sabrosa promesa de una experiencia que nutre el alma. Al viajar por sus colinas, sus plazas y sus museos, uno entiende por qu\u00e9 este estado se queda pegado al coraz\u00f3n<\/strong>.<\/p>\n\n\n\n<figure class=\"wp-block-image alignfull size-full\"><a href=\"https:\/\/holamexicotours.com\/index.php\/reserva-tu-viaje-con-la-agencia-de-viaje-de-tu-preferencia\/\"><img loading=\"lazy\" decoding=\"async\" width=\"687\" height=\"367\" src=\"https:\/\/holamexicotours.com\/wp-content\/uploads\/2024\/08\/RESERVA-TU-VIAJE-AQUI.jpg\" alt=\"\" class=\"wp-image-1942\"\/><\/a><\/figure>\n","protected":false},"excerpt":{"rendered":"<p>Puebla es un suspiro entre volcanes y cocina que enamora desde el primer paso. Se despliega como una historia antigua que late en cada calle, cada esquina, cada color. ITINERARIO&hellip; <\/p>\n","protected":false},"author":2,"featured_media":4059,"parent":0,"menu_order":0,"comment_status":"closed","ping_status":"closed","template":"","meta":{"footnotes":""},"class_list":["post-4054","page","type-page","status-publish","has-post-thumbnail","hentry"],"yoast_head":"<!-- This site is optimized with the Yoast SEO plugin v23.3 - https:\/\/yoast.com\/wordpress\/plugins\/seo\/ -->\n<title>PUEBLA Y AFRICAM SAFARI - HOLA MEXICO TOURS<\/title>\n<meta name=\"robots\" content=\"index, follow, max-snippet:-1, max-image-preview:large, max-video-preview:-1\" \/>\n<link rel=\"canonical\" href=\"https:\/\/holamexicotours.com\/index.php\/puebla-y-africam-safari\/\" \/>\n<meta property=\"og:locale\" content=\"es_MX\" \/>\n<meta property=\"og:type\" content=\"article\" \/>\n<meta property=\"og:title\" content=\"PUEBLA Y AFRICAM SAFARI - HOLA MEXICO TOURS\" \/>\n<meta property=\"og:description\" content=\"Puebla es un suspiro entre volcanes y cocina que enamora desde el primer paso. Se despliega como una historia antigua que late en cada calle, cada esquina, cada color. ITINERARIO&hellip;\" \/>\n<meta property=\"og:url\" content=\"https:\/\/holamexicotours.com\/index.php\/puebla-y-africam-safari\/\" \/>\n<meta property=\"og:site_name\" content=\"HOLA MEXICO TOURS\" \/>\n<meta property=\"article:modified_time\" content=\"2025-11-14T22:45:50+00:00\" \/>\n<meta property=\"og:image\" content=\"https:\/\/holamexicotours.com\/wp-content\/uploads\/2025\/08\/PORTADA.jpg\" \/>\n\t<meta property=\"og:image:width\" content=\"1920\" \/>\n\t<meta property=\"og:image:height\" content=\"1080\" \/>\n\t<meta property=\"og:image:type\" content=\"image\/jpeg\" \/>\n<meta name=\"twitter:card\" content=\"summary_large_image\" \/>\n<meta name=\"twitter:label1\" content=\"Tiempo de lectura\" \/>\n\t<meta name=\"twitter:data1\" content=\"5 minutos\" \/>\n<script type=\"application\/ld+json\" class=\"yoast-schema-graph\">{\"@context\":\"https:\/\/schema.org\",\"@graph\":[{\"@type\":\"WebPage\",\"@id\":\"https:\/\/holamexicotours.com\/index.php\/puebla-y-africam-safari\/\",\"url\":\"https:\/\/holamexicotours.com\/index.php\/puebla-y-africam-safari\/\",\"name\":\"PUEBLA Y AFRICAM SAFARI - HOLA MEXICO TOURS\",\"isPartOf\":{\"@id\":\"https:\/\/holamexicotours.com\/#website\"},\"primaryImageOfPage\":{\"@id\":\"https:\/\/holamexicotours.com\/index.php\/puebla-y-africam-safari\/#primaryimage\"},\"image\":{\"@id\":\"https:\/\/holamexicotours.com\/index.php\/puebla-y-africam-safari\/#primaryimage\"},\"thumbnailUrl\":\"https:\/\/holamexicotours.com\/wp-content\/uploads\/2025\/08\/PORTADA.jpg\",\"datePublished\":\"2025-08-17T20:55:55+00:00\",\"dateModified\":\"2025-11-14T22:45:50+00:00\",\"breadcrumb\":{\"@id\":\"https:\/\/holamexicotours.com\/index.php\/puebla-y-africam-safari\/#breadcrumb\"},\"inLanguage\":\"es\",\"potentialAction\":[{\"@type\":\"ReadAction\",\"target\":[\"https:\/\/holamexicotours.com\/index.php\/puebla-y-africam-safari\/\"]}]},{\"@type\":\"ImageObject\",\"inLanguage\":\"es\",\"@id\":\"https:\/\/holamexicotours.com\/index.php\/puebla-y-africam-safari\/#primaryimage\",\"url\":\"https:\/\/holamexicotours.com\/wp-content\/uploads\/2025\/08\/PORTADA.jpg\",\"contentUrl\":\"https:\/\/holamexicotours.com\/wp-content\/uploads\/2025\/08\/PORTADA.jpg\",\"width\":1920,\"height\":1080},{\"@type\":\"BreadcrumbList\",\"@id\":\"https:\/\/holamexicotours.com\/index.php\/puebla-y-africam-safari\/#breadcrumb\",\"itemListElement\":[{\"@type\":\"ListItem\",\"position\":1,\"name\":\"Home\",\"item\":\"https:\/\/holamexicotours.com\/\"},{\"@type\":\"ListItem\",\"position\":2,\"name\":\"PUEBLA Y AFRICAM SAFARI\"}]},{\"@type\":\"WebSite\",\"@id\":\"https:\/\/holamexicotours.com\/#website\",\"url\":\"https:\/\/holamexicotours.com\/\",\"name\":\"https:\/\/holamexicotours.com\/\",\"description\":\"A trav\u00e9z de tus ojos, VIVE M\u00c9XICO.\",\"publisher\":{\"@id\":\"https:\/\/holamexicotours.com\/#\/schema\/person\/03a3eec8d68d2f43733875f848656cc2\"},\"potentialAction\":[{\"@type\":\"SearchAction\",\"target\":{\"@type\":\"EntryPoint\",\"urlTemplate\":\"https:\/\/holamexicotours.com\/?s={search_term_string}\"},\"query-input\":\"required name=search_term_string\"}],\"inLanguage\":\"es\"},{\"@type\":[\"Person\",\"Organization\"],\"@id\":\"https:\/\/holamexicotours.com\/#\/schema\/person\/03a3eec8d68d2f43733875f848656cc2\",\"name\":\"holamexicotours\",\"image\":{\"@type\":\"ImageObject\",\"inLanguage\":\"es\",\"@id\":\"https:\/\/holamexicotours.com\/#\/schema\/person\/image\/\",\"url\":\"https:\/\/holamexicotours.com\/wp-content\/uploads\/2025\/04\/cropped-LOGO-FINAL.png\",\"contentUrl\":\"https:\/\/holamexicotours.com\/wp-content\/uploads\/2025\/04\/cropped-LOGO-FINAL.png\",\"width\":1182,\"height\":778,\"caption\":\"holamexicotours\"},\"logo\":{\"@id\":\"https:\/\/holamexicotours.com\/#\/schema\/person\/image\/\"}}]}<\/script>\n<!-- \/ Yoast SEO plugin. -->","yoast_head_json":{"title":"PUEBLA Y AFRICAM SAFARI - HOLA MEXICO TOURS","robots":{"index":"index","follow":"follow","max-snippet":"max-snippet:-1","max-image-preview":"max-image-preview:large","max-video-preview":"max-video-preview:-1"},"canonical":"https:\/\/holamexicotours.com\/index.php\/puebla-y-africam-safari\/","og_locale":"es_MX","og_type":"article","og_title":"PUEBLA Y AFRICAM SAFARI - HOLA MEXICO TOURS","og_description":"Puebla es un suspiro entre volcanes y cocina que enamora desde el primer paso. Se despliega como una historia antigua que late en cada calle, cada esquina, cada color. ITINERARIO&hellip;","og_url":"https:\/\/holamexicotours.com\/index.php\/puebla-y-africam-safari\/","og_site_name":"HOLA MEXICO TOURS","article_modified_time":"2025-11-14T22:45:50+00:00","og_image":[{"width":1920,"height":1080,"url":"https:\/\/holamexicotours.com\/wp-content\/uploads\/2025\/08\/PORTADA.jpg","type":"image\/jpeg"}],"twitter_card":"summary_large_image","twitter_misc":{"Tiempo de lectura":"5 minutos"},"schema":{"@context":"https:\/\/schema.org","@graph":[{"@type":"WebPage","@id":"https:\/\/holamexicotours.com\/index.php\/puebla-y-africam-safari\/","url":"https:\/\/holamexicotours.com\/index.php\/puebla-y-africam-safari\/","name":"PUEBLA Y AFRICAM SAFARI - HOLA MEXICO TOURS","isPartOf":{"@id":"https:\/\/holamexicotours.com\/#website"},"primaryImageOfPage":{"@id":"https:\/\/holamexicotours.com\/index.php\/puebla-y-africam-safari\/#primaryimage"},"image":{"@id":"https:\/\/holamexicotours.com\/index.php\/puebla-y-africam-safari\/#primaryimage"},"thumbnailUrl":"https:\/\/holamexicotours.com\/wp-content\/uploads\/2025\/08\/PORTADA.jpg","datePublished":"2025-08-17T20:55:55+00:00","dateModified":"2025-11-14T22:45:50+00:00","breadcrumb":{"@id":"https:\/\/holamexicotours.com\/index.php\/puebla-y-africam-safari\/#breadcrumb"},"inLanguage":"es","potentialAction":[{"@type":"ReadAction","target":["https:\/\/holamexicotours.com\/index.php\/puebla-y-africam-safari\/"]}]},{"@type":"ImageObject","inLanguage":"es","@id":"https:\/\/holamexicotours.com\/index.php\/puebla-y-africam-safari\/#primaryimage","url":"https:\/\/holamexicotours.com\/wp-content\/uploads\/2025\/08\/PORTADA.jpg","contentUrl":"https:\/\/holamexicotours.com\/wp-content\/uploads\/2025\/08\/PORTADA.jpg","width":1920,"height":1080},{"@type":"BreadcrumbList","@id":"https:\/\/holamexicotours.com\/index.php\/puebla-y-africam-safari\/#breadcrumb","itemListElement":[{"@type":"ListItem","position":1,"name":"Home","item":"https:\/\/holamexicotours.com\/"},{"@type":"ListItem","position":2,"name":"PUEBLA Y AFRICAM SAFARI"}]},{"@type":"WebSite","@id":"https:\/\/holamexicotours.com\/#website","url":"https:\/\/holamexicotours.com\/","name":"https:\/\/holamexicotours.com\/","description":"A trav\u00e9z de tus ojos, VIVE M\u00c9XICO.","publisher":{"@id":"https:\/\/holamexicotours.com\/#\/schema\/person\/03a3eec8d68d2f43733875f848656cc2"},"potentialAction":[{"@type":"SearchAction","target":{"@type":"EntryPoint","urlTemplate":"https:\/\/holamexicotours.com\/?s={search_term_string}"},"query-input":"required name=search_term_string"}],"inLanguage":"es"},{"@type":["Person","Organization"],"@id":"https:\/\/holamexicotours.com\/#\/schema\/person\/03a3eec8d68d2f43733875f848656cc2","name":"holamexicotours","image":{"@type":"ImageObject","inLanguage":"es","@id":"https:\/\/holamexicotours.com\/#\/schema\/person\/image\/","url":"https:\/\/holamexicotours.com\/wp-content\/uploads\/2025\/04\/cropped-LOGO-FINAL.png","contentUrl":"https:\/\/holamexicotours.com\/wp-content\/uploads\/2025\/04\/cropped-LOGO-FINAL.png","width":1182,"height":778,"caption":"holamexicotours"},"logo":{"@id":"https:\/\/holamexicotours.com\/#\/schema\/person\/image\/"}}]}},"_links":{"self":[{"href":"https:\/\/holamexicotours.com\/index.php\/wp-json\/wp\/v2\/pages\/4054","targetHints":{"allow":["GET"]}}],"collection":[{"href":"https:\/\/holamexicotours.com\/index.php\/wp-json\/wp\/v2\/pages"}],"about":[{"href":"https:\/\/holamexicotours.com\/index.php\/wp-json\/wp\/v2\/types\/page"}],"author":[{"embeddable":true,"href":"https:\/\/holamexicotours.com\/index.php\/wp-json\/wp\/v2\/users\/2"}],"replies":[{"embeddable":true,"href":"https:\/\/holamexicotours.com\/index.php\/wp-json\/wp\/v2\/comments?post=4054"}],"version-history":[{"count":5,"href":"https:\/\/holamexicotours.com\/index.php\/wp-json\/wp\/v2\/pages\/4054\/revisions"}],"predecessor-version":[{"id":4708,"href":"https:\/\/holamexicotours.com\/index.php\/wp-json\/wp\/v2\/pages\/4054\/revisions\/4708"}],"wp:featuredmedia":[{"embeddable":true,"href":"https:\/\/holamexicotours.com\/index.php\/wp-json\/wp\/v2\/media\/4059"}],"wp:attachment":[{"href":"https:\/\/holamexicotours.com\/index.php\/wp-json\/wp\/v2\/media?parent=4054"}],"curies":[{"name":"wp","href":"https:\/\/api.w.org\/{rel}","templated":true}]}}