{"id":3536,"date":"2025-06-23T23:04:14","date_gmt":"2025-06-23T23:04:14","guid":{"rendered":"https:\/\/holamexicotours.com\/?page_id=3536"},"modified":"2025-12-05T06:31:22","modified_gmt":"2025-12-05T06:31:22","slug":"afiliate-a-hola-mexico-tours","status":"publish","type":"page","link":"https:\/\/holamexicotours.com\/index.php\/afiliate-a-hola-mexico-tours\/","title":{"rendered":"AF\u00cdLIATE A HOLA M\u00c9XICO TOURS"},"content":{"rendered":"\n<p><strong>Ac\u00e9rcate, con\u00f3cenos y trabajemos juntos.<\/strong><\/p>\n\n\n\n<p>Ofrece los mejores viajes a tus clientes y <strong>gana las mejores comisiones del mercado<\/strong> a travez de nuestros viajes grupales.<\/p>\n\n\n\n<p>Nos adaptamos a la forma de trabajo de tu agencia y no importa el tama\u00f1o: micro, peque\u00f1a, grande, <strong>todas las agencias de viajes son bienvenidas<\/strong> a HOLA M\u00c9XICO TOURS.<\/p>\n\n\n\n<p><strong>\u00a1Te estamos esperando!<\/strong><\/p>\n\n\n\n<h1 class=\"wp-block-heading has-vivid-red-color has-text-color has-link-color wp-elements-0b40280e536539d5d47d5430207ea306\"><strong>MENU DE TEMAS<\/strong>.<\/h1>\n\n\n\n<ul class=\"wp-block-list\">\n<li><strong><a href=\"https:\/\/holamexicotours.com\/index.php\/reserva-tu-viaje-con-la-agencia-de-viaje-de-tu-preferencia\/\">AGENCIAS DE VIAJE AUTORIZADAS.<\/a><\/strong><\/li>\n\n\n\n<li><a href=\"https:\/\/holamexicotours.com\/index.php\/hola-calendario\/\"><strong>CALENDARIO DE VIAJES GRUPALES<\/strong><\/a>.<\/li>\n\n\n\n<li><a href=\"https:\/\/wa.me\/5214778120646\"><strong>AFILIA AQU\u00cd TU AGENCIA (REGISTRO)<\/strong><\/a><\/li>\n\n\n\n<li><strong><a href=\"https:\/\/holamexicotours.com\/index.php\/agencias-de-viaje\/\">SOLO AGENCIAS REGISTRADAS (LOGIN)<\/a><\/strong><\/li>\n<\/ul>\n\n\n\n<h3 class=\"wp-block-heading has-text-align-center has-vivid-red-color has-text-color has-link-color wp-elements-4d3a6ebcc508b5cf9f55695c24db4cba\"><strong><a href=\"https:\/\/wa.me\/5214778120646\">REGISTRA AQU\u00cd TU<\/a> <a href=\"https:\/\/wa.me\/5214778120646\">AGENCIA Y TRABAJEMOS JUNTOS<\/a><\/strong>.<\/h3>\n\n\n\n<figure class=\"wp-block-image alignfull size-large\"><img loading=\"lazy\" decoding=\"async\" width=\"826\" height=\"1024\" src=\"https:\/\/holamexicotours.com\/wp-content\/uploads\/2025\/10\/IMG-20251021-WA0018-826x1024.jpg\" alt=\"\" class=\"wp-image-4501\" srcset=\"https:\/\/holamexicotours.com\/wp-content\/uploads\/2025\/10\/IMG-20251021-WA0018-826x1024.jpg 826w, https:\/\/holamexicotours.com\/wp-content\/uploads\/2025\/10\/IMG-20251021-WA0018-242x300.jpg 242w, https:\/\/holamexicotours.com\/wp-content\/uploads\/2025\/10\/IMG-20251021-WA0018-768x952.jpg 768w, https:\/\/holamexicotours.com\/wp-content\/uploads\/2025\/10\/IMG-20251021-WA0018.jpg 1081w\" sizes=\"auto, (max-width: 826px) 100vw, 826px\" \/><\/figure>\n\n\n\n<figure class=\"wp-block-image size-large\"><img loading=\"lazy\" decoding=\"async\" width=\"1024\" height=\"796\" src=\"https:\/\/holamexicotours.com\/wp-content\/uploads\/2025\/12\/Screenshot_20251203_135355_OneDrive-1024x796.jpg\" alt=\"\" class=\"wp-image-4837\" srcset=\"https:\/\/holamexicotours.com\/wp-content\/uploads\/2025\/12\/Screenshot_20251203_135355_OneDrive-1024x796.jpg 1024w, https:\/\/holamexicotours.com\/wp-content\/uploads\/2025\/12\/Screenshot_20251203_135355_OneDrive-300x233.jpg 300w, https:\/\/holamexicotours.com\/wp-content\/uploads\/2025\/12\/Screenshot_20251203_135355_OneDrive-768x597.jpg 768w, https:\/\/holamexicotours.com\/wp-content\/uploads\/2025\/12\/Screenshot_20251203_135355_OneDrive.jpg 1402w\" sizes=\"auto, (max-width: 1024px) 100vw, 1024px\" \/><\/figure>\n","protected":false},"excerpt":{"rendered":"<p>Ac\u00e9rcate, con\u00f3cenos y trabajemos juntos. Ofrece los mejores viajes a tus clientes y gana las mejores comisiones del mercado a travez de nuestros viajes grupales. Nos adaptamos a la forma&hellip; <\/p>\n","protected":false},"author":2,"featured_media":3575,"parent":0,"menu_order":0,"comment_status":"closed","ping_status":"closed","template":"","meta":{"footnotes":""},"class_list":["post-3536","page","type-page","status-publish","has-post-thumbnail","hentry"],"yoast_head":"<!-- This site is optimized with the Yoast SEO plugin v23.3 - https:\/\/yoast.com\/wordpress\/plugins\/seo\/ -->\n<title>AF\u00cdLIATE A HOLA M\u00c9XICO TOURS - HOLA MEXICO TOURS<\/title>\n<meta name=\"robots\" content=\"index, follow, max-snippet:-1, max-image-preview:large, max-video-preview:-1\" \/>\n<link rel=\"canonical\" href=\"https:\/\/holamexicotours.com\/index.php\/afiliate-a-hola-mexico-tours\/\" \/>\n<meta property=\"og:locale\" content=\"es_MX\" \/>\n<meta property=\"og:type\" content=\"article\" \/>\n<meta property=\"og:title\" content=\"AF\u00cdLIATE A HOLA M\u00c9XICO TOURS - HOLA MEXICO TOURS\" \/>\n<meta property=\"og:description\" content=\"Ac\u00e9rcate, con\u00f3cenos y trabajemos juntos. Ofrece los mejores viajes a tus clientes y gana las mejores comisiones del mercado a travez de nuestros viajes grupales. Nos adaptamos a la forma&hellip;\" \/>\n<meta property=\"og:url\" content=\"https:\/\/holamexicotours.com\/index.php\/afiliate-a-hola-mexico-tours\/\" \/>\n<meta property=\"og:site_name\" content=\"HOLA MEXICO TOURS\" \/>\n<meta property=\"article:modified_time\" content=\"2025-12-05T06:31:22+00:00\" \/>\n<meta property=\"og:image\" content=\"https:\/\/holamexicotours.com\/wp-content\/uploads\/2025\/06\/PORTADA-AFILIACION-1.jpg\" \/>\n\t<meta property=\"og:image:width\" content=\"1066\" \/>\n\t<meta property=\"og:image:height\" content=\"707\" \/>\n\t<meta property=\"og:image:type\" content=\"image\/jpeg\" \/>\n<meta name=\"twitter:card\" content=\"summary_large_image\" \/>\n<meta name=\"twitter:label1\" content=\"Tiempo de lectura\" \/>\n\t<meta name=\"twitter:data1\" content=\"1 minuto\" \/>\n<script type=\"application\/ld+json\" class=\"yoast-schema-graph\">{\"@context\":\"https:\/\/schema.org\",\"@graph\":[{\"@type\":\"WebPage\",\"@id\":\"https:\/\/holamexicotours.com\/index.php\/afiliate-a-hola-mexico-tours\/\",\"url\":\"https:\/\/holamexicotours.com\/index.php\/afiliate-a-hola-mexico-tours\/\",\"name\":\"AF\u00cdLIATE A HOLA M\u00c9XICO TOURS - HOLA MEXICO TOURS\",\"isPartOf\":{\"@id\":\"https:\/\/holamexicotours.com\/#website\"},\"primaryImageOfPage\":{\"@id\":\"https:\/\/holamexicotours.com\/index.php\/afiliate-a-hola-mexico-tours\/#primaryimage\"},\"image\":{\"@id\":\"https:\/\/holamexicotours.com\/index.php\/afiliate-a-hola-mexico-tours\/#primaryimage\"},\"thumbnailUrl\":\"https:\/\/holamexicotours.com\/wp-content\/uploads\/2025\/06\/PORTADA-AFILIACION-1.jpg\",\"datePublished\":\"2025-06-23T23:04:14+00:00\",\"dateModified\":\"2025-12-05T06:31:22+00:00\",\"breadcrumb\":{\"@id\":\"https:\/\/holamexicotours.com\/index.php\/afiliate-a-hola-mexico-tours\/#breadcrumb\"},\"inLanguage\":\"es\",\"potentialAction\":[{\"@type\":\"ReadAction\",\"target\":[\"https:\/\/holamexicotours.com\/index.php\/afiliate-a-hola-mexico-tours\/\"]}]},{\"@type\":\"ImageObject\",\"inLanguage\":\"es\",\"@id\":\"https:\/\/holamexicotours.com\/index.php\/afiliate-a-hola-mexico-tours\/#primaryimage\",\"url\":\"https:\/\/holamexicotours.com\/wp-content\/uploads\/2025\/06\/PORTADA-AFILIACION-1.jpg\",\"contentUrl\":\"https:\/\/holamexicotours.com\/wp-content\/uploads\/2025\/06\/PORTADA-AFILIACION-1.jpg\",\"width\":1066,\"height\":707},{\"@type\":\"BreadcrumbList\",\"@id\":\"https:\/\/holamexicotours.com\/index.php\/afiliate-a-hola-mexico-tours\/#breadcrumb\",\"itemListElement\":[{\"@type\":\"ListItem\",\"position\":1,\"name\":\"Home\",\"item\":\"https:\/\/holamexicotours.com\/\"},{\"@type\":\"ListItem\",\"position\":2,\"name\":\"AF\u00cdLIATE A HOLA M\u00c9XICO TOURS\"}]},{\"@type\":\"WebSite\",\"@id\":\"https:\/\/holamexicotours.com\/#website\",\"url\":\"https:\/\/holamexicotours.com\/\",\"name\":\"https:\/\/holamexicotours.com\/\",\"description\":\"A trav\u00e9z de tus ojos, VIVE M\u00c9XICO.\",\"publisher\":{\"@id\":\"https:\/\/holamexicotours.com\/#\/schema\/person\/03a3eec8d68d2f43733875f848656cc2\"},\"potentialAction\":[{\"@type\":\"SearchAction\",\"target\":{\"@type\":\"EntryPoint\",\"urlTemplate\":\"https:\/\/holamexicotours.com\/?s={search_term_string}\"},\"query-input\":\"required name=search_term_string\"}],\"inLanguage\":\"es\"},{\"@type\":[\"Person\",\"Organization\"],\"@id\":\"https:\/\/holamexicotours.com\/#\/schema\/person\/03a3eec8d68d2f43733875f848656cc2\",\"name\":\"holamexicotours\",\"image\":{\"@type\":\"ImageObject\",\"inLanguage\":\"es\",\"@id\":\"https:\/\/holamexicotours.com\/#\/schema\/person\/image\/\",\"url\":\"https:\/\/holamexicotours.com\/wp-content\/uploads\/2025\/04\/cropped-LOGO-FINAL.png\",\"contentUrl\":\"https:\/\/holamexicotours.com\/wp-content\/uploads\/2025\/04\/cropped-LOGO-FINAL.png\",\"width\":1182,\"height\":778,\"caption\":\"holamexicotours\"},\"logo\":{\"@id\":\"https:\/\/holamexicotours.com\/#\/schema\/person\/image\/\"}}]}<\/script>\n<!-- \/ Yoast SEO plugin. -->","yoast_head_json":{"title":"AF\u00cdLIATE A HOLA M\u00c9XICO TOURS - HOLA MEXICO TOURS","robots":{"index":"index","follow":"follow","max-snippet":"max-snippet:-1","max-image-preview":"max-image-preview:large","max-video-preview":"max-video-preview:-1"},"canonical":"https:\/\/holamexicotours.com\/index.php\/afiliate-a-hola-mexico-tours\/","og_locale":"es_MX","og_type":"article","og_title":"AF\u00cdLIATE A HOLA M\u00c9XICO TOURS - HOLA MEXICO TOURS","og_description":"Ac\u00e9rcate, con\u00f3cenos y trabajemos juntos. Ofrece los mejores viajes a tus clientes y gana las mejores comisiones del mercado a travez de nuestros viajes grupales. Nos adaptamos a la forma&hellip;","og_url":"https:\/\/holamexicotours.com\/index.php\/afiliate-a-hola-mexico-tours\/","og_site_name":"HOLA MEXICO TOURS","article_modified_time":"2025-12-05T06:31:22+00:00","og_image":[{"width":1066,"height":707,"url":"https:\/\/holamexicotours.com\/wp-content\/uploads\/2025\/06\/PORTADA-AFILIACION-1.jpg","type":"image\/jpeg"}],"twitter_card":"summary_large_image","twitter_misc":{"Tiempo de lectura":"1 minuto"},"schema":{"@context":"https:\/\/schema.org","@graph":[{"@type":"WebPage","@id":"https:\/\/holamexicotours.com\/index.php\/afiliate-a-hola-mexico-tours\/","url":"https:\/\/holamexicotours.com\/index.php\/afiliate-a-hola-mexico-tours\/","name":"AF\u00cdLIATE A HOLA M\u00c9XICO TOURS - HOLA MEXICO TOURS","isPartOf":{"@id":"https:\/\/holamexicotours.com\/#website"},"primaryImageOfPage":{"@id":"https:\/\/holamexicotours.com\/index.php\/afiliate-a-hola-mexico-tours\/#primaryimage"},"image":{"@id":"https:\/\/holamexicotours.com\/index.php\/afiliate-a-hola-mexico-tours\/#primaryimage"},"thumbnailUrl":"https:\/\/holamexicotours.com\/wp-content\/uploads\/2025\/06\/PORTADA-AFILIACION-1.jpg","datePublished":"2025-06-23T23:04:14+00:00","dateModified":"2025-12-05T06:31:22+00:00","breadcrumb":{"@id":"https:\/\/holamexicotours.com\/index.php\/afiliate-a-hola-mexico-tours\/#breadcrumb"},"inLanguage":"es","potentialAction":[{"@type":"ReadAction","target":["https:\/\/holamexicotours.com\/index.php\/afiliate-a-hola-mexico-tours\/"]}]},{"@type":"ImageObject","inLanguage":"es","@id":"https:\/\/holamexicotours.com\/index.php\/afiliate-a-hola-mexico-tours\/#primaryimage","url":"https:\/\/holamexicotours.com\/wp-content\/uploads\/2025\/06\/PORTADA-AFILIACION-1.jpg","contentUrl":"https:\/\/holamexicotours.com\/wp-content\/uploads\/2025\/06\/PORTADA-AFILIACION-1.jpg","width":1066,"height":707},{"@type":"BreadcrumbList","@id":"https:\/\/holamexicotours.com\/index.php\/afiliate-a-hola-mexico-tours\/#breadcrumb","itemListElement":[{"@type":"ListItem","position":1,"name":"Home","item":"https:\/\/holamexicotours.com\/"},{"@type":"ListItem","position":2,"name":"AF\u00cdLIATE A HOLA M\u00c9XICO TOURS"}]},{"@type":"WebSite","@id":"https:\/\/holamexicotours.com\/#website","url":"https:\/\/holamexicotours.com\/","name":"https:\/\/holamexicotours.com\/","description":"A trav\u00e9z de tus ojos, VIVE M\u00c9XICO.","publisher":{"@id":"https:\/\/holamexicotours.com\/#\/schema\/person\/03a3eec8d68d2f43733875f848656cc2"},"potentialAction":[{"@type":"SearchAction","target":{"@type":"EntryPoint","urlTemplate":"https:\/\/holamexicotours.com\/?s={search_term_string}"},"query-input":"required name=search_term_string"}],"inLanguage":"es"},{"@type":["Person","Organization"],"@id":"https:\/\/holamexicotours.com\/#\/schema\/person\/03a3eec8d68d2f43733875f848656cc2","name":"holamexicotours","image":{"@type":"ImageObject","inLanguage":"es","@id":"https:\/\/holamexicotours.com\/#\/schema\/person\/image\/","url":"https:\/\/holamexicotours.com\/wp-content\/uploads\/2025\/04\/cropped-LOGO-FINAL.png","contentUrl":"https:\/\/holamexicotours.com\/wp-content\/uploads\/2025\/04\/cropped-LOGO-FINAL.png","width":1182,"height":778,"caption":"holamexicotours"},"logo":{"@id":"https:\/\/holamexicotours.com\/#\/schema\/person\/image\/"}}]}},"_links":{"self":[{"href":"https:\/\/holamexicotours.com\/index.php\/wp-json\/wp\/v2\/pages\/3536","targetHints":{"allow":["GET"]}}],"collection":[{"href":"https:\/\/holamexicotours.com\/index.php\/wp-json\/wp\/v2\/pages"}],"about":[{"href":"https:\/\/holamexicotours.com\/index.php\/wp-json\/wp\/v2\/types\/page"}],"author":[{"embeddable":true,"href":"https:\/\/holamexicotours.com\/index.php\/wp-json\/wp\/v2\/users\/2"}],"replies":[{"embeddable":true,"href":"https:\/\/holamexicotours.com\/index.php\/wp-json\/wp\/v2\/comments?post=3536"}],"version-history":[{"count":123,"href":"https:\/\/holamexicotours.com\/index.php\/wp-json\/wp\/v2\/pages\/3536\/revisions"}],"predecessor-version":[{"id":4840,"href":"https:\/\/holamexicotours.com\/index.php\/wp-json\/wp\/v2\/pages\/3536\/revisions\/4840"}],"wp:featuredmedia":[{"embeddable":true,"href":"https:\/\/holamexicotours.com\/index.php\/wp-json\/wp\/v2\/media\/3575"}],"wp:attachment":[{"href":"https:\/\/holamexicotours.com\/index.php\/wp-json\/wp\/v2\/media?parent=3536"}],"curies":[{"name":"wp","href":"https:\/\/api.w.org\/{rel}","templated":true}]}}