{"id":3271,"date":"2025-05-18T19:33:31","date_gmt":"2025-05-18T19:33:31","guid":{"rendered":"https:\/\/holamexicotours.com\/?page_id=3271"},"modified":"2026-03-04T00:52:22","modified_gmt":"2026-03-04T00:52:22","slug":"santuario-de-las-luciernagas","status":"publish","type":"page","link":"https:\/\/holamexicotours.com\/index.php\/santuario-de-las-luciernagas\/","title":{"rendered":"SANTUARIO DE LAS LUCI\u00c9RNAGAS"},"content":{"rendered":"\n<p><strong>Cada a\u00f1o durante la temporada de lluvias, en los bosques de puebla se juntan millones de luci\u00e9rnagas,<\/strong> se re\u00fanen estos insectos para realizar su ritual de apareamiento donde a trav\u00e9s de la luz que emiten sus cuerpos, as\u00ed es como consiguen pareja y se reproducen, una experiencia de la naturaleza \u00fanica en este <strong>Santuario de las Luci\u00e9rnagas<\/strong> que espera ser visitado por ti.<\/p>\n\n\n\n<h2 class=\"wp-block-heading has-text-align-center\"><strong>INFORMACI\u00d3N GENERAL<\/strong><\/h2>\n\n\n\n<figure class=\"wp-block-image alignfull size-large\"><img loading=\"lazy\" decoding=\"async\" width=\"825\" height=\"1024\" src=\"https:\/\/holamexicotours.com\/wp-content\/uploads\/2026\/03\/IMG-20260303-WA0018-825x1024.jpg\" alt=\"\" class=\"wp-image-5195\" srcset=\"https:\/\/holamexicotours.com\/wp-content\/uploads\/2026\/03\/IMG-20260303-WA0018-825x1024.jpg 825w, https:\/\/holamexicotours.com\/wp-content\/uploads\/2026\/03\/IMG-20260303-WA0018-242x300.jpg 242w, https:\/\/holamexicotours.com\/wp-content\/uploads\/2026\/03\/IMG-20260303-WA0018-768x953.jpg 768w, https:\/\/holamexicotours.com\/wp-content\/uploads\/2026\/03\/IMG-20260303-WA0018.jpg 1080w\" sizes=\"auto, (max-width: 825px) 100vw, 825px\" \/><\/figure>\n\n\n\n<h2 class=\"wp-block-heading alignwide has-text-align-center\"><strong>ITINERARIO TOUR DE UN DIA <\/strong><\/h2>\n\n\n\n<figure class=\"wp-block-image alignfull size-large\"><img loading=\"lazy\" decoding=\"async\" width=\"826\" height=\"1024\" src=\"https:\/\/holamexicotours.com\/wp-content\/uploads\/2026\/02\/IMG-20260218-WA0002-826x1024.jpg\" alt=\"\" class=\"wp-image-5108\" srcset=\"https:\/\/holamexicotours.com\/wp-content\/uploads\/2026\/02\/IMG-20260218-WA0002-826x1024.jpg 826w, https:\/\/holamexicotours.com\/wp-content\/uploads\/2026\/02\/IMG-20260218-WA0002-242x300.jpg 242w, https:\/\/holamexicotours.com\/wp-content\/uploads\/2026\/02\/IMG-20260218-WA0002-768x952.jpg 768w, https:\/\/holamexicotours.com\/wp-content\/uploads\/2026\/02\/IMG-20260218-WA0002.jpg 1082w\" sizes=\"auto, (max-width: 826px) 100vw, 826px\" \/><\/figure>\n\n\n\n<h2 class=\"wp-block-heading has-text-align-center\"><strong>ITINERARIO CONTINUA&#8230;. TOUR DE DOS DIAS<\/strong><\/h2>\n\n\n\n<figure class=\"wp-block-image alignfull size-large\"><img loading=\"lazy\" decoding=\"async\" width=\"825\" height=\"1024\" src=\"https:\/\/holamexicotours.com\/wp-content\/uploads\/2026\/02\/IMG-20260218-WA0003-825x1024.jpg\" alt=\"\" class=\"wp-image-5110\" srcset=\"https:\/\/holamexicotours.com\/wp-content\/uploads\/2026\/02\/IMG-20260218-WA0003-825x1024.jpg 825w, https:\/\/holamexicotours.com\/wp-content\/uploads\/2026\/02\/IMG-20260218-WA0003-242x300.jpg 242w, https:\/\/holamexicotours.com\/wp-content\/uploads\/2026\/02\/IMG-20260218-WA0003-768x953.jpg 768w, https:\/\/holamexicotours.com\/wp-content\/uploads\/2026\/02\/IMG-20260218-WA0003.jpg 1081w\" sizes=\"auto, (max-width: 825px) 100vw, 825px\" \/><\/figure>\n\n\n\n<h2 class=\"wp-block-heading has-text-align-center\"><strong>&#8220;CONOCE MAS Y VIVE ESTA EXPERIENCIA&#8221;<\/strong><\/h2>\n\n\n\n<p><strong>Val\u2019 Quirico es un lugar que emula una campi\u00f1a europea<\/strong> repleta de \u00e1rboles,&nbsp;arquitectura medieval&nbsp;junto a una reconfortante zona de restaurantes con comida internacional.<\/p>\n\n\n\n<p><strong>Ubicado en el estado de Tlaxcala<\/strong>, su ambiente es encantador que te transporta a un lugar m\u00e1gico donde podr\u00e1s disfrutar de hermosos paisajes, callejones, plazas y actividades.<\/p>\n\n\n\n<p><strong>El primer reino de los Reinos de M\u00e9xico<\/strong>, desarrollo en Tlaxcala de inspiraci\u00f3n europea, una campi\u00f1a de estilo europeo repleta de \u00e1rboles,<strong>&nbsp;arquitectura medieval<\/strong>.<\/p>\n\n\n\n<figure class=\"wp-block-video\"><video controls src=\"https:\/\/holamexicotours.com\/wp-content\/uploads\/2026\/02\/copy_6BA504A8-ED66-404C-BE4C-19D195F10E06.mov\"><\/video><\/figure>\n\n\n\n<p>Las&nbsp;<strong>Minas de Tiza <\/strong>son un conjunto de cavernas de calcita en la zona alrededor de&nbsp;<strong>San Mateo Huexoyucan<\/strong>, Imagina recorrer un laberinto hecho de arcilla blanca, lleno de portales, t\u00faneles, recovecos y galer\u00edas.<\/p>\n\n\n\n<p>Las cavernas de estas antiguas minas est\u00e1n hechas de&nbsp;<strong>calcita o carbonato de calcio<\/strong>. Este mineral es el principal componente en la tiza o gis, como se le conoce principalmente en&nbsp;M\u00e9xico.<\/p>\n\n\n\n<figure class=\"wp-block-image alignfull size-full\"><img loading=\"lazy\" decoding=\"async\" width=\"678\" height=\"452\" src=\"https:\/\/holamexicotours.com\/wp-content\/uploads\/2026\/02\/images-1-1.jpeg\" alt=\"\" class=\"wp-image-5122\" srcset=\"https:\/\/holamexicotours.com\/wp-content\/uploads\/2026\/02\/images-1-1.jpeg 678w, https:\/\/holamexicotours.com\/wp-content\/uploads\/2026\/02\/images-1-1-300x200.jpeg 300w\" sizes=\"auto, (max-width: 678px) 100vw, 678px\" \/><\/figure>\n\n\n\n<p>Este espacio verde es hogar de m\u00faltiples atractivos, entre ellos el&nbsp;<strong>Paseo de los Gigantes<\/strong>, una exhibici\u00f3n de m\u00e1s de 50 maquetas a escala de monumentos y recintos hist\u00f3ricos de todo el mundo, M\u00e9xico y Puebla. Aqu\u00ed, los visitantes pueden maravillarse con representaciones en miniatura de la&nbsp;<strong>Muralla China, la Torre Eiffel, el \u00c1ngel de la Independencia<\/strong>&nbsp;y la&nbsp;<strong>Pir\u00e1mide de Cholula<\/strong>, entre muchas otras, en un recorrido educativo y fascinante para toda la familia.<\/p>\n\n\n\n<figure class=\"wp-block-image alignfull size-full\"><img loading=\"lazy\" decoding=\"async\" width=\"640\" height=\"480\" src=\"https:\/\/holamexicotours.com\/wp-content\/uploads\/2026\/02\/images-1.jpeg\" alt=\"\" class=\"wp-image-5121\" srcset=\"https:\/\/holamexicotours.com\/wp-content\/uploads\/2026\/02\/images-1.jpeg 640w, https:\/\/holamexicotours.com\/wp-content\/uploads\/2026\/02\/images-1-300x225.jpeg 300w\" sizes=\"auto, (max-width: 640px) 100vw, 640px\" \/><\/figure>\n\n\n\n<h2 class=\"wp-block-heading has-text-align-center\"><strong>HOTEL SEDE DEL VIAJE<\/strong><\/h2>\n\n\n\n<figure class=\"wp-block-image alignfull size-full\"><img loading=\"lazy\" decoding=\"async\" width=\"678\" height=\"452\" src=\"https:\/\/holamexicotours.com\/wp-content\/uploads\/2026\/02\/images-2.jpeg\" alt=\"\" class=\"wp-image-5125\" srcset=\"https:\/\/holamexicotours.com\/wp-content\/uploads\/2026\/02\/images-2.jpeg 678w, https:\/\/holamexicotours.com\/wp-content\/uploads\/2026\/02\/images-2-300x200.jpeg 300w\" sizes=\"auto, (max-width: 678px) 100vw, 678px\" \/><\/figure>\n\n\n\n<p id=\"block-85896191-5e76-42de-a681-9af2e25aa410\">Prep\u00e1rate para vivir esta aventura y diversi\u00f3n con las diferentes actividades de estos incre\u00edbles destinos, <strong>\u00a1\u00a1No te lo puedes perder!!<\/strong><\/p>\n\n\n\n<h2 class=\"wp-block-heading has-text-align-center\"><strong>RECOMENDACIONES TOUR LUCIERNAGAS<\/strong><\/h2>\n\n\n\n<figure class=\"wp-block-image alignfull size-large\"><img loading=\"lazy\" decoding=\"async\" width=\"825\" height=\"1024\" src=\"https:\/\/holamexicotours.com\/wp-content\/uploads\/2026\/02\/IMG-20260218-WA0005-825x1024.jpg\" alt=\"\" class=\"wp-image-5109\" srcset=\"https:\/\/holamexicotours.com\/wp-content\/uploads\/2026\/02\/IMG-20260218-WA0005-825x1024.jpg 825w, https:\/\/holamexicotours.com\/wp-content\/uploads\/2026\/02\/IMG-20260218-WA0005-242x300.jpg 242w, https:\/\/holamexicotours.com\/wp-content\/uploads\/2026\/02\/IMG-20260218-WA0005-768x953.jpg 768w, https:\/\/holamexicotours.com\/wp-content\/uploads\/2026\/02\/IMG-20260218-WA0005.jpg 1080w\" sizes=\"auto, (max-width: 825px) 100vw, 825px\" \/><\/figure>\n\n\n\n<figure class=\"wp-block-image alignfull size-full\"><a href=\"https:\/\/holamexicotours.com\/index.php\/reserva-tu-viaje-con-la-agencia-de-viaje-de-tu-preferencia\/\"><img loading=\"lazy\" decoding=\"async\" width=\"687\" height=\"367\" src=\"https:\/\/holamexicotours.com\/wp-content\/uploads\/2024\/08\/RESERVA-TU-VIAJE-AQUI.jpg\" alt=\"\" class=\"wp-image-1942\"\/><\/a><\/figure>\n","protected":false},"excerpt":{"rendered":"<p>Cada a\u00f1o durante la temporada de lluvias, en los bosques de puebla se juntan millones de luci\u00e9rnagas, se re\u00fanen estos insectos para realizar su ritual de apareamiento donde a trav\u00e9s&hellip; <\/p>\n","protected":false},"author":2,"featured_media":5161,"parent":0,"menu_order":0,"comment_status":"closed","ping_status":"closed","template":"","meta":{"footnotes":""},"class_list":["post-3271","page","type-page","status-publish","has-post-thumbnail","hentry"],"yoast_head":"<!-- This site is optimized with the Yoast SEO plugin v23.3 - https:\/\/yoast.com\/wordpress\/plugins\/seo\/ -->\n<title>SANTUARIO DE LAS LUCI\u00c9RNAGAS - HOLA MEXICO TOURS<\/title>\n<meta name=\"robots\" content=\"index, follow, max-snippet:-1, max-image-preview:large, max-video-preview:-1\" \/>\n<link rel=\"canonical\" href=\"https:\/\/holamexicotours.com\/index.php\/santuario-de-las-luciernagas\/\" \/>\n<meta property=\"og:locale\" content=\"es_MX\" \/>\n<meta property=\"og:type\" content=\"article\" \/>\n<meta property=\"og:title\" content=\"SANTUARIO DE LAS LUCI\u00c9RNAGAS - HOLA MEXICO TOURS\" \/>\n<meta property=\"og:description\" content=\"Cada a\u00f1o durante la temporada de lluvias, en los bosques de puebla se juntan millones de luci\u00e9rnagas, se re\u00fanen estos insectos para realizar su ritual de apareamiento donde a trav\u00e9s&hellip;\" \/>\n<meta property=\"og:url\" content=\"https:\/\/holamexicotours.com\/index.php\/santuario-de-las-luciernagas\/\" \/>\n<meta property=\"og:site_name\" content=\"HOLA MEXICO TOURS\" \/>\n<meta property=\"article:modified_time\" content=\"2026-03-04T00:52:22+00:00\" \/>\n<meta property=\"og:image\" content=\"https:\/\/holamexicotours.com\/wp-content\/uploads\/2026\/02\/pexels-willsantos-2026960-scaled.jpg\" \/>\n\t<meta property=\"og:image:width\" content=\"1696\" \/>\n\t<meta property=\"og:image:height\" content=\"2560\" \/>\n\t<meta property=\"og:image:type\" content=\"image\/jpeg\" \/>\n<meta name=\"twitter:card\" content=\"summary_large_image\" \/>\n<meta name=\"twitter:label1\" content=\"Tiempo de lectura\" \/>\n\t<meta name=\"twitter:data1\" content=\"4 minutos\" \/>\n<script type=\"application\/ld+json\" class=\"yoast-schema-graph\">{\"@context\":\"https:\/\/schema.org\",\"@graph\":[{\"@type\":\"WebPage\",\"@id\":\"https:\/\/holamexicotours.com\/index.php\/santuario-de-las-luciernagas\/\",\"url\":\"https:\/\/holamexicotours.com\/index.php\/santuario-de-las-luciernagas\/\",\"name\":\"SANTUARIO DE LAS LUCI\u00c9RNAGAS - HOLA MEXICO TOURS\",\"isPartOf\":{\"@id\":\"https:\/\/holamexicotours.com\/#website\"},\"primaryImageOfPage\":{\"@id\":\"https:\/\/holamexicotours.com\/index.php\/santuario-de-las-luciernagas\/#primaryimage\"},\"image\":{\"@id\":\"https:\/\/holamexicotours.com\/index.php\/santuario-de-las-luciernagas\/#primaryimage\"},\"thumbnailUrl\":\"https:\/\/holamexicotours.com\/wp-content\/uploads\/2026\/02\/pexels-willsantos-2026960-scaled.jpg\",\"datePublished\":\"2025-05-18T19:33:31+00:00\",\"dateModified\":\"2026-03-04T00:52:22+00:00\",\"breadcrumb\":{\"@id\":\"https:\/\/holamexicotours.com\/index.php\/santuario-de-las-luciernagas\/#breadcrumb\"},\"inLanguage\":\"es\",\"potentialAction\":[{\"@type\":\"ReadAction\",\"target\":[\"https:\/\/holamexicotours.com\/index.php\/santuario-de-las-luciernagas\/\"]}]},{\"@type\":\"ImageObject\",\"inLanguage\":\"es\",\"@id\":\"https:\/\/holamexicotours.com\/index.php\/santuario-de-las-luciernagas\/#primaryimage\",\"url\":\"https:\/\/holamexicotours.com\/wp-content\/uploads\/2026\/02\/pexels-willsantos-2026960-scaled.jpg\",\"contentUrl\":\"https:\/\/holamexicotours.com\/wp-content\/uploads\/2026\/02\/pexels-willsantos-2026960-scaled.jpg\",\"width\":1696,\"height\":2560},{\"@type\":\"BreadcrumbList\",\"@id\":\"https:\/\/holamexicotours.com\/index.php\/santuario-de-las-luciernagas\/#breadcrumb\",\"itemListElement\":[{\"@type\":\"ListItem\",\"position\":1,\"name\":\"Home\",\"item\":\"https:\/\/holamexicotours.com\/\"},{\"@type\":\"ListItem\",\"position\":2,\"name\":\"SANTUARIO DE LAS LUCI\u00c9RNAGAS\"}]},{\"@type\":\"WebSite\",\"@id\":\"https:\/\/holamexicotours.com\/#website\",\"url\":\"https:\/\/holamexicotours.com\/\",\"name\":\"https:\/\/holamexicotours.com\/\",\"description\":\"A trav\u00e9z de tus ojos, VIVE M\u00c9XICO.\",\"publisher\":{\"@id\":\"https:\/\/holamexicotours.com\/#\/schema\/person\/03a3eec8d68d2f43733875f848656cc2\"},\"potentialAction\":[{\"@type\":\"SearchAction\",\"target\":{\"@type\":\"EntryPoint\",\"urlTemplate\":\"https:\/\/holamexicotours.com\/?s={search_term_string}\"},\"query-input\":\"required name=search_term_string\"}],\"inLanguage\":\"es\"},{\"@type\":[\"Person\",\"Organization\"],\"@id\":\"https:\/\/holamexicotours.com\/#\/schema\/person\/03a3eec8d68d2f43733875f848656cc2\",\"name\":\"holamexicotours\",\"image\":{\"@type\":\"ImageObject\",\"inLanguage\":\"es\",\"@id\":\"https:\/\/holamexicotours.com\/#\/schema\/person\/image\/\",\"url\":\"https:\/\/holamexicotours.com\/wp-content\/uploads\/2025\/04\/cropped-LOGO-FINAL.png\",\"contentUrl\":\"https:\/\/holamexicotours.com\/wp-content\/uploads\/2025\/04\/cropped-LOGO-FINAL.png\",\"width\":1182,\"height\":778,\"caption\":\"holamexicotours\"},\"logo\":{\"@id\":\"https:\/\/holamexicotours.com\/#\/schema\/person\/image\/\"}}]}<\/script>\n<!-- \/ Yoast SEO plugin. -->","yoast_head_json":{"title":"SANTUARIO DE LAS LUCI\u00c9RNAGAS - HOLA MEXICO TOURS","robots":{"index":"index","follow":"follow","max-snippet":"max-snippet:-1","max-image-preview":"max-image-preview:large","max-video-preview":"max-video-preview:-1"},"canonical":"https:\/\/holamexicotours.com\/index.php\/santuario-de-las-luciernagas\/","og_locale":"es_MX","og_type":"article","og_title":"SANTUARIO DE LAS LUCI\u00c9RNAGAS - HOLA MEXICO TOURS","og_description":"Cada a\u00f1o durante la temporada de lluvias, en los bosques de puebla se juntan millones de luci\u00e9rnagas, se re\u00fanen estos insectos para realizar su ritual de apareamiento donde a trav\u00e9s&hellip;","og_url":"https:\/\/holamexicotours.com\/index.php\/santuario-de-las-luciernagas\/","og_site_name":"HOLA MEXICO TOURS","article_modified_time":"2026-03-04T00:52:22+00:00","og_image":[{"width":1696,"height":2560,"url":"https:\/\/holamexicotours.com\/wp-content\/uploads\/2026\/02\/pexels-willsantos-2026960-scaled.jpg","type":"image\/jpeg"}],"twitter_card":"summary_large_image","twitter_misc":{"Tiempo de lectura":"4 minutos"},"schema":{"@context":"https:\/\/schema.org","@graph":[{"@type":"WebPage","@id":"https:\/\/holamexicotours.com\/index.php\/santuario-de-las-luciernagas\/","url":"https:\/\/holamexicotours.com\/index.php\/santuario-de-las-luciernagas\/","name":"SANTUARIO DE LAS LUCI\u00c9RNAGAS - HOLA MEXICO TOURS","isPartOf":{"@id":"https:\/\/holamexicotours.com\/#website"},"primaryImageOfPage":{"@id":"https:\/\/holamexicotours.com\/index.php\/santuario-de-las-luciernagas\/#primaryimage"},"image":{"@id":"https:\/\/holamexicotours.com\/index.php\/santuario-de-las-luciernagas\/#primaryimage"},"thumbnailUrl":"https:\/\/holamexicotours.com\/wp-content\/uploads\/2026\/02\/pexels-willsantos-2026960-scaled.jpg","datePublished":"2025-05-18T19:33:31+00:00","dateModified":"2026-03-04T00:52:22+00:00","breadcrumb":{"@id":"https:\/\/holamexicotours.com\/index.php\/santuario-de-las-luciernagas\/#breadcrumb"},"inLanguage":"es","potentialAction":[{"@type":"ReadAction","target":["https:\/\/holamexicotours.com\/index.php\/santuario-de-las-luciernagas\/"]}]},{"@type":"ImageObject","inLanguage":"es","@id":"https:\/\/holamexicotours.com\/index.php\/santuario-de-las-luciernagas\/#primaryimage","url":"https:\/\/holamexicotours.com\/wp-content\/uploads\/2026\/02\/pexels-willsantos-2026960-scaled.jpg","contentUrl":"https:\/\/holamexicotours.com\/wp-content\/uploads\/2026\/02\/pexels-willsantos-2026960-scaled.jpg","width":1696,"height":2560},{"@type":"BreadcrumbList","@id":"https:\/\/holamexicotours.com\/index.php\/santuario-de-las-luciernagas\/#breadcrumb","itemListElement":[{"@type":"ListItem","position":1,"name":"Home","item":"https:\/\/holamexicotours.com\/"},{"@type":"ListItem","position":2,"name":"SANTUARIO DE LAS LUCI\u00c9RNAGAS"}]},{"@type":"WebSite","@id":"https:\/\/holamexicotours.com\/#website","url":"https:\/\/holamexicotours.com\/","name":"https:\/\/holamexicotours.com\/","description":"A trav\u00e9z de tus ojos, VIVE M\u00c9XICO.","publisher":{"@id":"https:\/\/holamexicotours.com\/#\/schema\/person\/03a3eec8d68d2f43733875f848656cc2"},"potentialAction":[{"@type":"SearchAction","target":{"@type":"EntryPoint","urlTemplate":"https:\/\/holamexicotours.com\/?s={search_term_string}"},"query-input":"required name=search_term_string"}],"inLanguage":"es"},{"@type":["Person","Organization"],"@id":"https:\/\/holamexicotours.com\/#\/schema\/person\/03a3eec8d68d2f43733875f848656cc2","name":"holamexicotours","image":{"@type":"ImageObject","inLanguage":"es","@id":"https:\/\/holamexicotours.com\/#\/schema\/person\/image\/","url":"https:\/\/holamexicotours.com\/wp-content\/uploads\/2025\/04\/cropped-LOGO-FINAL.png","contentUrl":"https:\/\/holamexicotours.com\/wp-content\/uploads\/2025\/04\/cropped-LOGO-FINAL.png","width":1182,"height":778,"caption":"holamexicotours"},"logo":{"@id":"https:\/\/holamexicotours.com\/#\/schema\/person\/image\/"}}]}},"_links":{"self":[{"href":"https:\/\/holamexicotours.com\/index.php\/wp-json\/wp\/v2\/pages\/3271","targetHints":{"allow":["GET"]}}],"collection":[{"href":"https:\/\/holamexicotours.com\/index.php\/wp-json\/wp\/v2\/pages"}],"about":[{"href":"https:\/\/holamexicotours.com\/index.php\/wp-json\/wp\/v2\/types\/page"}],"author":[{"embeddable":true,"href":"https:\/\/holamexicotours.com\/index.php\/wp-json\/wp\/v2\/users\/2"}],"replies":[{"embeddable":true,"href":"https:\/\/holamexicotours.com\/index.php\/wp-json\/wp\/v2\/comments?post=3271"}],"version-history":[{"count":30,"href":"https:\/\/holamexicotours.com\/index.php\/wp-json\/wp\/v2\/pages\/3271\/revisions"}],"predecessor-version":[{"id":5196,"href":"https:\/\/holamexicotours.com\/index.php\/wp-json\/wp\/v2\/pages\/3271\/revisions\/5196"}],"wp:featuredmedia":[{"embeddable":true,"href":"https:\/\/holamexicotours.com\/index.php\/wp-json\/wp\/v2\/media\/5161"}],"wp:attachment":[{"href":"https:\/\/holamexicotours.com\/index.php\/wp-json\/wp\/v2\/media?parent=3271"}],"curies":[{"name":"wp","href":"https:\/\/api.w.org\/{rel}","templated":true}]}}