{"id":2631,"date":"2025-03-13T03:34:19","date_gmt":"2025-03-13T03:34:19","guid":{"rendered":"https:\/\/holamexicotours.com\/?page_id=2631"},"modified":"2025-12-30T20:27:43","modified_gmt":"2025-12-30T20:27:43","slug":"playa-tecolutla-tajin-y-papatla","status":"publish","type":"page","link":"https:\/\/holamexicotours.com\/index.php\/playa-tecolutla-tajin-y-papatla\/","title":{"rendered":"PLAYA TECOLUTLA, TAJIN Y PAPATLA"},"content":{"rendered":"\n<p><strong>Ubicada al norte de Veracruz,<\/strong> esta zona arqueol\u00f3gica, antigua capital del mundo totonaco, te espera para que explores sus portentosos edificios &#8220;que evocan al sol, a la lluvia y al tiempo&#8221;.Destinos que lo tienen todo&#8230;. Playa, Manglares, Pueblos, Arqueologia y Diversion para grandes y chicos.<\/p>\n\n\n\n<h2 class=\"wp-block-heading\"><strong>ITINERARIO DEL VIAJE<\/strong><\/h2>\n\n\n\n<figure class=\"wp-block-image alignfull size-large\"><img loading=\"lazy\" decoding=\"async\" width=\"828\" height=\"1024\" src=\"https:\/\/holamexicotours.com\/wp-content\/uploads\/2025\/12\/GUIA-DE-VIAJE-TECOLUTLA-828x1024.jpg\" alt=\"\" class=\"wp-image-4928\" srcset=\"https:\/\/holamexicotours.com\/wp-content\/uploads\/2025\/12\/GUIA-DE-VIAJE-TECOLUTLA-828x1024.jpg 828w, https:\/\/holamexicotours.com\/wp-content\/uploads\/2025\/12\/GUIA-DE-VIAJE-TECOLUTLA-242x300.jpg 242w, https:\/\/holamexicotours.com\/wp-content\/uploads\/2025\/12\/GUIA-DE-VIAJE-TECOLUTLA-768x950.jpg 768w, https:\/\/holamexicotours.com\/wp-content\/uploads\/2025\/12\/GUIA-DE-VIAJE-TECOLUTLA.jpg 1083w\" sizes=\"auto, (max-width: 828px) 100vw, 828px\" \/><\/figure>\n\n\n\n<figure class=\"wp-block-image alignfull size-large\"><img loading=\"lazy\" decoding=\"async\" width=\"826\" height=\"1024\" src=\"https:\/\/holamexicotours.com\/wp-content\/uploads\/2025\/10\/02.GUIA-DE-VIAJE-TECOLUTLA-1-826x1024.jpg\" alt=\"\" class=\"wp-image-4395\" srcset=\"https:\/\/holamexicotours.com\/wp-content\/uploads\/2025\/10\/02.GUIA-DE-VIAJE-TECOLUTLA-1-826x1024.jpg 826w, https:\/\/holamexicotours.com\/wp-content\/uploads\/2025\/10\/02.GUIA-DE-VIAJE-TECOLUTLA-1-242x300.jpg 242w, https:\/\/holamexicotours.com\/wp-content\/uploads\/2025\/10\/02.GUIA-DE-VIAJE-TECOLUTLA-1-768x952.jpg 768w, https:\/\/holamexicotours.com\/wp-content\/uploads\/2025\/10\/02.GUIA-DE-VIAJE-TECOLUTLA-1.jpg 1082w\" sizes=\"auto, (max-width: 826px) 100vw, 826px\" \/><\/figure>\n\n\n\n<figure class=\"wp-block-image alignfull size-large\"><img loading=\"lazy\" decoding=\"async\" width=\"826\" height=\"1024\" src=\"https:\/\/holamexicotours.com\/wp-content\/uploads\/2025\/10\/03.GUIA-DE-VIAJE-TECOLUTLA-1-826x1024.jpg\" alt=\"\" class=\"wp-image-4396\" srcset=\"https:\/\/holamexicotours.com\/wp-content\/uploads\/2025\/10\/03.GUIA-DE-VIAJE-TECOLUTLA-1-826x1024.jpg 826w, https:\/\/holamexicotours.com\/wp-content\/uploads\/2025\/10\/03.GUIA-DE-VIAJE-TECOLUTLA-1-242x300.jpg 242w, https:\/\/holamexicotours.com\/wp-content\/uploads\/2025\/10\/03.GUIA-DE-VIAJE-TECOLUTLA-1-768x952.jpg 768w, https:\/\/holamexicotours.com\/wp-content\/uploads\/2025\/10\/03.GUIA-DE-VIAJE-TECOLUTLA-1.jpg 1082w\" sizes=\"auto, (max-width: 826px) 100vw, 826px\" \/><\/figure>\n\n\n\n<figure class=\"wp-block-image alignfull size-large\"><img loading=\"lazy\" decoding=\"async\" width=\"825\" height=\"1024\" src=\"https:\/\/holamexicotours.com\/wp-content\/uploads\/2025\/10\/04.GUIA-DE-VIAJE-TECOLUTLA-1-825x1024.jpg\" alt=\"\" class=\"wp-image-4397\" srcset=\"https:\/\/holamexicotours.com\/wp-content\/uploads\/2025\/10\/04.GUIA-DE-VIAJE-TECOLUTLA-1-825x1024.jpg 825w, https:\/\/holamexicotours.com\/wp-content\/uploads\/2025\/10\/04.GUIA-DE-VIAJE-TECOLUTLA-1-242x300.jpg 242w, https:\/\/holamexicotours.com\/wp-content\/uploads\/2025\/10\/04.GUIA-DE-VIAJE-TECOLUTLA-1-768x953.jpg 768w, https:\/\/holamexicotours.com\/wp-content\/uploads\/2025\/10\/04.GUIA-DE-VIAJE-TECOLUTLA-1.jpg 1080w\" sizes=\"auto, (max-width: 825px) 100vw, 825px\" \/><\/figure>\n\n\n\n<h2 class=\"wp-block-heading has-text-align-center\">&#8220;<strong>CONOCE MAS Y VIVE ESTA EXPERIENCIA<\/strong>&#8220;<\/h2>\n\n\n\n<figure class=\"wp-block-video alignfull\"><video autoplay controls loop src=\"https:\/\/holamexicotours.com\/wp-content\/uploads\/2025\/03\/copy_7CA49483-4A49-4D91-8BE0-A0D8416159F1_1-1.mp4\"><\/video><\/figure>\n\n\n\n<p><\/p>\n\n\n\n<p><strong>Ubicada al norte de Veracruz,<\/strong> esta zona arqueol\u00f3gica, antigua capital del mundo totonaco, te espera para que explores sus portentosos edificios &#8220;que evocan al sol, a la lluvia y al tiempo&#8221;.<\/p>\n\n\n\n<figure class=\"wp-block-image alignfull size-large\"><img decoding=\"async\" src=\"https:\/\/edukatours.com\/wp-content\/uploads\/2025\/03\/FB_IMG_1741751282357-1024x1018.jpg\" alt=\"\" class=\"wp-image-5228\"\/><\/figure>\n\n\n\n<p>Al norte del estado, en medio del bosque subtropical, est\u00e1 Papantla,&nbsp;<strong>\u201cla ciudad que perfuma al mundo\u201d<\/strong>&nbsp;con sus extensos campos de vainilla. Amanece siempre&nbsp;<strong>limpia y bella<\/strong>; sus calles estrechas y empedradas dan el paso a gente orgullosa de sus ra\u00edces. Todo en este lugar&nbsp;<strong>tiene que ver con aves, viento y con levantar el vuelo. Es cuna de los famosos \u201cvoladores\u201d,&nbsp;<\/strong>Papantla huele a tradici\u00f3n y es un&nbsp;<strong>celoso guardi\u00e1n de su origen totonaca<\/strong>.<\/p>\n\n\n\n<figure class=\"wp-block-image alignfull size-full\"><img decoding=\"async\" src=\"https:\/\/edukatours.com\/wp-content\/uploads\/2025\/03\/manglares.jpg\" alt=\"\" class=\"wp-image-5237\"\/><\/figure>\n\n\n\n<p><strong>\u00bfAlguna vez has imaginado explorar un lugar donde el agua y la vegetaci\u00f3n se mezclan de una forma \u00fanica?<\/strong> Los manglares de Tecolutla te ofrecen una experiencia inolvidable.<\/p>\n\n\n\n<figure class=\"wp-block-image alignfull size-large\"><img decoding=\"async\" src=\"https:\/\/edukatours.com\/wp-content\/uploads\/2025\/03\/FB_IMG_1741751654424-819x1024.jpg\" alt=\"\" class=\"wp-image-5243\"\/><\/figure>\n\n\n\n<p><strong>\u00bfQu\u00e9 son los manglares de Tecolutla? <\/strong>Los manglares son ecosistemas costeros donde se mezclan el agua dulce de los r\u00edos y la salada del mar. En Tecolutla, estos manglares forman una red intrincada de canales y vegetaci\u00f3n, creando el ambiente perfecto para muchas especies de animales y plantas. Los manglares act\u00faan como filtros naturales, protegiendo las costas de la erosi\u00f3n y sirviendo de refugio para muchas especies.<\/p>\n\n\n\n<figure class=\"wp-block-image alignfull size-full\"><img decoding=\"async\" src=\"https:\/\/edukatours.com\/wp-content\/uploads\/2025\/03\/images.jpeg\" alt=\"\" class=\"wp-image-5230\"\/><\/figure>\n\n\n\n<p><strong>La playa en Tecolutla Veracruz<\/strong>, es una de las m\u00e1s visitadas por personas que buscan disfrutar del sol y el mar en un ambiente familiar y a precios accesibles, as\u00ed como buenos hoteles y restaurantes con deliciosos platillos.<\/p>\n\n\n\n<figure class=\"wp-block-image alignfull size-full\"><img decoding=\"async\" src=\"https:\/\/edukatours.com\/wp-content\/uploads\/2025\/03\/FB_IMG_1741752452821.jpg\" alt=\"\" class=\"wp-image-5231\"\/><\/figure>\n\n\n\n<figure class=\"wp-block-image alignfull size-full\"><a href=\"https:\/\/holamexicotours.com\/index.php\/reserva-tu-viaje-con-la-agencia-de-viaje-de-tu-preferencia\/\"><img loading=\"lazy\" decoding=\"async\" width=\"687\" height=\"367\" src=\"https:\/\/holamexicotours.com\/wp-content\/uploads\/2024\/08\/RESERVA-TU-VIAJE-AQUI.jpg\" alt=\"\" class=\"wp-image-1942\"\/><\/a><\/figure>\n","protected":false},"excerpt":{"rendered":"<p>Ubicada al norte de Veracruz, esta zona arqueol\u00f3gica, antigua capital del mundo totonaco, te espera para que explores sus portentosos edificios &#8220;que evocan al sol, a la lluvia y al&hellip; <\/p>\n","protected":false},"author":2,"featured_media":4338,"parent":0,"menu_order":0,"comment_status":"closed","ping_status":"closed","template":"","meta":{"footnotes":""},"class_list":["post-2631","page","type-page","status-publish","has-post-thumbnail","hentry"],"yoast_head":"<!-- This site is optimized with the Yoast SEO plugin v23.3 - https:\/\/yoast.com\/wordpress\/plugins\/seo\/ -->\n<title>PLAYA TECOLUTLA, TAJIN Y PAPATLA - HOLA MEXICO TOURS<\/title>\n<meta name=\"robots\" content=\"index, follow, max-snippet:-1, max-image-preview:large, max-video-preview:-1\" \/>\n<link rel=\"canonical\" href=\"https:\/\/holamexicotours.com\/index.php\/playa-tecolutla-tajin-y-papatla\/\" \/>\n<meta property=\"og:locale\" content=\"es_MX\" \/>\n<meta property=\"og:type\" content=\"article\" \/>\n<meta property=\"og:title\" content=\"PLAYA TECOLUTLA, TAJIN Y PAPATLA - HOLA MEXICO TOURS\" \/>\n<meta property=\"og:description\" content=\"Ubicada al norte de Veracruz, esta zona arqueol\u00f3gica, antigua capital del mundo totonaco, te espera para que explores sus portentosos edificios &#8220;que evocan al sol, a la lluvia y al&hellip;\" \/>\n<meta property=\"og:url\" content=\"https:\/\/holamexicotours.com\/index.php\/playa-tecolutla-tajin-y-papatla\/\" \/>\n<meta property=\"og:site_name\" content=\"HOLA MEXICO TOURS\" \/>\n<meta property=\"article:modified_time\" content=\"2025-12-30T20:27:43+00:00\" \/>\n<meta property=\"og:image\" content=\"https:\/\/holamexicotours.com\/wp-content\/uploads\/2025\/10\/FB_IMG_1741751279886.jpg\" \/>\n\t<meta property=\"og:image:width\" content=\"1062\" \/>\n\t<meta property=\"og:image:height\" content=\"1063\" \/>\n\t<meta property=\"og:image:type\" content=\"image\/jpeg\" \/>\n<meta name=\"twitter:card\" content=\"summary_large_image\" \/>\n<meta name=\"twitter:label1\" content=\"Tiempo de lectura\" \/>\n\t<meta name=\"twitter:data1\" content=\"4 minutos\" \/>\n<script type=\"application\/ld+json\" class=\"yoast-schema-graph\">{\"@context\":\"https:\/\/schema.org\",\"@graph\":[{\"@type\":\"WebPage\",\"@id\":\"https:\/\/holamexicotours.com\/index.php\/playa-tecolutla-tajin-y-papatla\/\",\"url\":\"https:\/\/holamexicotours.com\/index.php\/playa-tecolutla-tajin-y-papatla\/\",\"name\":\"PLAYA TECOLUTLA, TAJIN Y PAPATLA - HOLA MEXICO TOURS\",\"isPartOf\":{\"@id\":\"https:\/\/holamexicotours.com\/#website\"},\"primaryImageOfPage\":{\"@id\":\"https:\/\/holamexicotours.com\/index.php\/playa-tecolutla-tajin-y-papatla\/#primaryimage\"},\"image\":{\"@id\":\"https:\/\/holamexicotours.com\/index.php\/playa-tecolutla-tajin-y-papatla\/#primaryimage\"},\"thumbnailUrl\":\"https:\/\/holamexicotours.com\/wp-content\/uploads\/2025\/10\/FB_IMG_1741751279886.jpg\",\"datePublished\":\"2025-03-13T03:34:19+00:00\",\"dateModified\":\"2025-12-30T20:27:43+00:00\",\"breadcrumb\":{\"@id\":\"https:\/\/holamexicotours.com\/index.php\/playa-tecolutla-tajin-y-papatla\/#breadcrumb\"},\"inLanguage\":\"es\",\"potentialAction\":[{\"@type\":\"ReadAction\",\"target\":[\"https:\/\/holamexicotours.com\/index.php\/playa-tecolutla-tajin-y-papatla\/\"]}]},{\"@type\":\"ImageObject\",\"inLanguage\":\"es\",\"@id\":\"https:\/\/holamexicotours.com\/index.php\/playa-tecolutla-tajin-y-papatla\/#primaryimage\",\"url\":\"https:\/\/holamexicotours.com\/wp-content\/uploads\/2025\/10\/FB_IMG_1741751279886.jpg\",\"contentUrl\":\"https:\/\/holamexicotours.com\/wp-content\/uploads\/2025\/10\/FB_IMG_1741751279886.jpg\",\"width\":1062,\"height\":1063},{\"@type\":\"BreadcrumbList\",\"@id\":\"https:\/\/holamexicotours.com\/index.php\/playa-tecolutla-tajin-y-papatla\/#breadcrumb\",\"itemListElement\":[{\"@type\":\"ListItem\",\"position\":1,\"name\":\"Home\",\"item\":\"https:\/\/holamexicotours.com\/\"},{\"@type\":\"ListItem\",\"position\":2,\"name\":\"PLAYA TECOLUTLA, TAJIN Y PAPATLA\"}]},{\"@type\":\"WebSite\",\"@id\":\"https:\/\/holamexicotours.com\/#website\",\"url\":\"https:\/\/holamexicotours.com\/\",\"name\":\"https:\/\/holamexicotours.com\/\",\"description\":\"A trav\u00e9z de tus ojos, VIVE M\u00c9XICO.\",\"publisher\":{\"@id\":\"https:\/\/holamexicotours.com\/#\/schema\/person\/03a3eec8d68d2f43733875f848656cc2\"},\"potentialAction\":[{\"@type\":\"SearchAction\",\"target\":{\"@type\":\"EntryPoint\",\"urlTemplate\":\"https:\/\/holamexicotours.com\/?s={search_term_string}\"},\"query-input\":\"required name=search_term_string\"}],\"inLanguage\":\"es\"},{\"@type\":[\"Person\",\"Organization\"],\"@id\":\"https:\/\/holamexicotours.com\/#\/schema\/person\/03a3eec8d68d2f43733875f848656cc2\",\"name\":\"holamexicotours\",\"image\":{\"@type\":\"ImageObject\",\"inLanguage\":\"es\",\"@id\":\"https:\/\/holamexicotours.com\/#\/schema\/person\/image\/\",\"url\":\"https:\/\/holamexicotours.com\/wp-content\/uploads\/2025\/04\/cropped-LOGO-FINAL.png\",\"contentUrl\":\"https:\/\/holamexicotours.com\/wp-content\/uploads\/2025\/04\/cropped-LOGO-FINAL.png\",\"width\":1182,\"height\":778,\"caption\":\"holamexicotours\"},\"logo\":{\"@id\":\"https:\/\/holamexicotours.com\/#\/schema\/person\/image\/\"}}]}<\/script>\n<!-- \/ Yoast SEO plugin. -->","yoast_head_json":{"title":"PLAYA TECOLUTLA, TAJIN Y PAPATLA - HOLA MEXICO TOURS","robots":{"index":"index","follow":"follow","max-snippet":"max-snippet:-1","max-image-preview":"max-image-preview:large","max-video-preview":"max-video-preview:-1"},"canonical":"https:\/\/holamexicotours.com\/index.php\/playa-tecolutla-tajin-y-papatla\/","og_locale":"es_MX","og_type":"article","og_title":"PLAYA TECOLUTLA, TAJIN Y PAPATLA - HOLA MEXICO TOURS","og_description":"Ubicada al norte de Veracruz, esta zona arqueol\u00f3gica, antigua capital del mundo totonaco, te espera para que explores sus portentosos edificios &#8220;que evocan al sol, a la lluvia y al&hellip;","og_url":"https:\/\/holamexicotours.com\/index.php\/playa-tecolutla-tajin-y-papatla\/","og_site_name":"HOLA MEXICO TOURS","article_modified_time":"2025-12-30T20:27:43+00:00","og_image":[{"width":1062,"height":1063,"url":"https:\/\/holamexicotours.com\/wp-content\/uploads\/2025\/10\/FB_IMG_1741751279886.jpg","type":"image\/jpeg"}],"twitter_card":"summary_large_image","twitter_misc":{"Tiempo de lectura":"4 minutos"},"schema":{"@context":"https:\/\/schema.org","@graph":[{"@type":"WebPage","@id":"https:\/\/holamexicotours.com\/index.php\/playa-tecolutla-tajin-y-papatla\/","url":"https:\/\/holamexicotours.com\/index.php\/playa-tecolutla-tajin-y-papatla\/","name":"PLAYA TECOLUTLA, TAJIN Y PAPATLA - HOLA MEXICO TOURS","isPartOf":{"@id":"https:\/\/holamexicotours.com\/#website"},"primaryImageOfPage":{"@id":"https:\/\/holamexicotours.com\/index.php\/playa-tecolutla-tajin-y-papatla\/#primaryimage"},"image":{"@id":"https:\/\/holamexicotours.com\/index.php\/playa-tecolutla-tajin-y-papatla\/#primaryimage"},"thumbnailUrl":"https:\/\/holamexicotours.com\/wp-content\/uploads\/2025\/10\/FB_IMG_1741751279886.jpg","datePublished":"2025-03-13T03:34:19+00:00","dateModified":"2025-12-30T20:27:43+00:00","breadcrumb":{"@id":"https:\/\/holamexicotours.com\/index.php\/playa-tecolutla-tajin-y-papatla\/#breadcrumb"},"inLanguage":"es","potentialAction":[{"@type":"ReadAction","target":["https:\/\/holamexicotours.com\/index.php\/playa-tecolutla-tajin-y-papatla\/"]}]},{"@type":"ImageObject","inLanguage":"es","@id":"https:\/\/holamexicotours.com\/index.php\/playa-tecolutla-tajin-y-papatla\/#primaryimage","url":"https:\/\/holamexicotours.com\/wp-content\/uploads\/2025\/10\/FB_IMG_1741751279886.jpg","contentUrl":"https:\/\/holamexicotours.com\/wp-content\/uploads\/2025\/10\/FB_IMG_1741751279886.jpg","width":1062,"height":1063},{"@type":"BreadcrumbList","@id":"https:\/\/holamexicotours.com\/index.php\/playa-tecolutla-tajin-y-papatla\/#breadcrumb","itemListElement":[{"@type":"ListItem","position":1,"name":"Home","item":"https:\/\/holamexicotours.com\/"},{"@type":"ListItem","position":2,"name":"PLAYA TECOLUTLA, TAJIN Y PAPATLA"}]},{"@type":"WebSite","@id":"https:\/\/holamexicotours.com\/#website","url":"https:\/\/holamexicotours.com\/","name":"https:\/\/holamexicotours.com\/","description":"A trav\u00e9z de tus ojos, VIVE M\u00c9XICO.","publisher":{"@id":"https:\/\/holamexicotours.com\/#\/schema\/person\/03a3eec8d68d2f43733875f848656cc2"},"potentialAction":[{"@type":"SearchAction","target":{"@type":"EntryPoint","urlTemplate":"https:\/\/holamexicotours.com\/?s={search_term_string}"},"query-input":"required name=search_term_string"}],"inLanguage":"es"},{"@type":["Person","Organization"],"@id":"https:\/\/holamexicotours.com\/#\/schema\/person\/03a3eec8d68d2f43733875f848656cc2","name":"holamexicotours","image":{"@type":"ImageObject","inLanguage":"es","@id":"https:\/\/holamexicotours.com\/#\/schema\/person\/image\/","url":"https:\/\/holamexicotours.com\/wp-content\/uploads\/2025\/04\/cropped-LOGO-FINAL.png","contentUrl":"https:\/\/holamexicotours.com\/wp-content\/uploads\/2025\/04\/cropped-LOGO-FINAL.png","width":1182,"height":778,"caption":"holamexicotours"},"logo":{"@id":"https:\/\/holamexicotours.com\/#\/schema\/person\/image\/"}}]}},"_links":{"self":[{"href":"https:\/\/holamexicotours.com\/index.php\/wp-json\/wp\/v2\/pages\/2631","targetHints":{"allow":["GET"]}}],"collection":[{"href":"https:\/\/holamexicotours.com\/index.php\/wp-json\/wp\/v2\/pages"}],"about":[{"href":"https:\/\/holamexicotours.com\/index.php\/wp-json\/wp\/v2\/types\/page"}],"author":[{"embeddable":true,"href":"https:\/\/holamexicotours.com\/index.php\/wp-json\/wp\/v2\/users\/2"}],"replies":[{"embeddable":true,"href":"https:\/\/holamexicotours.com\/index.php\/wp-json\/wp\/v2\/comments?post=2631"}],"version-history":[{"count":12,"href":"https:\/\/holamexicotours.com\/index.php\/wp-json\/wp\/v2\/pages\/2631\/revisions"}],"predecessor-version":[{"id":4929,"href":"https:\/\/holamexicotours.com\/index.php\/wp-json\/wp\/v2\/pages\/2631\/revisions\/4929"}],"wp:featuredmedia":[{"embeddable":true,"href":"https:\/\/holamexicotours.com\/index.php\/wp-json\/wp\/v2\/media\/4338"}],"wp:attachment":[{"href":"https:\/\/holamexicotours.com\/index.php\/wp-json\/wp\/v2\/media?parent=2631"}],"curies":[{"name":"wp","href":"https:\/\/api.w.org\/{rel}","templated":true}]}}