{"id":2480,"date":"2025-01-17T22:20:12","date_gmt":"2025-01-17T22:20:12","guid":{"rendered":"https:\/\/holamexicotours.com\/?page_id=2480"},"modified":"2026-01-20T00:27:01","modified_gmt":"2026-01-20T00:27:01","slug":"grutas-de-xajha","status":"publish","type":"page","link":"https:\/\/holamexicotours.com\/index.php\/grutas-de-xajha\/","title":{"rendered":"GRUTAS DE XAJHA"},"content":{"rendered":"\n<blockquote class=\"wp-block-quote is-layout-flow wp-block-quote-is-layout-flow\">\n<p id=\"block-3105a236-c938-4aaa-9c30-438c12b47ec6\"><strong><br>Aguas termales en escenarios imponentes, un destino paradisiaco y oculto.<\/strong><\/p>\n<\/blockquote>\n\n\n\n<p><strong>Uno de los tesoros mejor guardados del Estado de Hidalgo<\/strong>, donde las aguas termales alcanzan los 40 grados. Un espectacular desarrollo ecotur\u00edstico donde la aventura y relajaci\u00f3n conviven en perfecta armon\u00eda.<\/p>\n\n\n\n<h2 class=\"wp-block-heading has-text-align-center\">ITINERARIO DEL VIAJE<\/h2>\n\n\n\n<figure class=\"wp-block-image alignfull size-large\"><img loading=\"lazy\" decoding=\"async\" width=\"825\" height=\"1024\" src=\"https:\/\/holamexicotours.com\/wp-content\/uploads\/2026\/01\/IMG-20260115-WA0023-825x1024.jpg\" alt=\"\" class=\"wp-image-4986\" srcset=\"https:\/\/holamexicotours.com\/wp-content\/uploads\/2026\/01\/IMG-20260115-WA0023-825x1024.jpg 825w, https:\/\/holamexicotours.com\/wp-content\/uploads\/2026\/01\/IMG-20260115-WA0023-242x300.jpg 242w, https:\/\/holamexicotours.com\/wp-content\/uploads\/2026\/01\/IMG-20260115-WA0023-768x953.jpg 768w, https:\/\/holamexicotours.com\/wp-content\/uploads\/2026\/01\/IMG-20260115-WA0023.jpg 1080w\" sizes=\"auto, (max-width: 825px) 100vw, 825px\" \/><\/figure>\n\n\n\n<figure class=\"wp-block-image alignfull size-large\"><img loading=\"lazy\" decoding=\"async\" width=\"825\" height=\"1024\" src=\"https:\/\/holamexicotours.com\/wp-content\/uploads\/2026\/01\/IMG-20260115-WA0024-825x1024.jpg\" alt=\"\" class=\"wp-image-4987\" srcset=\"https:\/\/holamexicotours.com\/wp-content\/uploads\/2026\/01\/IMG-20260115-WA0024-825x1024.jpg 825w, https:\/\/holamexicotours.com\/wp-content\/uploads\/2026\/01\/IMG-20260115-WA0024-242x300.jpg 242w, https:\/\/holamexicotours.com\/wp-content\/uploads\/2026\/01\/IMG-20260115-WA0024-768x954.jpg 768w, https:\/\/holamexicotours.com\/wp-content\/uploads\/2026\/01\/IMG-20260115-WA0024.jpg 1080w\" sizes=\"auto, (max-width: 825px) 100vw, 825px\" \/><\/figure>\n\n\n\n<figure class=\"wp-block-image alignfull size-large\"><img loading=\"lazy\" decoding=\"async\" width=\"827\" height=\"1024\" src=\"https:\/\/holamexicotours.com\/wp-content\/uploads\/2026\/01\/IMG-20260115-WA0025-827x1024.jpg\" alt=\"\" class=\"wp-image-4988\" srcset=\"https:\/\/holamexicotours.com\/wp-content\/uploads\/2026\/01\/IMG-20260115-WA0025-827x1024.jpg 827w, https:\/\/holamexicotours.com\/wp-content\/uploads\/2026\/01\/IMG-20260115-WA0025-242x300.jpg 242w, https:\/\/holamexicotours.com\/wp-content\/uploads\/2026\/01\/IMG-20260115-WA0025-768x951.jpg 768w, https:\/\/holamexicotours.com\/wp-content\/uploads\/2026\/01\/IMG-20260115-WA0025.jpg 1082w\" sizes=\"auto, (max-width: 827px) 100vw, 827px\" \/><\/figure>\n\n\n\n<blockquote class=\"wp-block-quote is-layout-flow wp-block-quote-is-layout-flow\">\n<p id=\"block-3105a236-c938-4aaa-9c30-438c12b47ec6\"><strong><br>Aguas termales en escenarios imponentes, un destino paradisiaco y oculto.<\/strong><\/p>\n<\/blockquote>\n\n\n\n<p><strong>Uno de los tesoros mejor guardados del Estado de Hidalgo,<\/strong> donde las aguas termales alcanzan los 40 grados. Un espectacular desarrollo ecotur\u00edstico donde la aventura y relajaci\u00f3n conviven en perfecta armon\u00eda.<\/p>\n\n\n\n<p><strong>Este tesoro escondido se encuentra al pie de la sierra gorda de Hidalgo<\/strong>, cerca del&nbsp;<strong>pueblo m\u00e1gico Zimap\u00e1n<\/strong>&nbsp;y se hace acompa\u00f1ar de<strong>&nbsp;paisajes monta\u00f1osos<\/strong>,&nbsp;<strong>sonidos de la naturaleza,&nbsp;<\/strong>v<strong>istas panor\u00e1micas<\/strong>&nbsp;y&nbsp;<strong>aguas cristalinas<\/strong>.<\/p>\n\n\n\n<figure class=\"wp-block-image alignfull size-full\" id=\"block-a4b5380f-d102-4a02-ae23-0c88edeec980\"><img loading=\"lazy\" decoding=\"async\" width=\"2048\" height=\"1536\" src=\"https:\/\/holamexicotours.com\/wp-content\/uploads\/2026\/01\/FB_IMG_1705112055833.jpg\" alt=\"\" class=\"wp-image-4990\" srcset=\"https:\/\/holamexicotours.com\/wp-content\/uploads\/2026\/01\/FB_IMG_1705112055833.jpg 2048w, https:\/\/holamexicotours.com\/wp-content\/uploads\/2026\/01\/FB_IMG_1705112055833-300x225.jpg 300w, https:\/\/holamexicotours.com\/wp-content\/uploads\/2026\/01\/FB_IMG_1705112055833-1024x768.jpg 1024w, https:\/\/holamexicotours.com\/wp-content\/uploads\/2026\/01\/FB_IMG_1705112055833-768x576.jpg 768w, https:\/\/holamexicotours.com\/wp-content\/uploads\/2026\/01\/FB_IMG_1705112055833-1536x1152.jpg 1536w\" sizes=\"auto, (max-width: 2048px) 100vw, 2048px\" \/><\/figure>\n\n\n\n<p>&nbsp;<strong>Senderismo inigualable<\/strong> guarda este destino, 7 kil\u00f3metros de recorrido para llegar al nacimiento de aguas termales.<\/p>\n\n\n\n<figure class=\"wp-block-image alignfull size-full\" id=\"block-b4693e34-36c2-4e39-bc23-35785e684994\"><img loading=\"lazy\" decoding=\"async\" width=\"1536\" height=\"2048\" src=\"https:\/\/holamexicotours.com\/wp-content\/uploads\/2026\/01\/FB_IMG_1705541611872.jpg\" alt=\"\" class=\"wp-image-4993\" srcset=\"https:\/\/holamexicotours.com\/wp-content\/uploads\/2026\/01\/FB_IMG_1705541611872.jpg 1536w, https:\/\/holamexicotours.com\/wp-content\/uploads\/2026\/01\/FB_IMG_1705541611872-225x300.jpg 225w, https:\/\/holamexicotours.com\/wp-content\/uploads\/2026\/01\/FB_IMG_1705541611872-768x1024.jpg 768w, https:\/\/holamexicotours.com\/wp-content\/uploads\/2026\/01\/FB_IMG_1705541611872-1152x1536.jpg 1152w\" sizes=\"auto, (max-width: 1536px) 100vw, 1536px\" \/><\/figure>\n\n\n\n<p><strong>Cruzaremos varias veces el rio<\/strong> con escenarios naturales y paisajes monta\u00f1osos, antes de llegar al nacimiento visitaremos la <strong>Gruta Seca<\/strong> la cual ser\u00e1 toda una aventura salir de ella.<\/p>\n\n\n\n<p>Si tienes ganas de relajarte en unas aguas termales y disfrutar de unas vistas panor\u00e1micas inigualables, las&nbsp;<strong>Grutas de Xajh\u00e1<\/strong>&nbsp;son el destino que buscas.<\/p>\n\n\n\n<figure class=\"wp-block-image alignfull size-full\" id=\"block-7afb5ca5-bee6-45f4-85ce-86bb8fb42388\"><img loading=\"lazy\" decoding=\"async\" width=\"2048\" height=\"1536\" src=\"https:\/\/holamexicotours.com\/wp-content\/uploads\/2026\/01\/FB_IMG_1705541575193.jpg\" alt=\"\" class=\"wp-image-4992\" srcset=\"https:\/\/holamexicotours.com\/wp-content\/uploads\/2026\/01\/FB_IMG_1705541575193.jpg 2048w, https:\/\/holamexicotours.com\/wp-content\/uploads\/2026\/01\/FB_IMG_1705541575193-300x225.jpg 300w, https:\/\/holamexicotours.com\/wp-content\/uploads\/2026\/01\/FB_IMG_1705541575193-1024x768.jpg 1024w, https:\/\/holamexicotours.com\/wp-content\/uploads\/2026\/01\/FB_IMG_1705541575193-768x576.jpg 768w, https:\/\/holamexicotours.com\/wp-content\/uploads\/2026\/01\/FB_IMG_1705541575193-1536x1152.jpg 1536w\" sizes=\"auto, (max-width: 2048px) 100vw, 2048px\" \/><\/figure>\n\n\n\n<p id=\"block-7952fc6f-5651-40c5-bfac-fd318e9aa516\"><strong>Prep\u00e1rate para tener un d\u00eda lleno de aventura y diversi\u00f3n<\/strong> con las diferentes actividades de este incre\u00edble destino, \u00a1\u00a1No te lo puedes perder!!<\/p>\n\n\n\n<figure class=\"wp-block-image alignfull size-full\"><a href=\"https:\/\/holamexicotours.com\/index.php\/reserva-tu-viaje-con-la-agencia-de-viaje-de-tu-preferencia\/\"><img loading=\"lazy\" decoding=\"async\" width=\"687\" height=\"367\" src=\"https:\/\/holamexicotours.com\/wp-content\/uploads\/2024\/08\/RESERVA-TU-VIAJE-AQUI.jpg\" alt=\"\" class=\"wp-image-1942\"\/><\/a><\/figure>\n","protected":false},"excerpt":{"rendered":"<p>Aguas termales en escenarios imponentes, un destino paradisiaco y oculto. Uno de los tesoros mejor guardados del Estado de Hidalgo, donde las aguas termales alcanzan los 40 grados. Un espectacular&hellip; <\/p>\n","protected":false},"author":2,"featured_media":2486,"parent":0,"menu_order":0,"comment_status":"closed","ping_status":"closed","template":"","meta":{"footnotes":""},"class_list":["post-2480","page","type-page","status-publish","has-post-thumbnail","hentry"],"yoast_head":"<!-- This site is optimized with the Yoast SEO plugin v23.3 - https:\/\/yoast.com\/wordpress\/plugins\/seo\/ -->\n<title>GRUTAS DE XAJHA - HOLA MEXICO TOURS<\/title>\n<meta name=\"robots\" content=\"index, follow, max-snippet:-1, max-image-preview:large, max-video-preview:-1\" \/>\n<link rel=\"canonical\" href=\"https:\/\/holamexicotours.com\/index.php\/grutas-de-xajha\/\" \/>\n<meta property=\"og:locale\" content=\"es_MX\" \/>\n<meta property=\"og:type\" content=\"article\" \/>\n<meta property=\"og:title\" content=\"GRUTAS DE XAJHA - HOLA MEXICO TOURS\" \/>\n<meta property=\"og:description\" content=\"Aguas termales en escenarios imponentes, un destino paradisiaco y oculto. Uno de los tesoros mejor guardados del Estado de Hidalgo, donde las aguas termales alcanzan los 40 grados. Un espectacular&hellip;\" \/>\n<meta property=\"og:url\" content=\"https:\/\/holamexicotours.com\/index.php\/grutas-de-xajha\/\" \/>\n<meta property=\"og:site_name\" content=\"HOLA MEXICO TOURS\" \/>\n<meta property=\"article:modified_time\" content=\"2026-01-20T00:27:01+00:00\" \/>\n<meta property=\"og:image\" content=\"https:\/\/holamexicotours.com\/wp-content\/uploads\/2025\/01\/FB_IMG_1705112033650.jpg\" \/>\n\t<meta property=\"og:image:width\" content=\"2048\" \/>\n\t<meta property=\"og:image:height\" content=\"1536\" \/>\n\t<meta property=\"og:image:type\" content=\"image\/jpeg\" \/>\n<meta name=\"twitter:card\" content=\"summary_large_image\" \/>\n<meta name=\"twitter:label1\" content=\"Tiempo de lectura\" \/>\n\t<meta name=\"twitter:data1\" content=\"3 minutos\" \/>\n<script type=\"application\/ld+json\" class=\"yoast-schema-graph\">{\"@context\":\"https:\/\/schema.org\",\"@graph\":[{\"@type\":\"WebPage\",\"@id\":\"https:\/\/holamexicotours.com\/index.php\/grutas-de-xajha\/\",\"url\":\"https:\/\/holamexicotours.com\/index.php\/grutas-de-xajha\/\",\"name\":\"GRUTAS DE XAJHA - HOLA MEXICO TOURS\",\"isPartOf\":{\"@id\":\"https:\/\/holamexicotours.com\/#website\"},\"primaryImageOfPage\":{\"@id\":\"https:\/\/holamexicotours.com\/index.php\/grutas-de-xajha\/#primaryimage\"},\"image\":{\"@id\":\"https:\/\/holamexicotours.com\/index.php\/grutas-de-xajha\/#primaryimage\"},\"thumbnailUrl\":\"https:\/\/holamexicotours.com\/wp-content\/uploads\/2025\/01\/FB_IMG_1705112033650.jpg\",\"datePublished\":\"2025-01-17T22:20:12+00:00\",\"dateModified\":\"2026-01-20T00:27:01+00:00\",\"breadcrumb\":{\"@id\":\"https:\/\/holamexicotours.com\/index.php\/grutas-de-xajha\/#breadcrumb\"},\"inLanguage\":\"es\",\"potentialAction\":[{\"@type\":\"ReadAction\",\"target\":[\"https:\/\/holamexicotours.com\/index.php\/grutas-de-xajha\/\"]}]},{\"@type\":\"ImageObject\",\"inLanguage\":\"es\",\"@id\":\"https:\/\/holamexicotours.com\/index.php\/grutas-de-xajha\/#primaryimage\",\"url\":\"https:\/\/holamexicotours.com\/wp-content\/uploads\/2025\/01\/FB_IMG_1705112033650.jpg\",\"contentUrl\":\"https:\/\/holamexicotours.com\/wp-content\/uploads\/2025\/01\/FB_IMG_1705112033650.jpg\",\"width\":2048,\"height\":1536},{\"@type\":\"BreadcrumbList\",\"@id\":\"https:\/\/holamexicotours.com\/index.php\/grutas-de-xajha\/#breadcrumb\",\"itemListElement\":[{\"@type\":\"ListItem\",\"position\":1,\"name\":\"Home\",\"item\":\"https:\/\/holamexicotours.com\/\"},{\"@type\":\"ListItem\",\"position\":2,\"name\":\"GRUTAS DE XAJHA\"}]},{\"@type\":\"WebSite\",\"@id\":\"https:\/\/holamexicotours.com\/#website\",\"url\":\"https:\/\/holamexicotours.com\/\",\"name\":\"https:\/\/holamexicotours.com\/\",\"description\":\"A trav\u00e9z de tus ojos, VIVE M\u00c9XICO.\",\"publisher\":{\"@id\":\"https:\/\/holamexicotours.com\/#\/schema\/person\/03a3eec8d68d2f43733875f848656cc2\"},\"potentialAction\":[{\"@type\":\"SearchAction\",\"target\":{\"@type\":\"EntryPoint\",\"urlTemplate\":\"https:\/\/holamexicotours.com\/?s={search_term_string}\"},\"query-input\":\"required name=search_term_string\"}],\"inLanguage\":\"es\"},{\"@type\":[\"Person\",\"Organization\"],\"@id\":\"https:\/\/holamexicotours.com\/#\/schema\/person\/03a3eec8d68d2f43733875f848656cc2\",\"name\":\"holamexicotours\",\"image\":{\"@type\":\"ImageObject\",\"inLanguage\":\"es\",\"@id\":\"https:\/\/holamexicotours.com\/#\/schema\/person\/image\/\",\"url\":\"https:\/\/holamexicotours.com\/wp-content\/uploads\/2025\/04\/cropped-LOGO-FINAL.png\",\"contentUrl\":\"https:\/\/holamexicotours.com\/wp-content\/uploads\/2025\/04\/cropped-LOGO-FINAL.png\",\"width\":1182,\"height\":778,\"caption\":\"holamexicotours\"},\"logo\":{\"@id\":\"https:\/\/holamexicotours.com\/#\/schema\/person\/image\/\"}}]}<\/script>\n<!-- \/ Yoast SEO plugin. -->","yoast_head_json":{"title":"GRUTAS DE XAJHA - HOLA MEXICO TOURS","robots":{"index":"index","follow":"follow","max-snippet":"max-snippet:-1","max-image-preview":"max-image-preview:large","max-video-preview":"max-video-preview:-1"},"canonical":"https:\/\/holamexicotours.com\/index.php\/grutas-de-xajha\/","og_locale":"es_MX","og_type":"article","og_title":"GRUTAS DE XAJHA - HOLA MEXICO TOURS","og_description":"Aguas termales en escenarios imponentes, un destino paradisiaco y oculto. Uno de los tesoros mejor guardados del Estado de Hidalgo, donde las aguas termales alcanzan los 40 grados. Un espectacular&hellip;","og_url":"https:\/\/holamexicotours.com\/index.php\/grutas-de-xajha\/","og_site_name":"HOLA MEXICO TOURS","article_modified_time":"2026-01-20T00:27:01+00:00","og_image":[{"width":2048,"height":1536,"url":"https:\/\/holamexicotours.com\/wp-content\/uploads\/2025\/01\/FB_IMG_1705112033650.jpg","type":"image\/jpeg"}],"twitter_card":"summary_large_image","twitter_misc":{"Tiempo de lectura":"3 minutos"},"schema":{"@context":"https:\/\/schema.org","@graph":[{"@type":"WebPage","@id":"https:\/\/holamexicotours.com\/index.php\/grutas-de-xajha\/","url":"https:\/\/holamexicotours.com\/index.php\/grutas-de-xajha\/","name":"GRUTAS DE XAJHA - HOLA MEXICO TOURS","isPartOf":{"@id":"https:\/\/holamexicotours.com\/#website"},"primaryImageOfPage":{"@id":"https:\/\/holamexicotours.com\/index.php\/grutas-de-xajha\/#primaryimage"},"image":{"@id":"https:\/\/holamexicotours.com\/index.php\/grutas-de-xajha\/#primaryimage"},"thumbnailUrl":"https:\/\/holamexicotours.com\/wp-content\/uploads\/2025\/01\/FB_IMG_1705112033650.jpg","datePublished":"2025-01-17T22:20:12+00:00","dateModified":"2026-01-20T00:27:01+00:00","breadcrumb":{"@id":"https:\/\/holamexicotours.com\/index.php\/grutas-de-xajha\/#breadcrumb"},"inLanguage":"es","potentialAction":[{"@type":"ReadAction","target":["https:\/\/holamexicotours.com\/index.php\/grutas-de-xajha\/"]}]},{"@type":"ImageObject","inLanguage":"es","@id":"https:\/\/holamexicotours.com\/index.php\/grutas-de-xajha\/#primaryimage","url":"https:\/\/holamexicotours.com\/wp-content\/uploads\/2025\/01\/FB_IMG_1705112033650.jpg","contentUrl":"https:\/\/holamexicotours.com\/wp-content\/uploads\/2025\/01\/FB_IMG_1705112033650.jpg","width":2048,"height":1536},{"@type":"BreadcrumbList","@id":"https:\/\/holamexicotours.com\/index.php\/grutas-de-xajha\/#breadcrumb","itemListElement":[{"@type":"ListItem","position":1,"name":"Home","item":"https:\/\/holamexicotours.com\/"},{"@type":"ListItem","position":2,"name":"GRUTAS DE XAJHA"}]},{"@type":"WebSite","@id":"https:\/\/holamexicotours.com\/#website","url":"https:\/\/holamexicotours.com\/","name":"https:\/\/holamexicotours.com\/","description":"A trav\u00e9z de tus ojos, VIVE M\u00c9XICO.","publisher":{"@id":"https:\/\/holamexicotours.com\/#\/schema\/person\/03a3eec8d68d2f43733875f848656cc2"},"potentialAction":[{"@type":"SearchAction","target":{"@type":"EntryPoint","urlTemplate":"https:\/\/holamexicotours.com\/?s={search_term_string}"},"query-input":"required name=search_term_string"}],"inLanguage":"es"},{"@type":["Person","Organization"],"@id":"https:\/\/holamexicotours.com\/#\/schema\/person\/03a3eec8d68d2f43733875f848656cc2","name":"holamexicotours","image":{"@type":"ImageObject","inLanguage":"es","@id":"https:\/\/holamexicotours.com\/#\/schema\/person\/image\/","url":"https:\/\/holamexicotours.com\/wp-content\/uploads\/2025\/04\/cropped-LOGO-FINAL.png","contentUrl":"https:\/\/holamexicotours.com\/wp-content\/uploads\/2025\/04\/cropped-LOGO-FINAL.png","width":1182,"height":778,"caption":"holamexicotours"},"logo":{"@id":"https:\/\/holamexicotours.com\/#\/schema\/person\/image\/"}}]}},"_links":{"self":[{"href":"https:\/\/holamexicotours.com\/index.php\/wp-json\/wp\/v2\/pages\/2480","targetHints":{"allow":["GET"]}}],"collection":[{"href":"https:\/\/holamexicotours.com\/index.php\/wp-json\/wp\/v2\/pages"}],"about":[{"href":"https:\/\/holamexicotours.com\/index.php\/wp-json\/wp\/v2\/types\/page"}],"author":[{"embeddable":true,"href":"https:\/\/holamexicotours.com\/index.php\/wp-json\/wp\/v2\/users\/2"}],"replies":[{"embeddable":true,"href":"https:\/\/holamexicotours.com\/index.php\/wp-json\/wp\/v2\/comments?post=2480"}],"version-history":[{"count":6,"href":"https:\/\/holamexicotours.com\/index.php\/wp-json\/wp\/v2\/pages\/2480\/revisions"}],"predecessor-version":[{"id":4999,"href":"https:\/\/holamexicotours.com\/index.php\/wp-json\/wp\/v2\/pages\/2480\/revisions\/4999"}],"wp:featuredmedia":[{"embeddable":true,"href":"https:\/\/holamexicotours.com\/index.php\/wp-json\/wp\/v2\/media\/2486"}],"wp:attachment":[{"href":"https:\/\/holamexicotours.com\/index.php\/wp-json\/wp\/v2\/media?parent=2480"}],"curies":[{"name":"wp","href":"https:\/\/api.w.org\/{rel}","templated":true}]}}