{"id":2465,"date":"2025-01-10T20:25:48","date_gmt":"2025-01-10T20:25:48","guid":{"rendered":"https:\/\/holamexicotours.com\/?page_id=2465"},"modified":"2025-02-14T17:48:21","modified_gmt":"2025-02-14T17:48:21","slug":"mineral-del-chico","status":"publish","type":"page","link":"https:\/\/holamexicotours.com\/index.php\/mineral-del-chico\/","title":{"rendered":"MINERAL DEL CHICO"},"content":{"rendered":"\n<blockquote class=\"wp-block-quote is-layout-flow wp-block-quote-is-layout-flow\">\n<p id=\"block-3105a236-c938-4aaa-9c30-438c12b47ec6\"><strong><br>El incre\u00edble mirador natural<\/strong><\/p>\n\n\n\n<figure class=\"wp-block-image alignfull size-large\"><img loading=\"lazy\" decoding=\"async\" width=\"545\" height=\"1024\" src=\"https:\/\/holamexicotours.com\/wp-content\/uploads\/2025\/02\/MINERAL-DEL-CHICO-INFORMACION-545x1024.jpg\" alt=\"\" class=\"wp-image-2538\" srcset=\"https:\/\/holamexicotours.com\/wp-content\/uploads\/2025\/02\/MINERAL-DEL-CHICO-INFORMACION-545x1024.jpg 545w, https:\/\/holamexicotours.com\/wp-content\/uploads\/2025\/02\/MINERAL-DEL-CHICO-INFORMACION-160x300.jpg 160w, https:\/\/holamexicotours.com\/wp-content\/uploads\/2025\/02\/MINERAL-DEL-CHICO-INFORMACION.jpg 680w\" sizes=\"auto, (max-width: 545px) 100vw, 545px\" \/><\/figure>\n<\/blockquote>\n\n\n\n<p>Ubicado en las punta de una de las monta\u00f1as que rodean al pueblo m\u00e1gico de Mineral del chico en el estado de Hidalgo, con una altitud de 2, 770 metros sobre el nivel del mar.<\/p>\n\n\n\n<p>Admirar su maravilloso amanecer, su asombrosa vista hacia el pueblo y contemplar las formaciones rocosas, escenas que te robaran el aliento.<\/p>\n\n\n\n<h1 class=\"wp-block-heading has-vivid-cyan-blue-color has-text-color\" id=\"block-1c5293e4-3c8d-4b68-ada3-bc174e8da6fe\"><strong>Lugares llenos de magia<\/strong>.<\/h1>\n\n\n\n<p>En <strong>veh\u00edculos reizer<\/strong> se puede visitar dos Miradores, entre ellos <strong>Pe\u00f1a del Cuervo<\/strong>, con una vista de 360 grados en el que adem\u00e1s encontramos un punto c\u00f3smico fenomenal donde observaremos la curvatura de la tierra, una panor\u00e1mica en tonalidades 3D y escucharemos el eco de las 7 voces, como este Geositio tenemos registrados 16 en el mundo, 3 de ellos en la Rep\u00fablica Mexicana.<\/p>\n\n\n\n<figure class=\"wp-block-image alignfull size-full\"><img decoding=\"async\" src=\"https:\/\/edukatours.com\/wp-content\/uploads\/2025\/01\/IMG-20220930-WA0065-1.jpg\" alt=\"\" class=\"wp-image-5055\"\/><\/figure>\n\n\n\n<p>El pueblo m\u00e1gico <strong>Mineral del chico<\/strong>, donde podr\u00e1s visitar su iglesia, calles, artesan\u00edas y probar su gastronom\u00eda.<\/p>\n\n\n\n<figure class=\"wp-block-image alignfull size-large\"><img decoding=\"async\" src=\"https:\/\/edukatours.com\/wp-content\/uploads\/2025\/01\/IMG-20220930-WA0027-1024x767.jpg\" alt=\"\" class=\"wp-image-5054\"\/><\/figure>\n\n\n\n<p>Un paseo en el <strong>Chicobus<\/strong> para visitar la <strong>Mina Atarjea<\/strong> y conocer la historia de este incre\u00edble lugar.<\/p>\n\n\n\n<figure class=\"wp-block-image alignfull size-full\" id=\"block-a4b5380f-d102-4a02-ae23-0c88edeec980\"><img decoding=\"async\" src=\"https:\/\/edukatours.com\/wp-content\/uploads\/2025\/01\/FB_IMG_1667034506280.jpg\" alt=\"\" class=\"wp-image-5053\"\/><\/figure>\n\n\n\n<figure class=\"wp-block-image alignfull size-large\"><img loading=\"lazy\" decoding=\"async\" width=\"768\" height=\"1024\" src=\"https:\/\/holamexicotours.com\/wp-content\/uploads\/2025\/01\/IMG-20250109-WA0021-768x1024.jpg\" alt=\"\" class=\"wp-image-2473\" srcset=\"https:\/\/holamexicotours.com\/wp-content\/uploads\/2025\/01\/IMG-20250109-WA0021-768x1024.jpg 768w, https:\/\/holamexicotours.com\/wp-content\/uploads\/2025\/01\/IMG-20250109-WA0021-225x300.jpg 225w, https:\/\/holamexicotours.com\/wp-content\/uploads\/2025\/01\/IMG-20250109-WA0021-1152x1536.jpg 1152w, https:\/\/holamexicotours.com\/wp-content\/uploads\/2025\/01\/IMG-20250109-WA0021-1536x2048.jpg 1536w, https:\/\/holamexicotours.com\/wp-content\/uploads\/2025\/01\/IMG-20250109-WA0021-scaled.jpg 1920w\" sizes=\"auto, (max-width: 768px) 100vw, 768px\" \/><\/figure>\n\n\n\n<figure class=\"wp-block-image alignfull size-large\"><img decoding=\"async\" src=\"https:\/\/edukatours.com\/wp-content\/uploads\/2025\/01\/FB_IMG_1735505435415-1024x1024.jpg\" alt=\"\" class=\"wp-image-5063\"\/><\/figure>\n\n\n\n<p>Estos puentes, adem\u00e1s, se iluminan de noche para que los caminata nocturna por la naturaleza de la regi\u00f3n, pasando sobre un barranco y a un costado de algunas cascadas.<\/p>\n\n\n\n<p>En total, son 2&nbsp;<strong>puentes colgantes iluminados<\/strong>&nbsp;por decenas de foquitos. El primero es de 30 metros de longitud y est\u00e1 suspendido a 15 metros de altura. El segundo puede es el m\u00e1s grande, con 60 metros de largo colgando a una altura de 30 metros.<\/p>\n\n\n\n<p>Ambos cruzan una ca\u00f1ada pr\u00e1cticamente virgen del&nbsp;<strong>Parque Nacional El Chico<\/strong>.<\/p>\n\n\n\n<figure class=\"wp-block-image alignfull size-full\"><img decoding=\"async\" src=\"https:\/\/edukatours.com\/wp-content\/uploads\/2025\/01\/IMG-20250109-WA0037.jpg\" alt=\"\" class=\"wp-image-5064\"\/><\/figure>\n\n\n\n<figure class=\"wp-block-image alignfull size-full\"><img decoding=\"async\" src=\"https:\/\/edukatours.com\/wp-content\/uploads\/2025\/01\/images.jpeg\" alt=\"\" class=\"wp-image-5066\"\/><\/figure>\n\n\n\n<p>El Contadero, un laberinto de rocas oculto en Mineral del Chico, Seg\u00fan la UNAM, hace m\u00e1s de 25 millones de a\u00f1os se formaron estas peculiares rocas que le brindan un toque misterioso y dram\u00e1tico al parque nacional.<\/p>\n\n\n\n<p><strong>El Contadero<\/strong>&nbsp;es una de los paisajes m\u00e1s impresionantes del&nbsp;<strong>Parque Nacional El Chico<\/strong>&nbsp;, pues en esta serie de rocas, la imaginaci\u00f3n de los gu\u00edas y de quienes habitan estas monta\u00f1as vuela, d\u00e1ndoles forma de pez, de \u00e1guila, de cocodrilo.<\/p>\n\n\n\n<p>En total,&nbsp;<strong>El Contadero<\/strong>&nbsp;tiene 200 formaciones rocosas en un \u00e1rea de aproximadamente 8.5 kil\u00f3metros. Estas elevadas paredes de roca gris\u00e1ceas, de crestas afiladas, son como torres api\u00f1adas, una seguida de la otra.<\/p>\n\n\n\n<figure class=\"wp-block-image alignfull size-large\"><img decoding=\"async\" src=\"https:\/\/edukatours.com\/wp-content\/uploads\/2025\/01\/FB_IMG_1736481144999-1024x683.jpg\" alt=\"\" class=\"wp-image-5067\"\/><\/figure>\n\n\n\n<p>La <strong>presa del Cedral<\/strong> y si aun tienes energ\u00eda podr\u00e1s realizar actividades como tirolesas que ofrece el parque.<\/p>\n\n\n\n<figure class=\"wp-block-image alignfull size-full\"><img decoding=\"async\" src=\"https:\/\/edukatours.com\/wp-content\/uploads\/2025\/01\/FB_IMG_1679981334509.jpg\" alt=\"\" class=\"wp-image-5073\"\/><\/figure>\n\n\n\n<p id=\"block-7952fc6f-5651-40c5-bfac-fd318e9aa516\">Prep\u00e1rate para tener un d\u00eda lleno de aventura y diversi\u00f3n con las diferentes actividades de este incre\u00edble destino, \u00a1\u00a1No te lo puedes perder!! <\/p>\n\n\n\n<figure class=\"wp-block-image alignfull size-full\"><a href=\"https:\/\/holamexicotours.com\/index.php\/reserva-tu-viaje-con-la-agencia-de-viaje-de-tu-preferencia\/\"><img loading=\"lazy\" decoding=\"async\" width=\"687\" height=\"367\" src=\"https:\/\/holamexicotours.com\/wp-content\/uploads\/2024\/08\/RESERVA-TU-VIAJE-AQUI.jpg\" alt=\"\" class=\"wp-image-1942\"\/><\/a><\/figure>\n","protected":false},"excerpt":{"rendered":"<p>Ubicado en las punta de una de las monta\u00f1as que rodean al pueblo m\u00e1gico de Mineral del chico en el estado de Hidalgo, con una altitud de 2, 770 metros&hellip; <\/p>\n","protected":false},"author":2,"featured_media":2540,"parent":0,"menu_order":0,"comment_status":"closed","ping_status":"closed","template":"","meta":{"footnotes":""},"class_list":["post-2465","page","type-page","status-publish","has-post-thumbnail","hentry"],"yoast_head":"<!-- This site is optimized with the Yoast SEO plugin v23.3 - https:\/\/yoast.com\/wordpress\/plugins\/seo\/ -->\n<title>MINERAL DEL CHICO - HOLA MEXICO TOURS<\/title>\n<meta name=\"robots\" content=\"index, follow, max-snippet:-1, max-image-preview:large, max-video-preview:-1\" \/>\n<link rel=\"canonical\" href=\"https:\/\/holamexicotours.com\/index.php\/mineral-del-chico\/\" \/>\n<meta property=\"og:locale\" content=\"es_MX\" \/>\n<meta property=\"og:type\" content=\"article\" \/>\n<meta property=\"og:title\" content=\"MINERAL DEL CHICO - HOLA MEXICO TOURS\" \/>\n<meta property=\"og:description\" content=\"Ubicado en las punta de una de las monta\u00f1as que rodean al pueblo m\u00e1gico de Mineral del chico en el estado de Hidalgo, con una altitud de 2, 770 metros&hellip;\" \/>\n<meta property=\"og:url\" content=\"https:\/\/holamexicotours.com\/index.php\/mineral-del-chico\/\" \/>\n<meta property=\"og:site_name\" content=\"HOLA MEXICO TOURS\" \/>\n<meta property=\"article:modified_time\" content=\"2025-02-14T17:48:21+00:00\" \/>\n<meta property=\"og:image\" content=\"https:\/\/holamexicotours.com\/wp-content\/uploads\/2025\/02\/MINERAL-DEL-CHICO-PUBLI.jpg\" \/>\n\t<meta property=\"og:image:width\" content=\"711\" \/>\n\t<meta property=\"og:image:height\" content=\"716\" \/>\n\t<meta property=\"og:image:type\" content=\"image\/jpeg\" \/>\n<meta name=\"twitter:card\" content=\"summary_large_image\" \/>\n<meta name=\"twitter:label1\" content=\"Tiempo de lectura\" \/>\n\t<meta name=\"twitter:data1\" content=\"5 minutos\" \/>\n<script type=\"application\/ld+json\" class=\"yoast-schema-graph\">{\"@context\":\"https:\/\/schema.org\",\"@graph\":[{\"@type\":\"WebPage\",\"@id\":\"https:\/\/holamexicotours.com\/index.php\/mineral-del-chico\/\",\"url\":\"https:\/\/holamexicotours.com\/index.php\/mineral-del-chico\/\",\"name\":\"MINERAL DEL CHICO - HOLA MEXICO TOURS\",\"isPartOf\":{\"@id\":\"https:\/\/holamexicotours.com\/#website\"},\"primaryImageOfPage\":{\"@id\":\"https:\/\/holamexicotours.com\/index.php\/mineral-del-chico\/#primaryimage\"},\"image\":{\"@id\":\"https:\/\/holamexicotours.com\/index.php\/mineral-del-chico\/#primaryimage\"},\"thumbnailUrl\":\"https:\/\/holamexicotours.com\/wp-content\/uploads\/2025\/02\/MINERAL-DEL-CHICO-PUBLI.jpg\",\"datePublished\":\"2025-01-10T20:25:48+00:00\",\"dateModified\":\"2025-02-14T17:48:21+00:00\",\"breadcrumb\":{\"@id\":\"https:\/\/holamexicotours.com\/index.php\/mineral-del-chico\/#breadcrumb\"},\"inLanguage\":\"es\",\"potentialAction\":[{\"@type\":\"ReadAction\",\"target\":[\"https:\/\/holamexicotours.com\/index.php\/mineral-del-chico\/\"]}]},{\"@type\":\"ImageObject\",\"inLanguage\":\"es\",\"@id\":\"https:\/\/holamexicotours.com\/index.php\/mineral-del-chico\/#primaryimage\",\"url\":\"https:\/\/holamexicotours.com\/wp-content\/uploads\/2025\/02\/MINERAL-DEL-CHICO-PUBLI.jpg\",\"contentUrl\":\"https:\/\/holamexicotours.com\/wp-content\/uploads\/2025\/02\/MINERAL-DEL-CHICO-PUBLI.jpg\",\"width\":711,\"height\":716},{\"@type\":\"BreadcrumbList\",\"@id\":\"https:\/\/holamexicotours.com\/index.php\/mineral-del-chico\/#breadcrumb\",\"itemListElement\":[{\"@type\":\"ListItem\",\"position\":1,\"name\":\"Home\",\"item\":\"https:\/\/holamexicotours.com\/\"},{\"@type\":\"ListItem\",\"position\":2,\"name\":\"MINERAL DEL CHICO\"}]},{\"@type\":\"WebSite\",\"@id\":\"https:\/\/holamexicotours.com\/#website\",\"url\":\"https:\/\/holamexicotours.com\/\",\"name\":\"https:\/\/holamexicotours.com\/\",\"description\":\"A trav\u00e9z de tus ojos, VIVE M\u00c9XICO.\",\"publisher\":{\"@id\":\"https:\/\/holamexicotours.com\/#\/schema\/person\/03a3eec8d68d2f43733875f848656cc2\"},\"potentialAction\":[{\"@type\":\"SearchAction\",\"target\":{\"@type\":\"EntryPoint\",\"urlTemplate\":\"https:\/\/holamexicotours.com\/?s={search_term_string}\"},\"query-input\":\"required name=search_term_string\"}],\"inLanguage\":\"es\"},{\"@type\":[\"Person\",\"Organization\"],\"@id\":\"https:\/\/holamexicotours.com\/#\/schema\/person\/03a3eec8d68d2f43733875f848656cc2\",\"name\":\"holamexicotours\",\"image\":{\"@type\":\"ImageObject\",\"inLanguage\":\"es\",\"@id\":\"https:\/\/holamexicotours.com\/#\/schema\/person\/image\/\",\"url\":\"https:\/\/holamexicotours.com\/wp-content\/uploads\/2025\/04\/cropped-LOGO-FINAL.png\",\"contentUrl\":\"https:\/\/holamexicotours.com\/wp-content\/uploads\/2025\/04\/cropped-LOGO-FINAL.png\",\"width\":1182,\"height\":778,\"caption\":\"holamexicotours\"},\"logo\":{\"@id\":\"https:\/\/holamexicotours.com\/#\/schema\/person\/image\/\"}}]}<\/script>\n<!-- \/ Yoast SEO plugin. -->","yoast_head_json":{"title":"MINERAL DEL CHICO - HOLA MEXICO TOURS","robots":{"index":"index","follow":"follow","max-snippet":"max-snippet:-1","max-image-preview":"max-image-preview:large","max-video-preview":"max-video-preview:-1"},"canonical":"https:\/\/holamexicotours.com\/index.php\/mineral-del-chico\/","og_locale":"es_MX","og_type":"article","og_title":"MINERAL DEL CHICO - HOLA MEXICO TOURS","og_description":"Ubicado en las punta de una de las monta\u00f1as que rodean al pueblo m\u00e1gico de Mineral del chico en el estado de Hidalgo, con una altitud de 2, 770 metros&hellip;","og_url":"https:\/\/holamexicotours.com\/index.php\/mineral-del-chico\/","og_site_name":"HOLA MEXICO TOURS","article_modified_time":"2025-02-14T17:48:21+00:00","og_image":[{"width":711,"height":716,"url":"https:\/\/holamexicotours.com\/wp-content\/uploads\/2025\/02\/MINERAL-DEL-CHICO-PUBLI.jpg","type":"image\/jpeg"}],"twitter_card":"summary_large_image","twitter_misc":{"Tiempo de lectura":"5 minutos"},"schema":{"@context":"https:\/\/schema.org","@graph":[{"@type":"WebPage","@id":"https:\/\/holamexicotours.com\/index.php\/mineral-del-chico\/","url":"https:\/\/holamexicotours.com\/index.php\/mineral-del-chico\/","name":"MINERAL DEL CHICO - HOLA MEXICO TOURS","isPartOf":{"@id":"https:\/\/holamexicotours.com\/#website"},"primaryImageOfPage":{"@id":"https:\/\/holamexicotours.com\/index.php\/mineral-del-chico\/#primaryimage"},"image":{"@id":"https:\/\/holamexicotours.com\/index.php\/mineral-del-chico\/#primaryimage"},"thumbnailUrl":"https:\/\/holamexicotours.com\/wp-content\/uploads\/2025\/02\/MINERAL-DEL-CHICO-PUBLI.jpg","datePublished":"2025-01-10T20:25:48+00:00","dateModified":"2025-02-14T17:48:21+00:00","breadcrumb":{"@id":"https:\/\/holamexicotours.com\/index.php\/mineral-del-chico\/#breadcrumb"},"inLanguage":"es","potentialAction":[{"@type":"ReadAction","target":["https:\/\/holamexicotours.com\/index.php\/mineral-del-chico\/"]}]},{"@type":"ImageObject","inLanguage":"es","@id":"https:\/\/holamexicotours.com\/index.php\/mineral-del-chico\/#primaryimage","url":"https:\/\/holamexicotours.com\/wp-content\/uploads\/2025\/02\/MINERAL-DEL-CHICO-PUBLI.jpg","contentUrl":"https:\/\/holamexicotours.com\/wp-content\/uploads\/2025\/02\/MINERAL-DEL-CHICO-PUBLI.jpg","width":711,"height":716},{"@type":"BreadcrumbList","@id":"https:\/\/holamexicotours.com\/index.php\/mineral-del-chico\/#breadcrumb","itemListElement":[{"@type":"ListItem","position":1,"name":"Home","item":"https:\/\/holamexicotours.com\/"},{"@type":"ListItem","position":2,"name":"MINERAL DEL CHICO"}]},{"@type":"WebSite","@id":"https:\/\/holamexicotours.com\/#website","url":"https:\/\/holamexicotours.com\/","name":"https:\/\/holamexicotours.com\/","description":"A trav\u00e9z de tus ojos, VIVE M\u00c9XICO.","publisher":{"@id":"https:\/\/holamexicotours.com\/#\/schema\/person\/03a3eec8d68d2f43733875f848656cc2"},"potentialAction":[{"@type":"SearchAction","target":{"@type":"EntryPoint","urlTemplate":"https:\/\/holamexicotours.com\/?s={search_term_string}"},"query-input":"required name=search_term_string"}],"inLanguage":"es"},{"@type":["Person","Organization"],"@id":"https:\/\/holamexicotours.com\/#\/schema\/person\/03a3eec8d68d2f43733875f848656cc2","name":"holamexicotours","image":{"@type":"ImageObject","inLanguage":"es","@id":"https:\/\/holamexicotours.com\/#\/schema\/person\/image\/","url":"https:\/\/holamexicotours.com\/wp-content\/uploads\/2025\/04\/cropped-LOGO-FINAL.png","contentUrl":"https:\/\/holamexicotours.com\/wp-content\/uploads\/2025\/04\/cropped-LOGO-FINAL.png","width":1182,"height":778,"caption":"holamexicotours"},"logo":{"@id":"https:\/\/holamexicotours.com\/#\/schema\/person\/image\/"}}]}},"_links":{"self":[{"href":"https:\/\/holamexicotours.com\/index.php\/wp-json\/wp\/v2\/pages\/2465","targetHints":{"allow":["GET"]}}],"collection":[{"href":"https:\/\/holamexicotours.com\/index.php\/wp-json\/wp\/v2\/pages"}],"about":[{"href":"https:\/\/holamexicotours.com\/index.php\/wp-json\/wp\/v2\/types\/page"}],"author":[{"embeddable":true,"href":"https:\/\/holamexicotours.com\/index.php\/wp-json\/wp\/v2\/users\/2"}],"replies":[{"embeddable":true,"href":"https:\/\/holamexicotours.com\/index.php\/wp-json\/wp\/v2\/comments?post=2465"}],"version-history":[{"count":4,"href":"https:\/\/holamexicotours.com\/index.php\/wp-json\/wp\/v2\/pages\/2465\/revisions"}],"predecessor-version":[{"id":2541,"href":"https:\/\/holamexicotours.com\/index.php\/wp-json\/wp\/v2\/pages\/2465\/revisions\/2541"}],"wp:featuredmedia":[{"embeddable":true,"href":"https:\/\/holamexicotours.com\/index.php\/wp-json\/wp\/v2\/media\/2540"}],"wp:attachment":[{"href":"https:\/\/holamexicotours.com\/index.php\/wp-json\/wp\/v2\/media?parent=2465"}],"curies":[{"name":"wp","href":"https:\/\/api.w.org\/{rel}","templated":true}]}}