{"id":2434,"date":"2024-12-29T02:56:57","date_gmt":"2024-12-29T02:56:57","guid":{"rendered":"https:\/\/holamexicotours.com\/?page_id=2434"},"modified":"2025-12-30T18:12:46","modified_gmt":"2025-12-30T18:12:46","slug":"tour-valquirico-dia-del-amor","status":"publish","type":"page","link":"https:\/\/holamexicotours.com\/index.php\/tour-valquirico-dia-del-amor\/","title":{"rendered":"TOUR VALQUIRICO DIA DEL AMOR"},"content":{"rendered":"\n<p><strong>Val\u2019 Quirico es un lugar que emula una campi\u00f1a europea<\/strong> repleta de \u00e1rboles,&nbsp;arquitectura medieval&nbsp;junto a una reconfortante zona de restaurantes con comida internacional.<\/p>\n\n\n\n<h2 class=\"wp-block-heading has-text-align-center\"><strong>ITINERARIO DEL VIAJE<\/strong><\/h2>\n\n\n\n<figure class=\"wp-block-image alignfull size-large\"><img loading=\"lazy\" decoding=\"async\" width=\"828\" height=\"1024\" src=\"https:\/\/holamexicotours.com\/wp-content\/uploads\/2025\/12\/GUIA-DE-VIAJE-VALQUIRICO-AMOR-828x1024.jpg\" alt=\"\" class=\"wp-image-4898\" srcset=\"https:\/\/holamexicotours.com\/wp-content\/uploads\/2025\/12\/GUIA-DE-VIAJE-VALQUIRICO-AMOR-828x1024.jpg 828w, https:\/\/holamexicotours.com\/wp-content\/uploads\/2025\/12\/GUIA-DE-VIAJE-VALQUIRICO-AMOR-243x300.jpg 243w, https:\/\/holamexicotours.com\/wp-content\/uploads\/2025\/12\/GUIA-DE-VIAJE-VALQUIRICO-AMOR-768x949.jpg 768w, https:\/\/holamexicotours.com\/wp-content\/uploads\/2025\/12\/GUIA-DE-VIAJE-VALQUIRICO-AMOR.jpg 1084w\" sizes=\"auto, (max-width: 828px) 100vw, 828px\" \/><\/figure>\n\n\n\n<figure class=\"wp-block-image alignfull size-large\"><img loading=\"lazy\" decoding=\"async\" width=\"825\" height=\"1024\" src=\"https:\/\/holamexicotours.com\/wp-content\/uploads\/2025\/12\/02.GUIA-DE-VIAJE-VALQUIRICO-AMOR-1-825x1024.jpg\" alt=\"\" class=\"wp-image-4899\" srcset=\"https:\/\/holamexicotours.com\/wp-content\/uploads\/2025\/12\/02.GUIA-DE-VIAJE-VALQUIRICO-AMOR-1-825x1024.jpg 825w, https:\/\/holamexicotours.com\/wp-content\/uploads\/2025\/12\/02.GUIA-DE-VIAJE-VALQUIRICO-AMOR-1-242x300.jpg 242w, https:\/\/holamexicotours.com\/wp-content\/uploads\/2025\/12\/02.GUIA-DE-VIAJE-VALQUIRICO-AMOR-1-768x953.jpg 768w, https:\/\/holamexicotours.com\/wp-content\/uploads\/2025\/12\/02.GUIA-DE-VIAJE-VALQUIRICO-AMOR-1.jpg 1081w\" sizes=\"auto, (max-width: 825px) 100vw, 825px\" \/><\/figure>\n\n\n\n<figure class=\"wp-block-image alignfull size-large\"><img loading=\"lazy\" decoding=\"async\" width=\"827\" height=\"1024\" src=\"https:\/\/holamexicotours.com\/wp-content\/uploads\/2025\/11\/03.GUIA-DE-VIAJE-VALQUIRICO-AMOR-827x1024.jpg\" alt=\"\" class=\"wp-image-4764\" srcset=\"https:\/\/holamexicotours.com\/wp-content\/uploads\/2025\/11\/03.GUIA-DE-VIAJE-VALQUIRICO-AMOR-827x1024.jpg 827w, https:\/\/holamexicotours.com\/wp-content\/uploads\/2025\/11\/03.GUIA-DE-VIAJE-VALQUIRICO-AMOR-242x300.jpg 242w, https:\/\/holamexicotours.com\/wp-content\/uploads\/2025\/11\/03.GUIA-DE-VIAJE-VALQUIRICO-AMOR-768x951.jpg 768w, https:\/\/holamexicotours.com\/wp-content\/uploads\/2025\/11\/03.GUIA-DE-VIAJE-VALQUIRICO-AMOR.jpg 1082w\" sizes=\"auto, (max-width: 827px) 100vw, 827px\" \/><\/figure>\n\n\n\n<h2 class=\"wp-block-heading has-text-align-center\">&#8220;<strong>CONOCE MAS Y VIVE ESTA EXPERIENCIA<\/strong>&#8220;<\/h2>\n\n\n\n<p>La idea central de este destino es que mezcla <strong>lo mejor de una campi\u00f1a europea con lo mejor de&nbsp;M\u00e9xico<\/strong>, es hacer&nbsp;<strong>los sue\u00f1os realidad por<\/strong> lo que ofrece lo mejor de dos mundos.<\/p>\n\n\n\n<figure class=\"wp-block-image alignfull size-large\"><img decoding=\"async\" src=\"https:\/\/edukatours.com\/wp-content\/uploads\/2024\/12\/FB_IMG_1735430578281-940x1024.jpg\" alt=\"\" class=\"wp-image-5021\"\/><\/figure>\n\n\n\n<p><strong>Ubicado en el estado de Tlaxcala<\/strong>, su ambiente es encantador que te transporta a un lugar m\u00e1gico donde podr\u00e1s disfrutar de hermosos paisajes, callejones, plazas y actividades.<\/p>\n\n\n\n<figure class=\"wp-block-image alignfull size-full\"><img decoding=\"async\" src=\"https:\/\/edukatours.com\/wp-content\/uploads\/2024\/12\/FB_IMG_1735432702960.jpg\" alt=\"\" class=\"wp-image-5023\"\/><\/figure>\n\n\n\n<p><strong>El primer reino de los Reinos de M\u00e9xico<\/strong>, desarrollo en Tlaxcala de inspiraci\u00f3n europea, una campi\u00f1a de estilo europeo repleta de \u00e1rboles,<strong>&nbsp;arquitectura medieval<\/strong>.<\/p>\n\n\n\n<figure class=\"wp-block-image alignfull size-full\"><img decoding=\"async\" src=\"https:\/\/edukatours.com\/wp-content\/uploads\/2024\/08\/FB_IMG_1705008913297.jpg\" alt=\"\" class=\"wp-image-4857\"\/><\/figure>\n\n\n\n<h3 class=\"wp-block-heading\"><strong>PUEBLO MAGICO DE CHOLULA<\/strong><\/h3>\n\n\n\n<p>Si en Puebla se muestra el arte novohispano en todo su esplendor, en <strong>Cholula se respiran profundos aires prehisp\u00e1nicos<\/strong>. La ciudad fue levantada sobre los cimientos de una importante urbe ind\u00edgena en donde se edificaron diversos templos y adoratorios, sobre los cuales m\u00e1s tarde se construyeron templos cat\u00f3licos; <strong>hoy Cholula tiene 37 iglesias, algo sorprendente para una ciudad de su tama\u00f1o.<\/strong><\/p>\n\n\n\n<figure class=\"wp-block-image alignfull size-full\"><img loading=\"lazy\" decoding=\"async\" width=\"750\" height=\"368\" src=\"https:\/\/holamexicotours.com\/wp-content\/uploads\/2025\/12\/20200629_183022.jpg\" alt=\"\" class=\"wp-image-4892\" srcset=\"https:\/\/holamexicotours.com\/wp-content\/uploads\/2025\/12\/20200629_183022.jpg 750w, https:\/\/holamexicotours.com\/wp-content\/uploads\/2025\/12\/20200629_183022-300x147.jpg 300w\" sizes=\"auto, (max-width: 750px) 100vw, 750px\" \/><\/figure>\n\n\n\n<p><strong>Vista panor\u00e1mica del Santuario de la Virgen de los Remedios en Cholula, Puebla.<br><\/strong><\/p>\n\n\n\n<h2 class=\"wp-block-heading\">Prep\u00e1rate para vivir esta aventura y tradici\u00f3n con las diferentes actividades de estos incre\u00edbles destinos, <strong>\u00a1\u00a1No te lo puedes perder!!<\/strong><\/h2>\n\n\n\n<figure class=\"wp-block-image alignfull size-full\"><a href=\"https:\/\/holamexicotours.com\/index.php\/reserva-tu-viaje-con-la-agencia-de-viaje-de-tu-preferencia\/\"><img loading=\"lazy\" decoding=\"async\" width=\"687\" height=\"367\" src=\"https:\/\/holamexicotours.com\/wp-content\/uploads\/2024\/08\/RESERVA-TU-VIAJE-AQUI.jpg\" alt=\"\" class=\"wp-image-1942\"\/><\/a><\/figure>\n\n\n\n<p><\/p>\n","protected":false},"excerpt":{"rendered":"<p>Val\u2019 Quirico es un lugar que emula una campi\u00f1a europea repleta de \u00e1rboles,&nbsp;arquitectura medieval&nbsp;junto a una reconfortante zona de restaurantes con comida internacional. ITINERARIO DEL VIAJE &#8220;CONOCE MAS Y VIVE&hellip; <\/p>\n","protected":false},"author":2,"featured_media":4901,"parent":0,"menu_order":0,"comment_status":"closed","ping_status":"closed","template":"","meta":{"footnotes":""},"class_list":["post-2434","page","type-page","status-publish","has-post-thumbnail","hentry"],"yoast_head":"<!-- This site is optimized with the Yoast SEO plugin v23.3 - https:\/\/yoast.com\/wordpress\/plugins\/seo\/ -->\n<title>TOUR VALQUIRICO DIA DEL AMOR - HOLA MEXICO TOURS<\/title>\n<meta name=\"robots\" content=\"index, follow, max-snippet:-1, max-image-preview:large, max-video-preview:-1\" \/>\n<link rel=\"canonical\" href=\"https:\/\/holamexicotours.com\/index.php\/tour-valquirico-dia-del-amor\/\" \/>\n<meta property=\"og:locale\" content=\"es_MX\" \/>\n<meta property=\"og:type\" content=\"article\" \/>\n<meta property=\"og:title\" content=\"TOUR VALQUIRICO DIA DEL AMOR - HOLA MEXICO TOURS\" \/>\n<meta property=\"og:description\" content=\"Val\u2019 Quirico es un lugar que emula una campi\u00f1a europea repleta de \u00e1rboles,&nbsp;arquitectura medieval&nbsp;junto a una reconfortante zona de restaurantes con comida internacional. ITINERARIO DEL VIAJE &#8220;CONOCE MAS Y VIVE&hellip;\" \/>\n<meta property=\"og:url\" content=\"https:\/\/holamexicotours.com\/index.php\/tour-valquirico-dia-del-amor\/\" \/>\n<meta property=\"og:site_name\" content=\"HOLA MEXICO TOURS\" \/>\n<meta property=\"article:modified_time\" content=\"2025-12-30T18:12:46+00:00\" \/>\n<meta property=\"og:image\" content=\"https:\/\/holamexicotours.com\/wp-content\/uploads\/2025\/12\/FB_IMG_1735431217169.jpg\" \/>\n\t<meta property=\"og:image:width\" content=\"720\" \/>\n\t<meta property=\"og:image:height\" content=\"720\" \/>\n\t<meta property=\"og:image:type\" content=\"image\/jpeg\" \/>\n<meta name=\"twitter:card\" content=\"summary_large_image\" \/>\n<meta name=\"twitter:label1\" content=\"Tiempo de lectura\" \/>\n\t<meta name=\"twitter:data1\" content=\"3 minutos\" \/>\n<script type=\"application\/ld+json\" class=\"yoast-schema-graph\">{\"@context\":\"https:\/\/schema.org\",\"@graph\":[{\"@type\":\"WebPage\",\"@id\":\"https:\/\/holamexicotours.com\/index.php\/tour-valquirico-dia-del-amor\/\",\"url\":\"https:\/\/holamexicotours.com\/index.php\/tour-valquirico-dia-del-amor\/\",\"name\":\"TOUR VALQUIRICO DIA DEL AMOR - HOLA MEXICO TOURS\",\"isPartOf\":{\"@id\":\"https:\/\/holamexicotours.com\/#website\"},\"primaryImageOfPage\":{\"@id\":\"https:\/\/holamexicotours.com\/index.php\/tour-valquirico-dia-del-amor\/#primaryimage\"},\"image\":{\"@id\":\"https:\/\/holamexicotours.com\/index.php\/tour-valquirico-dia-del-amor\/#primaryimage\"},\"thumbnailUrl\":\"https:\/\/holamexicotours.com\/wp-content\/uploads\/2025\/12\/FB_IMG_1735431217169.jpg\",\"datePublished\":\"2024-12-29T02:56:57+00:00\",\"dateModified\":\"2025-12-30T18:12:46+00:00\",\"breadcrumb\":{\"@id\":\"https:\/\/holamexicotours.com\/index.php\/tour-valquirico-dia-del-amor\/#breadcrumb\"},\"inLanguage\":\"es\",\"potentialAction\":[{\"@type\":\"ReadAction\",\"target\":[\"https:\/\/holamexicotours.com\/index.php\/tour-valquirico-dia-del-amor\/\"]}]},{\"@type\":\"ImageObject\",\"inLanguage\":\"es\",\"@id\":\"https:\/\/holamexicotours.com\/index.php\/tour-valquirico-dia-del-amor\/#primaryimage\",\"url\":\"https:\/\/holamexicotours.com\/wp-content\/uploads\/2025\/12\/FB_IMG_1735431217169.jpg\",\"contentUrl\":\"https:\/\/holamexicotours.com\/wp-content\/uploads\/2025\/12\/FB_IMG_1735431217169.jpg\",\"width\":720,\"height\":720},{\"@type\":\"BreadcrumbList\",\"@id\":\"https:\/\/holamexicotours.com\/index.php\/tour-valquirico-dia-del-amor\/#breadcrumb\",\"itemListElement\":[{\"@type\":\"ListItem\",\"position\":1,\"name\":\"Home\",\"item\":\"https:\/\/holamexicotours.com\/\"},{\"@type\":\"ListItem\",\"position\":2,\"name\":\"TOUR VALQUIRICO DIA DEL AMOR\"}]},{\"@type\":\"WebSite\",\"@id\":\"https:\/\/holamexicotours.com\/#website\",\"url\":\"https:\/\/holamexicotours.com\/\",\"name\":\"https:\/\/holamexicotours.com\/\",\"description\":\"A trav\u00e9z de tus ojos, VIVE M\u00c9XICO.\",\"publisher\":{\"@id\":\"https:\/\/holamexicotours.com\/#\/schema\/person\/03a3eec8d68d2f43733875f848656cc2\"},\"potentialAction\":[{\"@type\":\"SearchAction\",\"target\":{\"@type\":\"EntryPoint\",\"urlTemplate\":\"https:\/\/holamexicotours.com\/?s={search_term_string}\"},\"query-input\":\"required name=search_term_string\"}],\"inLanguage\":\"es\"},{\"@type\":[\"Person\",\"Organization\"],\"@id\":\"https:\/\/holamexicotours.com\/#\/schema\/person\/03a3eec8d68d2f43733875f848656cc2\",\"name\":\"holamexicotours\",\"image\":{\"@type\":\"ImageObject\",\"inLanguage\":\"es\",\"@id\":\"https:\/\/holamexicotours.com\/#\/schema\/person\/image\/\",\"url\":\"https:\/\/holamexicotours.com\/wp-content\/uploads\/2025\/04\/cropped-LOGO-FINAL.png\",\"contentUrl\":\"https:\/\/holamexicotours.com\/wp-content\/uploads\/2025\/04\/cropped-LOGO-FINAL.png\",\"width\":1182,\"height\":778,\"caption\":\"holamexicotours\"},\"logo\":{\"@id\":\"https:\/\/holamexicotours.com\/#\/schema\/person\/image\/\"}}]}<\/script>\n<!-- \/ Yoast SEO plugin. -->","yoast_head_json":{"title":"TOUR VALQUIRICO DIA DEL AMOR - HOLA MEXICO TOURS","robots":{"index":"index","follow":"follow","max-snippet":"max-snippet:-1","max-image-preview":"max-image-preview:large","max-video-preview":"max-video-preview:-1"},"canonical":"https:\/\/holamexicotours.com\/index.php\/tour-valquirico-dia-del-amor\/","og_locale":"es_MX","og_type":"article","og_title":"TOUR VALQUIRICO DIA DEL AMOR - HOLA MEXICO TOURS","og_description":"Val\u2019 Quirico es un lugar que emula una campi\u00f1a europea repleta de \u00e1rboles,&nbsp;arquitectura medieval&nbsp;junto a una reconfortante zona de restaurantes con comida internacional. ITINERARIO DEL VIAJE &#8220;CONOCE MAS Y VIVE&hellip;","og_url":"https:\/\/holamexicotours.com\/index.php\/tour-valquirico-dia-del-amor\/","og_site_name":"HOLA MEXICO TOURS","article_modified_time":"2025-12-30T18:12:46+00:00","og_image":[{"width":720,"height":720,"url":"https:\/\/holamexicotours.com\/wp-content\/uploads\/2025\/12\/FB_IMG_1735431217169.jpg","type":"image\/jpeg"}],"twitter_card":"summary_large_image","twitter_misc":{"Tiempo de lectura":"3 minutos"},"schema":{"@context":"https:\/\/schema.org","@graph":[{"@type":"WebPage","@id":"https:\/\/holamexicotours.com\/index.php\/tour-valquirico-dia-del-amor\/","url":"https:\/\/holamexicotours.com\/index.php\/tour-valquirico-dia-del-amor\/","name":"TOUR VALQUIRICO DIA DEL AMOR - HOLA MEXICO TOURS","isPartOf":{"@id":"https:\/\/holamexicotours.com\/#website"},"primaryImageOfPage":{"@id":"https:\/\/holamexicotours.com\/index.php\/tour-valquirico-dia-del-amor\/#primaryimage"},"image":{"@id":"https:\/\/holamexicotours.com\/index.php\/tour-valquirico-dia-del-amor\/#primaryimage"},"thumbnailUrl":"https:\/\/holamexicotours.com\/wp-content\/uploads\/2025\/12\/FB_IMG_1735431217169.jpg","datePublished":"2024-12-29T02:56:57+00:00","dateModified":"2025-12-30T18:12:46+00:00","breadcrumb":{"@id":"https:\/\/holamexicotours.com\/index.php\/tour-valquirico-dia-del-amor\/#breadcrumb"},"inLanguage":"es","potentialAction":[{"@type":"ReadAction","target":["https:\/\/holamexicotours.com\/index.php\/tour-valquirico-dia-del-amor\/"]}]},{"@type":"ImageObject","inLanguage":"es","@id":"https:\/\/holamexicotours.com\/index.php\/tour-valquirico-dia-del-amor\/#primaryimage","url":"https:\/\/holamexicotours.com\/wp-content\/uploads\/2025\/12\/FB_IMG_1735431217169.jpg","contentUrl":"https:\/\/holamexicotours.com\/wp-content\/uploads\/2025\/12\/FB_IMG_1735431217169.jpg","width":720,"height":720},{"@type":"BreadcrumbList","@id":"https:\/\/holamexicotours.com\/index.php\/tour-valquirico-dia-del-amor\/#breadcrumb","itemListElement":[{"@type":"ListItem","position":1,"name":"Home","item":"https:\/\/holamexicotours.com\/"},{"@type":"ListItem","position":2,"name":"TOUR VALQUIRICO DIA DEL AMOR"}]},{"@type":"WebSite","@id":"https:\/\/holamexicotours.com\/#website","url":"https:\/\/holamexicotours.com\/","name":"https:\/\/holamexicotours.com\/","description":"A trav\u00e9z de tus ojos, VIVE M\u00c9XICO.","publisher":{"@id":"https:\/\/holamexicotours.com\/#\/schema\/person\/03a3eec8d68d2f43733875f848656cc2"},"potentialAction":[{"@type":"SearchAction","target":{"@type":"EntryPoint","urlTemplate":"https:\/\/holamexicotours.com\/?s={search_term_string}"},"query-input":"required name=search_term_string"}],"inLanguage":"es"},{"@type":["Person","Organization"],"@id":"https:\/\/holamexicotours.com\/#\/schema\/person\/03a3eec8d68d2f43733875f848656cc2","name":"holamexicotours","image":{"@type":"ImageObject","inLanguage":"es","@id":"https:\/\/holamexicotours.com\/#\/schema\/person\/image\/","url":"https:\/\/holamexicotours.com\/wp-content\/uploads\/2025\/04\/cropped-LOGO-FINAL.png","contentUrl":"https:\/\/holamexicotours.com\/wp-content\/uploads\/2025\/04\/cropped-LOGO-FINAL.png","width":1182,"height":778,"caption":"holamexicotours"},"logo":{"@id":"https:\/\/holamexicotours.com\/#\/schema\/person\/image\/"}}]}},"_links":{"self":[{"href":"https:\/\/holamexicotours.com\/index.php\/wp-json\/wp\/v2\/pages\/2434","targetHints":{"allow":["GET"]}}],"collection":[{"href":"https:\/\/holamexicotours.com\/index.php\/wp-json\/wp\/v2\/pages"}],"about":[{"href":"https:\/\/holamexicotours.com\/index.php\/wp-json\/wp\/v2\/types\/page"}],"author":[{"embeddable":true,"href":"https:\/\/holamexicotours.com\/index.php\/wp-json\/wp\/v2\/users\/2"}],"replies":[{"embeddable":true,"href":"https:\/\/holamexicotours.com\/index.php\/wp-json\/wp\/v2\/comments?post=2434"}],"version-history":[{"count":26,"href":"https:\/\/holamexicotours.com\/index.php\/wp-json\/wp\/v2\/pages\/2434\/revisions"}],"predecessor-version":[{"id":4900,"href":"https:\/\/holamexicotours.com\/index.php\/wp-json\/wp\/v2\/pages\/2434\/revisions\/4900"}],"wp:featuredmedia":[{"embeddable":true,"href":"https:\/\/holamexicotours.com\/index.php\/wp-json\/wp\/v2\/media\/4901"}],"wp:attachment":[{"href":"https:\/\/holamexicotours.com\/index.php\/wp-json\/wp\/v2\/media?parent=2434"}],"curies":[{"name":"wp","href":"https:\/\/api.w.org\/{rel}","templated":true}]}}