{"id":2418,"date":"2024-12-28T21:19:21","date_gmt":"2024-12-28T21:19:21","guid":{"rendered":"https:\/\/holamexicotours.com\/?page_id=2418"},"modified":"2025-11-05T00:42:47","modified_gmt":"2025-11-05T00:42:47","slug":"tour-mariposa-monarca","status":"publish","type":"page","link":"https:\/\/holamexicotours.com\/index.php\/tour-mariposa-monarca\/","title":{"rendered":"TOUR MARIPOSA MONARCA"},"content":{"rendered":"\n<p><strong>Esta reserva natural de la Mariposa Monarca<\/strong> se ubica en la comunidad del Rosario (cerca de Angangueo) uno <strong>de los m\u00e1s bellos de Michoac\u00e1n <\/strong>que colinda a pocos kil\u00f3metros con el Estado de M\u00e9xico, esta bella \u00e1rea natural rodeada de bosques y aire fresco. <strong>El Rosario a sido reconocida por la UNESCO como Patrimonio de la Humanidad <\/strong>en suelo nacional.<\/p>\n\n\n\n<h2 class=\"wp-block-heading\"><strong>ITINERARIO DEL VIAJE<\/strong><\/h2>\n\n\n\n<figure class=\"wp-block-image alignfull size-large\"><img loading=\"lazy\" decoding=\"async\" width=\"828\" height=\"1024\" src=\"https:\/\/holamexicotours.com\/wp-content\/uploads\/2025\/11\/01.GUIA-DE-VIAJE-MARIPOSA-MONARCA-828x1024.jpg\" alt=\"\" class=\"wp-image-4578\" srcset=\"https:\/\/holamexicotours.com\/wp-content\/uploads\/2025\/11\/01.GUIA-DE-VIAJE-MARIPOSA-MONARCA-828x1024.jpg 828w, https:\/\/holamexicotours.com\/wp-content\/uploads\/2025\/11\/01.GUIA-DE-VIAJE-MARIPOSA-MONARCA-243x300.jpg 243w, https:\/\/holamexicotours.com\/wp-content\/uploads\/2025\/11\/01.GUIA-DE-VIAJE-MARIPOSA-MONARCA-768x949.jpg 768w, https:\/\/holamexicotours.com\/wp-content\/uploads\/2025\/11\/01.GUIA-DE-VIAJE-MARIPOSA-MONARCA.jpg 1084w\" sizes=\"auto, (max-width: 828px) 100vw, 828px\" \/><\/figure>\n\n\n\n<figure class=\"wp-block-image alignfull size-large\"><img loading=\"lazy\" decoding=\"async\" width=\"825\" height=\"1024\" src=\"https:\/\/holamexicotours.com\/wp-content\/uploads\/2025\/11\/02.GUIA-DE-VIAJE-MARIPOSA-MONARCA-825x1024.jpg\" alt=\"\" class=\"wp-image-4579\" srcset=\"https:\/\/holamexicotours.com\/wp-content\/uploads\/2025\/11\/02.GUIA-DE-VIAJE-MARIPOSA-MONARCA-825x1024.jpg 825w, https:\/\/holamexicotours.com\/wp-content\/uploads\/2025\/11\/02.GUIA-DE-VIAJE-MARIPOSA-MONARCA-242x300.jpg 242w, https:\/\/holamexicotours.com\/wp-content\/uploads\/2025\/11\/02.GUIA-DE-VIAJE-MARIPOSA-MONARCA-768x954.jpg 768w, https:\/\/holamexicotours.com\/wp-content\/uploads\/2025\/11\/02.GUIA-DE-VIAJE-MARIPOSA-MONARCA.jpg 1080w\" sizes=\"auto, (max-width: 825px) 100vw, 825px\" \/><\/figure>\n\n\n\n<figure class=\"wp-block-image alignfull size-large\"><img loading=\"lazy\" decoding=\"async\" width=\"827\" height=\"1024\" src=\"https:\/\/holamexicotours.com\/wp-content\/uploads\/2025\/11\/03.GUIA-DE-VIAJE-MARIPOSA-MONARCA-827x1024.jpg\" alt=\"\" class=\"wp-image-4580\" srcset=\"https:\/\/holamexicotours.com\/wp-content\/uploads\/2025\/11\/03.GUIA-DE-VIAJE-MARIPOSA-MONARCA-827x1024.jpg 827w, https:\/\/holamexicotours.com\/wp-content\/uploads\/2025\/11\/03.GUIA-DE-VIAJE-MARIPOSA-MONARCA-242x300.jpg 242w, https:\/\/holamexicotours.com\/wp-content\/uploads\/2025\/11\/03.GUIA-DE-VIAJE-MARIPOSA-MONARCA-768x951.jpg 768w, https:\/\/holamexicotours.com\/wp-content\/uploads\/2025\/11\/03.GUIA-DE-VIAJE-MARIPOSA-MONARCA.jpg 1082w\" sizes=\"auto, (max-width: 827px) 100vw, 827px\" \/><\/figure>\n\n\n\n<h2 class=\"wp-block-heading has-text-align-center\">&#8220;<strong>CONOCE MAS Y VIVE ESTA EXPERIENCIA<\/strong>&#8220;<\/h2>\n\n\n\n<p><strong>Cuenta con unos de los bosques m\u00e1s densos y mixtos de pino en la regi\u00f3n<\/strong>, se caracteriza por ser uno de los andadores tur\u00edsticos m\u00e1s importantes que recibe a cientos y cientos de turistas q<strong>ue se impresionan por el vuelo y la belleza de la Mariposa Monarca.<\/strong><\/p>\n\n\n\n<figure class=\"wp-block-image alignfull size-large\"><img decoding=\"async\" src=\"https:\/\/edukatours.com\/wp-content\/uploads\/2024\/12\/FB_IMG_1704761654556-1024x768.jpg\" alt=\"\" class=\"wp-image-5010\"\/><\/figure>\n\n\n\n<p><strong>Para llegar a las colonias de Mariposas desde su entrada principal <\/strong>ser\u00e1 necesario pagar una cooperaci\u00f3n con un costo de: $100.00 adultos y $70.00 ni\u00f1os menores de 12 a\u00f1os. La distancia del recorrido para llegar hasta los puntos m\u00e1s importantes de observaci\u00f3n var\u00eda entre 1.2 y 1.6 kil\u00f3metros dependiendo de su ubicaci\u00f3n por lo que pr\u00e1cticamente es 1 hora para subir y 1 hora para poder bajar caminando.<strong> Existen opciones de traslado a caballo<\/strong> casi al inicio del camino con un costo aproximado de $150 por persona por viaje para llegar a la cima.<\/p>\n\n\n\n<figure class=\"wp-block-image alignfull size-large\"><img decoding=\"async\" src=\"https:\/\/edukatours.com\/wp-content\/uploads\/2024\/12\/FB_IMG_1609979889538-1024x768.jpg\" alt=\"\" class=\"wp-image-5003\"\/><\/figure>\n\n\n\n<p><strong>Al llegar a las colonias podr\u00e1s admirar los vuelos de las Mariposas Monarca<\/strong>, esto sucede cuando los rayos del sol ba\u00f1an las puntas de los pinos donde ellas se encuentran y <strong>el calor del sol las despierta para que puedan volar por todos lados incluyendo frente a tu nariz.<\/strong><\/p>\n\n\n\n<figure class=\"wp-block-image alignfull size-full\"><img loading=\"lazy\" decoding=\"async\" width=\"1600\" height=\"1200\" src=\"https:\/\/holamexicotours.com\/wp-content\/uploads\/2025\/11\/IMG-20251104-WA0022.jpg\" alt=\"\" class=\"wp-image-4594\" srcset=\"https:\/\/holamexicotours.com\/wp-content\/uploads\/2025\/11\/IMG-20251104-WA0022.jpg 1600w, https:\/\/holamexicotours.com\/wp-content\/uploads\/2025\/11\/IMG-20251104-WA0022-300x225.jpg 300w, https:\/\/holamexicotours.com\/wp-content\/uploads\/2025\/11\/IMG-20251104-WA0022-1024x768.jpg 1024w, https:\/\/holamexicotours.com\/wp-content\/uploads\/2025\/11\/IMG-20251104-WA0022-768x576.jpg 768w, https:\/\/holamexicotours.com\/wp-content\/uploads\/2025\/11\/IMG-20251104-WA0022-1536x1152.jpg 1536w\" sizes=\"auto, (max-width: 1600px) 100vw, 1600px\" \/><\/figure>\n\n\n\n<p><strong>Santuario El Rosario cuenta con servicios de<\/strong>; visita guiada, museo, proyecci\u00f3n de videos de la mariposa, estacionamiento gratuito, venta de art\u00edculos oficiales del santuario en su boutique. As\u00ed mismo tiene el corredor de <strong>cocineras locales en el que puedes parar a desayunar y degustar platillos t\u00edpicos<\/strong> michoacanos como; mole, quesadillas, sopes, corundas, pozole, enchiladas, tlacoyos, caf\u00e9 de olla, charales y por otro lado puedes encontrar una gran <strong>variedad de productos artesanales<\/strong> hechos por los artesanos de la regi\u00f3n adem\u00e1s de los <strong>productos michoacanos como mieles, licores, dulces y mezcales.<\/strong><\/p>\n\n\n\n<figure class=\"wp-block-image alignfull size-large\"><img decoding=\"async\" src=\"https:\/\/edukatours.com\/wp-content\/uploads\/2024\/12\/FB_IMG_1704830291752-887x1024.jpg\" alt=\"\" class=\"wp-image-5005\"\/><\/figure>\n\n\n\n<p><strong>Cabe mencionar que la temporada de la Mariposa Monarca en el Santuario de El Rosario comienza a partir del 20 de noviembre al 31 de marzo<\/strong> cada a\u00f1o, teniendo un pico de visitas de estos ejemplares entre <strong>enero, febrero y marzo<\/strong> que es cuando normalmente migran la mayor cantidad de Mariposas.<\/p>\n\n\n\n<figure class=\"wp-block-image alignfull size-large\"><img loading=\"lazy\" decoding=\"async\" width=\"830\" height=\"1024\" src=\"https:\/\/holamexicotours.com\/wp-content\/uploads\/2025\/11\/IMG-20251104-WA0024-830x1024.jpg\" alt=\"\" class=\"wp-image-4592\" srcset=\"https:\/\/holamexicotours.com\/wp-content\/uploads\/2025\/11\/IMG-20251104-WA0024-830x1024.jpg 830w, https:\/\/holamexicotours.com\/wp-content\/uploads\/2025\/11\/IMG-20251104-WA0024-243x300.jpg 243w, https:\/\/holamexicotours.com\/wp-content\/uploads\/2025\/11\/IMG-20251104-WA0024-768x947.jpg 768w, https:\/\/holamexicotours.com\/wp-content\/uploads\/2025\/11\/IMG-20251104-WA0024-1245x1536.jpg 1245w, https:\/\/holamexicotours.com\/wp-content\/uploads\/2025\/11\/IMG-20251104-WA0024.jpg 1297w\" sizes=\"auto, (max-width: 830px) 100vw, 830px\" \/><\/figure>\n\n\n\n<figure class=\"wp-block-image alignfull size-full\"><a href=\"https:\/\/holamexicotours.com\/index.php\/reserva-tu-viaje-con-la-agencia-de-viaje-de-tu-preferencia\/\"><img loading=\"lazy\" decoding=\"async\" width=\"687\" height=\"367\" src=\"https:\/\/holamexicotours.com\/wp-content\/uploads\/2024\/08\/RESERVA-TU-VIAJE-AQUI.jpg\" alt=\"\" class=\"wp-image-1942\"\/><\/a><\/figure>\n","protected":false},"excerpt":{"rendered":"<p>Esta reserva natural de la Mariposa Monarca se ubica en la comunidad del Rosario (cerca de Angangueo) uno de los m\u00e1s bellos de Michoac\u00e1n que colinda a pocos kil\u00f3metros con&hellip; <\/p>\n","protected":false},"author":2,"featured_media":2419,"parent":0,"menu_order":0,"comment_status":"closed","ping_status":"closed","template":"","meta":{"footnotes":""},"class_list":["post-2418","page","type-page","status-publish","has-post-thumbnail","hentry"],"yoast_head":"<!-- This site is optimized with the Yoast SEO plugin v23.3 - https:\/\/yoast.com\/wordpress\/plugins\/seo\/ -->\n<title>TOUR MARIPOSA MONARCA - HOLA MEXICO TOURS<\/title>\n<meta name=\"robots\" content=\"index, follow, max-snippet:-1, max-image-preview:large, max-video-preview:-1\" \/>\n<link rel=\"canonical\" href=\"https:\/\/holamexicotours.com\/index.php\/tour-mariposa-monarca\/\" \/>\n<meta property=\"og:locale\" content=\"es_MX\" \/>\n<meta property=\"og:type\" content=\"article\" \/>\n<meta property=\"og:title\" content=\"TOUR MARIPOSA MONARCA - HOLA MEXICO TOURS\" \/>\n<meta property=\"og:description\" content=\"Esta reserva natural de la Mariposa Monarca se ubica en la comunidad del Rosario (cerca de Angangueo) uno de los m\u00e1s bellos de Michoac\u00e1n que colinda a pocos kil\u00f3metros con&hellip;\" \/>\n<meta property=\"og:url\" content=\"https:\/\/holamexicotours.com\/index.php\/tour-mariposa-monarca\/\" \/>\n<meta property=\"og:site_name\" content=\"HOLA MEXICO TOURS\" \/>\n<meta property=\"article:modified_time\" content=\"2025-11-05T00:42:47+00:00\" \/>\n<meta property=\"og:image\" content=\"https:\/\/holamexicotours.com\/wp-content\/uploads\/2024\/12\/FB_IMG_1704830311266.jpg\" \/>\n\t<meta property=\"og:image:width\" content=\"1280\" \/>\n\t<meta property=\"og:image:height\" content=\"960\" \/>\n\t<meta property=\"og:image:type\" content=\"image\/jpeg\" \/>\n<meta name=\"twitter:card\" content=\"summary_large_image\" \/>\n<meta name=\"twitter:label1\" content=\"Tiempo de lectura\" \/>\n\t<meta name=\"twitter:data1\" content=\"4 minutos\" \/>\n<script type=\"application\/ld+json\" class=\"yoast-schema-graph\">{\"@context\":\"https:\/\/schema.org\",\"@graph\":[{\"@type\":\"WebPage\",\"@id\":\"https:\/\/holamexicotours.com\/index.php\/tour-mariposa-monarca\/\",\"url\":\"https:\/\/holamexicotours.com\/index.php\/tour-mariposa-monarca\/\",\"name\":\"TOUR MARIPOSA MONARCA - HOLA MEXICO TOURS\",\"isPartOf\":{\"@id\":\"https:\/\/holamexicotours.com\/#website\"},\"primaryImageOfPage\":{\"@id\":\"https:\/\/holamexicotours.com\/index.php\/tour-mariposa-monarca\/#primaryimage\"},\"image\":{\"@id\":\"https:\/\/holamexicotours.com\/index.php\/tour-mariposa-monarca\/#primaryimage\"},\"thumbnailUrl\":\"https:\/\/holamexicotours.com\/wp-content\/uploads\/2024\/12\/FB_IMG_1704830311266.jpg\",\"datePublished\":\"2024-12-28T21:19:21+00:00\",\"dateModified\":\"2025-11-05T00:42:47+00:00\",\"breadcrumb\":{\"@id\":\"https:\/\/holamexicotours.com\/index.php\/tour-mariposa-monarca\/#breadcrumb\"},\"inLanguage\":\"es\",\"potentialAction\":[{\"@type\":\"ReadAction\",\"target\":[\"https:\/\/holamexicotours.com\/index.php\/tour-mariposa-monarca\/\"]}]},{\"@type\":\"ImageObject\",\"inLanguage\":\"es\",\"@id\":\"https:\/\/holamexicotours.com\/index.php\/tour-mariposa-monarca\/#primaryimage\",\"url\":\"https:\/\/holamexicotours.com\/wp-content\/uploads\/2024\/12\/FB_IMG_1704830311266.jpg\",\"contentUrl\":\"https:\/\/holamexicotours.com\/wp-content\/uploads\/2024\/12\/FB_IMG_1704830311266.jpg\",\"width\":1280,\"height\":960},{\"@type\":\"BreadcrumbList\",\"@id\":\"https:\/\/holamexicotours.com\/index.php\/tour-mariposa-monarca\/#breadcrumb\",\"itemListElement\":[{\"@type\":\"ListItem\",\"position\":1,\"name\":\"Home\",\"item\":\"https:\/\/holamexicotours.com\/\"},{\"@type\":\"ListItem\",\"position\":2,\"name\":\"TOUR MARIPOSA MONARCA\"}]},{\"@type\":\"WebSite\",\"@id\":\"https:\/\/holamexicotours.com\/#website\",\"url\":\"https:\/\/holamexicotours.com\/\",\"name\":\"https:\/\/holamexicotours.com\/\",\"description\":\"A trav\u00e9z de tus ojos, VIVE M\u00c9XICO.\",\"publisher\":{\"@id\":\"https:\/\/holamexicotours.com\/#\/schema\/person\/03a3eec8d68d2f43733875f848656cc2\"},\"potentialAction\":[{\"@type\":\"SearchAction\",\"target\":{\"@type\":\"EntryPoint\",\"urlTemplate\":\"https:\/\/holamexicotours.com\/?s={search_term_string}\"},\"query-input\":\"required name=search_term_string\"}],\"inLanguage\":\"es\"},{\"@type\":[\"Person\",\"Organization\"],\"@id\":\"https:\/\/holamexicotours.com\/#\/schema\/person\/03a3eec8d68d2f43733875f848656cc2\",\"name\":\"holamexicotours\",\"image\":{\"@type\":\"ImageObject\",\"inLanguage\":\"es\",\"@id\":\"https:\/\/holamexicotours.com\/#\/schema\/person\/image\/\",\"url\":\"https:\/\/holamexicotours.com\/wp-content\/uploads\/2025\/04\/cropped-LOGO-FINAL.png\",\"contentUrl\":\"https:\/\/holamexicotours.com\/wp-content\/uploads\/2025\/04\/cropped-LOGO-FINAL.png\",\"width\":1182,\"height\":778,\"caption\":\"holamexicotours\"},\"logo\":{\"@id\":\"https:\/\/holamexicotours.com\/#\/schema\/person\/image\/\"}}]}<\/script>\n<!-- \/ Yoast SEO plugin. -->","yoast_head_json":{"title":"TOUR MARIPOSA MONARCA - HOLA MEXICO TOURS","robots":{"index":"index","follow":"follow","max-snippet":"max-snippet:-1","max-image-preview":"max-image-preview:large","max-video-preview":"max-video-preview:-1"},"canonical":"https:\/\/holamexicotours.com\/index.php\/tour-mariposa-monarca\/","og_locale":"es_MX","og_type":"article","og_title":"TOUR MARIPOSA MONARCA - HOLA MEXICO TOURS","og_description":"Esta reserva natural de la Mariposa Monarca se ubica en la comunidad del Rosario (cerca de Angangueo) uno de los m\u00e1s bellos de Michoac\u00e1n que colinda a pocos kil\u00f3metros con&hellip;","og_url":"https:\/\/holamexicotours.com\/index.php\/tour-mariposa-monarca\/","og_site_name":"HOLA MEXICO TOURS","article_modified_time":"2025-11-05T00:42:47+00:00","og_image":[{"width":1280,"height":960,"url":"https:\/\/holamexicotours.com\/wp-content\/uploads\/2024\/12\/FB_IMG_1704830311266.jpg","type":"image\/jpeg"}],"twitter_card":"summary_large_image","twitter_misc":{"Tiempo de lectura":"4 minutos"},"schema":{"@context":"https:\/\/schema.org","@graph":[{"@type":"WebPage","@id":"https:\/\/holamexicotours.com\/index.php\/tour-mariposa-monarca\/","url":"https:\/\/holamexicotours.com\/index.php\/tour-mariposa-monarca\/","name":"TOUR MARIPOSA MONARCA - HOLA MEXICO TOURS","isPartOf":{"@id":"https:\/\/holamexicotours.com\/#website"},"primaryImageOfPage":{"@id":"https:\/\/holamexicotours.com\/index.php\/tour-mariposa-monarca\/#primaryimage"},"image":{"@id":"https:\/\/holamexicotours.com\/index.php\/tour-mariposa-monarca\/#primaryimage"},"thumbnailUrl":"https:\/\/holamexicotours.com\/wp-content\/uploads\/2024\/12\/FB_IMG_1704830311266.jpg","datePublished":"2024-12-28T21:19:21+00:00","dateModified":"2025-11-05T00:42:47+00:00","breadcrumb":{"@id":"https:\/\/holamexicotours.com\/index.php\/tour-mariposa-monarca\/#breadcrumb"},"inLanguage":"es","potentialAction":[{"@type":"ReadAction","target":["https:\/\/holamexicotours.com\/index.php\/tour-mariposa-monarca\/"]}]},{"@type":"ImageObject","inLanguage":"es","@id":"https:\/\/holamexicotours.com\/index.php\/tour-mariposa-monarca\/#primaryimage","url":"https:\/\/holamexicotours.com\/wp-content\/uploads\/2024\/12\/FB_IMG_1704830311266.jpg","contentUrl":"https:\/\/holamexicotours.com\/wp-content\/uploads\/2024\/12\/FB_IMG_1704830311266.jpg","width":1280,"height":960},{"@type":"BreadcrumbList","@id":"https:\/\/holamexicotours.com\/index.php\/tour-mariposa-monarca\/#breadcrumb","itemListElement":[{"@type":"ListItem","position":1,"name":"Home","item":"https:\/\/holamexicotours.com\/"},{"@type":"ListItem","position":2,"name":"TOUR MARIPOSA MONARCA"}]},{"@type":"WebSite","@id":"https:\/\/holamexicotours.com\/#website","url":"https:\/\/holamexicotours.com\/","name":"https:\/\/holamexicotours.com\/","description":"A trav\u00e9z de tus ojos, VIVE M\u00c9XICO.","publisher":{"@id":"https:\/\/holamexicotours.com\/#\/schema\/person\/03a3eec8d68d2f43733875f848656cc2"},"potentialAction":[{"@type":"SearchAction","target":{"@type":"EntryPoint","urlTemplate":"https:\/\/holamexicotours.com\/?s={search_term_string}"},"query-input":"required name=search_term_string"}],"inLanguage":"es"},{"@type":["Person","Organization"],"@id":"https:\/\/holamexicotours.com\/#\/schema\/person\/03a3eec8d68d2f43733875f848656cc2","name":"holamexicotours","image":{"@type":"ImageObject","inLanguage":"es","@id":"https:\/\/holamexicotours.com\/#\/schema\/person\/image\/","url":"https:\/\/holamexicotours.com\/wp-content\/uploads\/2025\/04\/cropped-LOGO-FINAL.png","contentUrl":"https:\/\/holamexicotours.com\/wp-content\/uploads\/2025\/04\/cropped-LOGO-FINAL.png","width":1182,"height":778,"caption":"holamexicotours"},"logo":{"@id":"https:\/\/holamexicotours.com\/#\/schema\/person\/image\/"}}]}},"_links":{"self":[{"href":"https:\/\/holamexicotours.com\/index.php\/wp-json\/wp\/v2\/pages\/2418","targetHints":{"allow":["GET"]}}],"collection":[{"href":"https:\/\/holamexicotours.com\/index.php\/wp-json\/wp\/v2\/pages"}],"about":[{"href":"https:\/\/holamexicotours.com\/index.php\/wp-json\/wp\/v2\/types\/page"}],"author":[{"embeddable":true,"href":"https:\/\/holamexicotours.com\/index.php\/wp-json\/wp\/v2\/users\/2"}],"replies":[{"embeddable":true,"href":"https:\/\/holamexicotours.com\/index.php\/wp-json\/wp\/v2\/comments?post=2418"}],"version-history":[{"count":13,"href":"https:\/\/holamexicotours.com\/index.php\/wp-json\/wp\/v2\/pages\/2418\/revisions"}],"predecessor-version":[{"id":4595,"href":"https:\/\/holamexicotours.com\/index.php\/wp-json\/wp\/v2\/pages\/2418\/revisions\/4595"}],"wp:featuredmedia":[{"embeddable":true,"href":"https:\/\/holamexicotours.com\/index.php\/wp-json\/wp\/v2\/media\/2419"}],"wp:attachment":[{"href":"https:\/\/holamexicotours.com\/index.php\/wp-json\/wp\/v2\/media?parent=2418"}],"curies":[{"name":"wp","href":"https:\/\/api.w.org\/{rel}","templated":true}]}}