{"id":1923,"date":"2024-08-03T17:33:47","date_gmt":"2024-08-03T17:33:47","guid":{"rendered":"https:\/\/holamexicotours.com\/?page_id=1923"},"modified":"2026-02-21T20:32:40","modified_gmt":"2026-02-21T20:32:40","slug":"playas-de-michoacan","status":"publish","type":"page","link":"https:\/\/holamexicotours.com\/index.php\/playas-de-michoacan\/","title":{"rendered":"PLAYAS DE MICHOAC\u00c1N"},"content":{"rendered":"\n<p>Las <strong>playas de&nbsp;Michoac\u00e1n<\/strong>&nbsp;las distinguen sus agrestes monta\u00f1as, su exuberante flora, sus hermosas aves canoras y animales salvajes que conservan el h\u00e1bitat y <strong>hacen de este<\/strong> <strong>destino especial.<\/strong><\/p>\n\n\n\n<h2 class=\"wp-block-heading has-text-align-center\"><strong>ITINERARIO DEL VIAJE<\/strong><\/h2>\n\n\n\n<figure class=\"wp-block-image alignfull size-full\"><img loading=\"lazy\" decoding=\"async\" width=\"1084\" height=\"1340\" src=\"https:\/\/holamexicotours.com\/wp-content\/uploads\/2026\/02\/IMG-20260206-WA0035.jpg\" alt=\"\" class=\"wp-image-5071\" srcset=\"https:\/\/holamexicotours.com\/wp-content\/uploads\/2026\/02\/IMG-20260206-WA0035.jpg 1084w, https:\/\/holamexicotours.com\/wp-content\/uploads\/2026\/02\/IMG-20260206-WA0035-243x300.jpg 243w, https:\/\/holamexicotours.com\/wp-content\/uploads\/2026\/02\/IMG-20260206-WA0035-828x1024.jpg 828w, https:\/\/holamexicotours.com\/wp-content\/uploads\/2026\/02\/IMG-20260206-WA0035-768x949.jpg 768w\" sizes=\"auto, (max-width: 1084px) 100vw, 1084px\" \/><\/figure>\n\n\n\n<figure class=\"wp-block-image alignfull size-large\"><img loading=\"lazy\" decoding=\"async\" width=\"830\" height=\"1024\" src=\"https:\/\/holamexicotours.com\/wp-content\/uploads\/2026\/02\/IMG-20260206-WA0036-830x1024.jpg\" alt=\"\" class=\"wp-image-5073\" srcset=\"https:\/\/holamexicotours.com\/wp-content\/uploads\/2026\/02\/IMG-20260206-WA0036-830x1024.jpg 830w, https:\/\/holamexicotours.com\/wp-content\/uploads\/2026\/02\/IMG-20260206-WA0036-243x300.jpg 243w, https:\/\/holamexicotours.com\/wp-content\/uploads\/2026\/02\/IMG-20260206-WA0036-768x947.jpg 768w, https:\/\/holamexicotours.com\/wp-content\/uploads\/2026\/02\/IMG-20260206-WA0036.jpg 1087w\" sizes=\"auto, (max-width: 830px) 100vw, 830px\" \/><\/figure>\n\n\n\n<figure class=\"wp-block-image alignfull size-large\"><img loading=\"lazy\" decoding=\"async\" width=\"826\" height=\"1024\" src=\"https:\/\/holamexicotours.com\/wp-content\/uploads\/2026\/02\/IMG-20260206-WA0037-826x1024.jpg\" alt=\"\" class=\"wp-image-5074\" srcset=\"https:\/\/holamexicotours.com\/wp-content\/uploads\/2026\/02\/IMG-20260206-WA0037-826x1024.jpg 826w, https:\/\/holamexicotours.com\/wp-content\/uploads\/2026\/02\/IMG-20260206-WA0037-242x300.jpg 242w, https:\/\/holamexicotours.com\/wp-content\/uploads\/2026\/02\/IMG-20260206-WA0037-768x952.jpg 768w, https:\/\/holamexicotours.com\/wp-content\/uploads\/2026\/02\/IMG-20260206-WA0037.jpg 1082w\" sizes=\"auto, (max-width: 826px) 100vw, 826px\" \/><\/figure>\n\n\n\n<figure class=\"wp-block-image alignfull size-large\"><img loading=\"lazy\" decoding=\"async\" width=\"825\" height=\"1024\" src=\"https:\/\/holamexicotours.com\/wp-content\/uploads\/2026\/02\/IMG-20260206-WA0017-825x1024.jpg\" alt=\"\" class=\"wp-image-5077\" srcset=\"https:\/\/holamexicotours.com\/wp-content\/uploads\/2026\/02\/IMG-20260206-WA0017-825x1024.jpg 825w, https:\/\/holamexicotours.com\/wp-content\/uploads\/2026\/02\/IMG-20260206-WA0017-242x300.jpg 242w, https:\/\/holamexicotours.com\/wp-content\/uploads\/2026\/02\/IMG-20260206-WA0017-768x953.jpg 768w, https:\/\/holamexicotours.com\/wp-content\/uploads\/2026\/02\/IMG-20260206-WA0017.jpg 1080w\" sizes=\"auto, (max-width: 825px) 100vw, 825px\" \/><\/figure>\n\n\n\n<h6 class=\"wp-block-heading has-text-align-center\">&#8220;<strong>CONOCE MAS Y VIVE ESTA EXPERIENCIA<\/strong>&#8220;<\/h6>\n\n\n\n<p>A las <strong>playas de&nbsp;Michoac\u00e1n<\/strong>&nbsp;las distinguen sus agrestes monta\u00f1as, su exuberante flora, sus hermosas aves canoras y animales salvajes que conservan el h\u00e1bitat y <strong>hacen de este<\/strong> <strong>destino especial.<\/strong><\/p>\n\n\n\n<p><strong>Playa Faro de Bucer\u00edas<\/strong> es una bah\u00eda rodeada de islas, pe\u00f1ascos y montes; sus aguas van del <strong>tono azul oscuro al turquesa.<\/strong><\/p>\n\n\n\n<figure class=\"wp-block-video\"><video controls src=\"https:\/\/holamexicotours.com\/wp-content\/uploads\/2026\/02\/32f6ff4f49df65758dbc6be529e96609.mp4\"><\/video><\/figure>\n\n\n\n<p><strong>Playa Maruata<\/strong> est\u00e1 formada por un conjunto de peque\u00f1as playas que quiz\u00e1 sean las m\u00e1s atractivas de toda la&nbsp;costa michoacana. El sonido que produce el agua al entrar por unas oquedades y un potente chorro que asemeja un g\u00e9iser marino <strong>son todo un espect\u00e1culo.&nbsp;<\/strong><\/p>\n\n\n\n<figure class=\"wp-block-video\"><video autoplay controls src=\"https:\/\/holamexicotours.com\/wp-content\/uploads\/2024\/08\/Playa-Azul_-Michoacan-De-Ocampo_-Mexico-Playas-De-Michoacan-Hoteles-y-Restaurantes-__PlayasDeMichoacan-__verano-_elAlmaDeMexico__verano2024-_MichoacanHD.mp4\"><\/video><\/figure>\n\n\n\n<p><\/p>\n\n\n\n<h5 class=\"wp-block-heading has-text-align-center\">&#8220;<strong>AMOR A LA COSTA MICHOACANA<\/strong>&#8220;<\/h5>\n\n\n\n<figure class=\"wp-block-image alignfull size-full\"><img loading=\"lazy\" decoding=\"async\" width=\"1728\" height=\"1296\" src=\"https:\/\/holamexicotours.com\/wp-content\/uploads\/2024\/08\/FB_IMG_1616627031892.jpg\" alt=\"\" class=\"wp-image-1935\"\/><\/figure>\n\n\n\n<h2 class=\"wp-block-heading has-text-align-center\"><strong>CABA\u00d1AS FRENTE AL MAR<\/strong><\/h2>\n\n\n\n<figure class=\"wp-block-image alignfull size-full\"><img loading=\"lazy\" decoding=\"async\" width=\"576\" height=\"576\" src=\"https:\/\/holamexicotours.com\/wp-content\/uploads\/2026\/02\/FB_IMG_1768452127691.jpg\" alt=\"\" class=\"wp-image-5087\" srcset=\"https:\/\/holamexicotours.com\/wp-content\/uploads\/2026\/02\/FB_IMG_1768452127691.jpg 576w, https:\/\/holamexicotours.com\/wp-content\/uploads\/2026\/02\/FB_IMG_1768452127691-300x300.jpg 300w, https:\/\/holamexicotours.com\/wp-content\/uploads\/2026\/02\/FB_IMG_1768452127691-150x150.jpg 150w\" sizes=\"auto, (max-width: 576px) 100vw, 576px\" \/><\/figure>\n\n\n\n<figure class=\"wp-block-image alignfull size-large\"><img loading=\"lazy\" decoding=\"async\" width=\"1024\" height=\"1024\" src=\"https:\/\/holamexicotours.com\/wp-content\/uploads\/2026\/02\/FB_IMG_1768452350732-1024x1024.jpg\" alt=\"\" class=\"wp-image-5088\" srcset=\"https:\/\/holamexicotours.com\/wp-content\/uploads\/2026\/02\/FB_IMG_1768452350732-1024x1024.jpg 1024w, https:\/\/holamexicotours.com\/wp-content\/uploads\/2026\/02\/FB_IMG_1768452350732-300x300.jpg 300w, https:\/\/holamexicotours.com\/wp-content\/uploads\/2026\/02\/FB_IMG_1768452350732-150x150.jpg 150w, https:\/\/holamexicotours.com\/wp-content\/uploads\/2026\/02\/FB_IMG_1768452350732-768x768.jpg 768w, https:\/\/holamexicotours.com\/wp-content\/uploads\/2026\/02\/FB_IMG_1768452350732.jpg 1080w\" sizes=\"auto, (max-width: 1024px) 100vw, 1024px\" \/><\/figure>\n\n\n\n<figure class=\"wp-block-image alignfull size-large\"><img loading=\"lazy\" decoding=\"async\" width=\"576\" height=\"1024\" src=\"https:\/\/holamexicotours.com\/wp-content\/uploads\/2026\/02\/FB_IMG_1768452485822-576x1024.jpg\" alt=\"\" class=\"wp-image-5090\" srcset=\"https:\/\/holamexicotours.com\/wp-content\/uploads\/2026\/02\/FB_IMG_1768452485822-576x1024.jpg 576w, https:\/\/holamexicotours.com\/wp-content\/uploads\/2026\/02\/FB_IMG_1768452485822-169x300.jpg 169w, https:\/\/holamexicotours.com\/wp-content\/uploads\/2026\/02\/FB_IMG_1768452485822-768x1365.jpg 768w, https:\/\/holamexicotours.com\/wp-content\/uploads\/2026\/02\/FB_IMG_1768452485822-864x1536.jpg 864w, https:\/\/holamexicotours.com\/wp-content\/uploads\/2026\/02\/FB_IMG_1768452485822.jpg 900w\" sizes=\"auto, (max-width: 576px) 100vw, 576px\" \/><\/figure>\n\n\n\n<figure class=\"wp-block-image alignfull size-large\"><img loading=\"lazy\" decoding=\"async\" width=\"1024\" height=\"461\" src=\"https:\/\/holamexicotours.com\/wp-content\/uploads\/2026\/02\/FB_IMG_1768452301585-1024x461.jpg\" alt=\"\" class=\"wp-image-5092\" srcset=\"https:\/\/holamexicotours.com\/wp-content\/uploads\/2026\/02\/FB_IMG_1768452301585-1024x461.jpg 1024w, https:\/\/holamexicotours.com\/wp-content\/uploads\/2026\/02\/FB_IMG_1768452301585-300x135.jpg 300w, https:\/\/holamexicotours.com\/wp-content\/uploads\/2026\/02\/FB_IMG_1768452301585-768x346.jpg 768w, https:\/\/holamexicotours.com\/wp-content\/uploads\/2026\/02\/FB_IMG_1768452301585-1536x691.jpg 1536w, https:\/\/holamexicotours.com\/wp-content\/uploads\/2026\/02\/FB_IMG_1768452301585.jpg 1600w\" sizes=\"auto, (max-width: 1024px) 100vw, 1024px\" \/><\/figure>\n\n\n\n<figure class=\"wp-block-image alignfull size-large\"><img loading=\"lazy\" decoding=\"async\" width=\"1024\" height=\"768\" src=\"https:\/\/holamexicotours.com\/wp-content\/uploads\/2026\/02\/FB_IMG_1771524209739-1024x768.jpg\" alt=\"\" class=\"wp-image-5172\" srcset=\"https:\/\/holamexicotours.com\/wp-content\/uploads\/2026\/02\/FB_IMG_1771524209739-1024x768.jpg 1024w, https:\/\/holamexicotours.com\/wp-content\/uploads\/2026\/02\/FB_IMG_1771524209739-300x225.jpg 300w, https:\/\/holamexicotours.com\/wp-content\/uploads\/2026\/02\/FB_IMG_1771524209739-768x576.jpg 768w, https:\/\/holamexicotours.com\/wp-content\/uploads\/2026\/02\/FB_IMG_1771524209739-1536x1152.jpg 1536w, https:\/\/holamexicotours.com\/wp-content\/uploads\/2026\/02\/FB_IMG_1771524209739.jpg 2048w\" sizes=\"auto, (max-width: 1024px) 100vw, 1024px\" \/><\/figure>\n\n\n\n<h2 class=\"wp-block-heading has-text-align-center\"><strong>CAMPAMENTO<\/strong><\/h2>\n\n\n\n<figure class=\"wp-block-image alignfull size-large\"><img loading=\"lazy\" decoding=\"async\" width=\"1024\" height=\"768\" src=\"https:\/\/holamexicotours.com\/wp-content\/uploads\/2026\/02\/FB_IMG_1771702700971-1024x768.jpg\" alt=\"\" class=\"wp-image-5183\" srcset=\"https:\/\/holamexicotours.com\/wp-content\/uploads\/2026\/02\/FB_IMG_1771702700971-1024x768.jpg 1024w, https:\/\/holamexicotours.com\/wp-content\/uploads\/2026\/02\/FB_IMG_1771702700971-300x225.jpg 300w, https:\/\/holamexicotours.com\/wp-content\/uploads\/2026\/02\/FB_IMG_1771702700971-768x576.jpg 768w, https:\/\/holamexicotours.com\/wp-content\/uploads\/2026\/02\/FB_IMG_1771702700971-1536x1152.jpg 1536w, https:\/\/holamexicotours.com\/wp-content\/uploads\/2026\/02\/FB_IMG_1771702700971.jpg 2048w\" sizes=\"auto, (max-width: 1024px) 100vw, 1024px\" \/><\/figure>\n\n\n\n<figure class=\"wp-block-image alignfull size-large\"><img loading=\"lazy\" decoding=\"async\" width=\"1024\" height=\"768\" src=\"https:\/\/holamexicotours.com\/wp-content\/uploads\/2026\/02\/FB_IMG_1771702673348-1024x768.jpg\" alt=\"\" class=\"wp-image-5184\" srcset=\"https:\/\/holamexicotours.com\/wp-content\/uploads\/2026\/02\/FB_IMG_1771702673348-1024x768.jpg 1024w, https:\/\/holamexicotours.com\/wp-content\/uploads\/2026\/02\/FB_IMG_1771702673348-300x225.jpg 300w, https:\/\/holamexicotours.com\/wp-content\/uploads\/2026\/02\/FB_IMG_1771702673348-768x576.jpg 768w, https:\/\/holamexicotours.com\/wp-content\/uploads\/2026\/02\/FB_IMG_1771702673348-1536x1152.jpg 1536w, https:\/\/holamexicotours.com\/wp-content\/uploads\/2026\/02\/FB_IMG_1771702673348.jpg 2048w\" sizes=\"auto, (max-width: 1024px) 100vw, 1024px\" \/><\/figure>\n\n\n\n<p><a href=\"https:\/\/holamexicotours.com\/index.php\/2024\/05\/01\/playas-de-michoacan\/\">CONTINUAR LEYENDO EN NUESTRA REVISTA DIGITAL&#8230;&#8230;.<\/a><\/p>\n\n\n\n<figure class=\"wp-block-embed is-type-wp-embed is-provider-hola-mexico-tours wp-block-embed-hola-mexico-tours\"><div class=\"wp-block-embed__wrapper\">\n<blockquote class=\"wp-embedded-content\" data-secret=\"PkwyzeA5C6\"><a href=\"https:\/\/holamexicotours.com\/index.php\/2024\/05\/01\/playas-de-michoacan\/\">PLAYAS DE MICHOAC\u00c1N<\/a><\/blockquote><iframe loading=\"lazy\" class=\"wp-embedded-content\" sandbox=\"allow-scripts\" security=\"restricted\" style=\"position: absolute; visibility: hidden;\" title=\"&#8220;PLAYAS DE MICHOAC\u00c1N&#8221; &#8212; HOLA MEXICO TOURS\" src=\"https:\/\/holamexicotours.com\/index.php\/2024\/05\/01\/playas-de-michoacan\/embed\/#?secret=MgBQwP0TIi#?secret=PkwyzeA5C6\" data-secret=\"PkwyzeA5C6\" width=\"600\" height=\"338\" frameborder=\"0\" marginwidth=\"0\" marginheight=\"0\" scrolling=\"no\"><\/iframe>\n<\/div><\/figure>\n\n\n\n<figure class=\"wp-block-image alignfull size-full\"><a href=\"https:\/\/holamexicotours.com\/index.php\/reserva-tu-viaje-con-la-agencia-de-viaje-de-tu-preferencia\/\"><img loading=\"lazy\" decoding=\"async\" width=\"687\" height=\"367\" src=\"https:\/\/holamexicotours.com\/wp-content\/uploads\/2024\/08\/RESERVA-TU-VIAJE-AQUI.jpg\" alt=\"\" class=\"wp-image-1942\"\/><\/a><\/figure>\n","protected":false},"excerpt":{"rendered":"<p>Las playas de&nbsp;Michoac\u00e1n&nbsp;las distinguen sus agrestes monta\u00f1as, su exuberante flora, sus hermosas aves canoras y animales salvajes que conservan el h\u00e1bitat y hacen de este destino especial. ITINERARIO DEL VIAJE&hellip; <\/p>\n","protected":false},"author":2,"featured_media":5069,"parent":0,"menu_order":0,"comment_status":"closed","ping_status":"closed","template":"","meta":{"footnotes":""},"class_list":["post-1923","page","type-page","status-publish","has-post-thumbnail","hentry"],"yoast_head":"<!-- This site is optimized with the Yoast SEO plugin v23.3 - https:\/\/yoast.com\/wordpress\/plugins\/seo\/ -->\n<title>PLAYAS DE MICHOAC\u00c1N - HOLA MEXICO TOURS<\/title>\n<meta name=\"robots\" content=\"index, follow, max-snippet:-1, max-image-preview:large, max-video-preview:-1\" \/>\n<link rel=\"canonical\" href=\"https:\/\/holamexicotours.com\/index.php\/playas-de-michoacan\/\" \/>\n<meta property=\"og:locale\" content=\"es_MX\" \/>\n<meta property=\"og:type\" content=\"article\" \/>\n<meta property=\"og:title\" content=\"PLAYAS DE MICHOAC\u00c1N - HOLA MEXICO TOURS\" \/>\n<meta property=\"og:description\" content=\"Las playas de&nbsp;Michoac\u00e1n&nbsp;las distinguen sus agrestes monta\u00f1as, su exuberante flora, sus hermosas aves canoras y animales salvajes que conservan el h\u00e1bitat y hacen de este destino especial. ITINERARIO DEL VIAJE&hellip;\" \/>\n<meta property=\"og:url\" content=\"https:\/\/holamexicotours.com\/index.php\/playas-de-michoacan\/\" \/>\n<meta property=\"og:site_name\" content=\"HOLA MEXICO TOURS\" \/>\n<meta property=\"article:modified_time\" content=\"2026-02-21T20:32:40+00:00\" \/>\n<meta property=\"og:image\" content=\"https:\/\/holamexicotours.com\/wp-content\/uploads\/2026\/02\/images.jpeg\" \/>\n\t<meta property=\"og:image:width\" content=\"678\" \/>\n\t<meta property=\"og:image:height\" content=\"452\" \/>\n\t<meta property=\"og:image:type\" content=\"image\/jpeg\" \/>\n<meta name=\"twitter:card\" content=\"summary_large_image\" \/>\n<meta name=\"twitter:label1\" content=\"Tiempo de lectura\" \/>\n\t<meta name=\"twitter:data1\" content=\"4 minutos\" \/>\n<script type=\"application\/ld+json\" class=\"yoast-schema-graph\">{\"@context\":\"https:\/\/schema.org\",\"@graph\":[{\"@type\":\"WebPage\",\"@id\":\"https:\/\/holamexicotours.com\/index.php\/playas-de-michoacan\/\",\"url\":\"https:\/\/holamexicotours.com\/index.php\/playas-de-michoacan\/\",\"name\":\"PLAYAS DE MICHOAC\u00c1N - HOLA MEXICO TOURS\",\"isPartOf\":{\"@id\":\"https:\/\/holamexicotours.com\/#website\"},\"primaryImageOfPage\":{\"@id\":\"https:\/\/holamexicotours.com\/index.php\/playas-de-michoacan\/#primaryimage\"},\"image\":{\"@id\":\"https:\/\/holamexicotours.com\/index.php\/playas-de-michoacan\/#primaryimage\"},\"thumbnailUrl\":\"https:\/\/holamexicotours.com\/wp-content\/uploads\/2026\/02\/images.jpeg\",\"datePublished\":\"2024-08-03T17:33:47+00:00\",\"dateModified\":\"2026-02-21T20:32:40+00:00\",\"breadcrumb\":{\"@id\":\"https:\/\/holamexicotours.com\/index.php\/playas-de-michoacan\/#breadcrumb\"},\"inLanguage\":\"es\",\"potentialAction\":[{\"@type\":\"ReadAction\",\"target\":[\"https:\/\/holamexicotours.com\/index.php\/playas-de-michoacan\/\"]}]},{\"@type\":\"ImageObject\",\"inLanguage\":\"es\",\"@id\":\"https:\/\/holamexicotours.com\/index.php\/playas-de-michoacan\/#primaryimage\",\"url\":\"https:\/\/holamexicotours.com\/wp-content\/uploads\/2026\/02\/images.jpeg\",\"contentUrl\":\"https:\/\/holamexicotours.com\/wp-content\/uploads\/2026\/02\/images.jpeg\",\"width\":678,\"height\":452},{\"@type\":\"BreadcrumbList\",\"@id\":\"https:\/\/holamexicotours.com\/index.php\/playas-de-michoacan\/#breadcrumb\",\"itemListElement\":[{\"@type\":\"ListItem\",\"position\":1,\"name\":\"Home\",\"item\":\"https:\/\/holamexicotours.com\/\"},{\"@type\":\"ListItem\",\"position\":2,\"name\":\"PLAYAS DE MICHOAC\u00c1N\"}]},{\"@type\":\"WebSite\",\"@id\":\"https:\/\/holamexicotours.com\/#website\",\"url\":\"https:\/\/holamexicotours.com\/\",\"name\":\"https:\/\/holamexicotours.com\/\",\"description\":\"A trav\u00e9z de tus ojos, VIVE M\u00c9XICO.\",\"publisher\":{\"@id\":\"https:\/\/holamexicotours.com\/#\/schema\/person\/03a3eec8d68d2f43733875f848656cc2\"},\"potentialAction\":[{\"@type\":\"SearchAction\",\"target\":{\"@type\":\"EntryPoint\",\"urlTemplate\":\"https:\/\/holamexicotours.com\/?s={search_term_string}\"},\"query-input\":\"required name=search_term_string\"}],\"inLanguage\":\"es\"},{\"@type\":[\"Person\",\"Organization\"],\"@id\":\"https:\/\/holamexicotours.com\/#\/schema\/person\/03a3eec8d68d2f43733875f848656cc2\",\"name\":\"holamexicotours\",\"image\":{\"@type\":\"ImageObject\",\"inLanguage\":\"es\",\"@id\":\"https:\/\/holamexicotours.com\/#\/schema\/person\/image\/\",\"url\":\"https:\/\/holamexicotours.com\/wp-content\/uploads\/2025\/04\/cropped-LOGO-FINAL.png\",\"contentUrl\":\"https:\/\/holamexicotours.com\/wp-content\/uploads\/2025\/04\/cropped-LOGO-FINAL.png\",\"width\":1182,\"height\":778,\"caption\":\"holamexicotours\"},\"logo\":{\"@id\":\"https:\/\/holamexicotours.com\/#\/schema\/person\/image\/\"}}]}<\/script>\n<!-- \/ Yoast SEO plugin. -->","yoast_head_json":{"title":"PLAYAS DE MICHOAC\u00c1N - HOLA MEXICO TOURS","robots":{"index":"index","follow":"follow","max-snippet":"max-snippet:-1","max-image-preview":"max-image-preview:large","max-video-preview":"max-video-preview:-1"},"canonical":"https:\/\/holamexicotours.com\/index.php\/playas-de-michoacan\/","og_locale":"es_MX","og_type":"article","og_title":"PLAYAS DE MICHOAC\u00c1N - HOLA MEXICO TOURS","og_description":"Las playas de&nbsp;Michoac\u00e1n&nbsp;las distinguen sus agrestes monta\u00f1as, su exuberante flora, sus hermosas aves canoras y animales salvajes que conservan el h\u00e1bitat y hacen de este destino especial. ITINERARIO DEL VIAJE&hellip;","og_url":"https:\/\/holamexicotours.com\/index.php\/playas-de-michoacan\/","og_site_name":"HOLA MEXICO TOURS","article_modified_time":"2026-02-21T20:32:40+00:00","og_image":[{"width":678,"height":452,"url":"https:\/\/holamexicotours.com\/wp-content\/uploads\/2026\/02\/images.jpeg","type":"image\/jpeg"}],"twitter_card":"summary_large_image","twitter_misc":{"Tiempo de lectura":"4 minutos"},"schema":{"@context":"https:\/\/schema.org","@graph":[{"@type":"WebPage","@id":"https:\/\/holamexicotours.com\/index.php\/playas-de-michoacan\/","url":"https:\/\/holamexicotours.com\/index.php\/playas-de-michoacan\/","name":"PLAYAS DE MICHOAC\u00c1N - HOLA MEXICO TOURS","isPartOf":{"@id":"https:\/\/holamexicotours.com\/#website"},"primaryImageOfPage":{"@id":"https:\/\/holamexicotours.com\/index.php\/playas-de-michoacan\/#primaryimage"},"image":{"@id":"https:\/\/holamexicotours.com\/index.php\/playas-de-michoacan\/#primaryimage"},"thumbnailUrl":"https:\/\/holamexicotours.com\/wp-content\/uploads\/2026\/02\/images.jpeg","datePublished":"2024-08-03T17:33:47+00:00","dateModified":"2026-02-21T20:32:40+00:00","breadcrumb":{"@id":"https:\/\/holamexicotours.com\/index.php\/playas-de-michoacan\/#breadcrumb"},"inLanguage":"es","potentialAction":[{"@type":"ReadAction","target":["https:\/\/holamexicotours.com\/index.php\/playas-de-michoacan\/"]}]},{"@type":"ImageObject","inLanguage":"es","@id":"https:\/\/holamexicotours.com\/index.php\/playas-de-michoacan\/#primaryimage","url":"https:\/\/holamexicotours.com\/wp-content\/uploads\/2026\/02\/images.jpeg","contentUrl":"https:\/\/holamexicotours.com\/wp-content\/uploads\/2026\/02\/images.jpeg","width":678,"height":452},{"@type":"BreadcrumbList","@id":"https:\/\/holamexicotours.com\/index.php\/playas-de-michoacan\/#breadcrumb","itemListElement":[{"@type":"ListItem","position":1,"name":"Home","item":"https:\/\/holamexicotours.com\/"},{"@type":"ListItem","position":2,"name":"PLAYAS DE MICHOAC\u00c1N"}]},{"@type":"WebSite","@id":"https:\/\/holamexicotours.com\/#website","url":"https:\/\/holamexicotours.com\/","name":"https:\/\/holamexicotours.com\/","description":"A trav\u00e9z de tus ojos, VIVE M\u00c9XICO.","publisher":{"@id":"https:\/\/holamexicotours.com\/#\/schema\/person\/03a3eec8d68d2f43733875f848656cc2"},"potentialAction":[{"@type":"SearchAction","target":{"@type":"EntryPoint","urlTemplate":"https:\/\/holamexicotours.com\/?s={search_term_string}"},"query-input":"required name=search_term_string"}],"inLanguage":"es"},{"@type":["Person","Organization"],"@id":"https:\/\/holamexicotours.com\/#\/schema\/person\/03a3eec8d68d2f43733875f848656cc2","name":"holamexicotours","image":{"@type":"ImageObject","inLanguage":"es","@id":"https:\/\/holamexicotours.com\/#\/schema\/person\/image\/","url":"https:\/\/holamexicotours.com\/wp-content\/uploads\/2025\/04\/cropped-LOGO-FINAL.png","contentUrl":"https:\/\/holamexicotours.com\/wp-content\/uploads\/2025\/04\/cropped-LOGO-FINAL.png","width":1182,"height":778,"caption":"holamexicotours"},"logo":{"@id":"https:\/\/holamexicotours.com\/#\/schema\/person\/image\/"}}]}},"_links":{"self":[{"href":"https:\/\/holamexicotours.com\/index.php\/wp-json\/wp\/v2\/pages\/1923","targetHints":{"allow":["GET"]}}],"collection":[{"href":"https:\/\/holamexicotours.com\/index.php\/wp-json\/wp\/v2\/pages"}],"about":[{"href":"https:\/\/holamexicotours.com\/index.php\/wp-json\/wp\/v2\/types\/page"}],"author":[{"embeddable":true,"href":"https:\/\/holamexicotours.com\/index.php\/wp-json\/wp\/v2\/users\/2"}],"replies":[{"embeddable":true,"href":"https:\/\/holamexicotours.com\/index.php\/wp-json\/wp\/v2\/comments?post=1923"}],"version-history":[{"count":28,"href":"https:\/\/holamexicotours.com\/index.php\/wp-json\/wp\/v2\/pages\/1923\/revisions"}],"predecessor-version":[{"id":5190,"href":"https:\/\/holamexicotours.com\/index.php\/wp-json\/wp\/v2\/pages\/1923\/revisions\/5190"}],"wp:featuredmedia":[{"embeddable":true,"href":"https:\/\/holamexicotours.com\/index.php\/wp-json\/wp\/v2\/media\/5069"}],"wp:attachment":[{"href":"https:\/\/holamexicotours.com\/index.php\/wp-json\/wp\/v2\/media?parent=1923"}],"curies":[{"name":"wp","href":"https:\/\/api.w.org\/{rel}","templated":true}]}}