{"id":1892,"date":"2024-08-01T19:40:47","date_gmt":"2024-08-01T19:40:47","guid":{"rendered":"https:\/\/holamexicotours.com\/?page_id=1892"},"modified":"2025-12-08T18:34:44","modified_gmt":"2025-12-08T18:34:44","slug":"grutas-de-tolantongo","status":"publish","type":"page","link":"https:\/\/holamexicotours.com\/index.php\/grutas-de-tolantongo\/","title":{"rendered":"GRUTAS DE TOLANTONGO"},"content":{"rendered":"\n<p><strong>Las Grutas de Tolantongo<\/strong> son un conjunto de cuevas y grutas localizadas en el municipio del Cardonal, en el estado de Hidalgo.<\/p>\n\n\n\n<p><strong>Con\u00e9ctate con la serenidad de la naturaleza <\/strong>y d\u00e9jate cautivar por la majestuosidad de sus bellas cascadas y tranquilidad de sus aguas.<\/p>\n\n\n\n<p><strong>Grutas con t\u00faneles<\/strong> que emanan vapor de entre las rocas y un rio donde corren aguas termales. As\u00ed mismo ofrecen un sinf\u00edn de actividades como puentes colgantes, tirolesa, senderismo y albercas.<\/p>\n\n\n\n<figure class=\"wp-block-image alignfull size-full\"><img loading=\"lazy\" decoding=\"async\" width=\"1081\" height=\"1340\" src=\"https:\/\/holamexicotours.com\/wp-content\/uploads\/2025\/12\/01.GUIA-DE-VIAJE-TOLANTONGO.jpg\" alt=\"\" class=\"wp-image-4870\" srcset=\"https:\/\/holamexicotours.com\/wp-content\/uploads\/2025\/12\/01.GUIA-DE-VIAJE-TOLANTONGO.jpg 1081w, https:\/\/holamexicotours.com\/wp-content\/uploads\/2025\/12\/01.GUIA-DE-VIAJE-TOLANTONGO-242x300.jpg 242w, https:\/\/holamexicotours.com\/wp-content\/uploads\/2025\/12\/01.GUIA-DE-VIAJE-TOLANTONGO-826x1024.jpg 826w, https:\/\/holamexicotours.com\/wp-content\/uploads\/2025\/12\/01.GUIA-DE-VIAJE-TOLANTONGO-768x952.jpg 768w\" sizes=\"auto, (max-width: 1081px) 100vw, 1081px\" \/><\/figure>\n\n\n\n<figure class=\"wp-block-image alignfull size-large\"><img loading=\"lazy\" decoding=\"async\" width=\"825\" height=\"1024\" src=\"https:\/\/holamexicotours.com\/wp-content\/uploads\/2025\/12\/02.GUIA-DE-VIAJE-TOLANTONGO-825x1024.jpg\" alt=\"\" class=\"wp-image-4871\" srcset=\"https:\/\/holamexicotours.com\/wp-content\/uploads\/2025\/12\/02.GUIA-DE-VIAJE-TOLANTONGO-825x1024.jpg 825w, https:\/\/holamexicotours.com\/wp-content\/uploads\/2025\/12\/02.GUIA-DE-VIAJE-TOLANTONGO-242x300.jpg 242w, https:\/\/holamexicotours.com\/wp-content\/uploads\/2025\/12\/02.GUIA-DE-VIAJE-TOLANTONGO-768x954.jpg 768w, https:\/\/holamexicotours.com\/wp-content\/uploads\/2025\/12\/02.GUIA-DE-VIAJE-TOLANTONGO.jpg 1080w\" sizes=\"auto, (max-width: 825px) 100vw, 825px\" \/><\/figure>\n\n\n\n<figure class=\"wp-block-image alignfull size-large\"><img loading=\"lazy\" decoding=\"async\" width=\"826\" height=\"1024\" src=\"https:\/\/holamexicotours.com\/wp-content\/uploads\/2025\/10\/03.GUIA-DE-VIAJE-TOLANTONGO-826x1024.jpg\" alt=\"\" class=\"wp-image-4471\" srcset=\"https:\/\/holamexicotours.com\/wp-content\/uploads\/2025\/10\/03.GUIA-DE-VIAJE-TOLANTONGO-826x1024.jpg 826w, https:\/\/holamexicotours.com\/wp-content\/uploads\/2025\/10\/03.GUIA-DE-VIAJE-TOLANTONGO-242x300.jpg 242w, https:\/\/holamexicotours.com\/wp-content\/uploads\/2025\/10\/03.GUIA-DE-VIAJE-TOLANTONGO-768x953.jpg 768w, https:\/\/holamexicotours.com\/wp-content\/uploads\/2025\/10\/03.GUIA-DE-VIAJE-TOLANTONGO.jpg 1082w\" sizes=\"auto, (max-width: 826px) 100vw, 826px\" \/><\/figure>\n\n\n\n<p><strong>Las Grutas de Tolantongo<\/strong> son un conjunto de cuevas y grutas localizadas en el municipio del Cardonal, en el estado de Hidalgo.<\/p>\n\n\n\n<figure class=\"wp-block-image alignfull size-full\"><img loading=\"lazy\" decoding=\"async\" width=\"720\" height=\"960\" src=\"https:\/\/holamexicotours.com\/wp-content\/uploads\/2024\/08\/FB_IMG_1659193488975.jpg\" alt=\"\" class=\"wp-image-1895\"\/><\/figure>\n\n\n\n<figure class=\"wp-block-image alignfull size-full\"><img loading=\"lazy\" decoding=\"async\" width=\"739\" height=\"415\" src=\"https:\/\/holamexicotours.com\/wp-content\/uploads\/2024\/08\/FB_IMG_1659193614638.jpg\" alt=\"\" class=\"wp-image-1896\"\/><\/figure>\n\n\n\n<p id=\"block-85896191-5e76-42de-a681-9af2e25aa410\">Prep\u00e1rate para tener dos d\u00edas lleno de aventura y diversi\u00f3n con las diferentes actividades de este incre\u00edble parque, <strong>\u00a1\u00a1No te lo puedes perder!!<\/strong><\/p>\n\n\n\n<figure class=\"wp-block-image alignfull size-full\"><a href=\"https:\/\/holamexicotours.com\/index.php\/reserva-tu-viaje-con-la-agencia-de-viaje-de-tu-preferencia\/\"><img loading=\"lazy\" decoding=\"async\" width=\"687\" height=\"367\" src=\"https:\/\/holamexicotours.com\/wp-content\/uploads\/2024\/08\/RESERVA-TU-VIAJE-AQUI.jpg\" alt=\"\" class=\"wp-image-1942\"\/><\/a><\/figure>\n","protected":false},"excerpt":{"rendered":"<p>Las Grutas de Tolantongo son un conjunto de cuevas y grutas localizadas en el municipio del Cardonal, en el estado de Hidalgo. Con\u00e9ctate con la serenidad de la naturaleza y&hellip; <\/p>\n","protected":false},"author":2,"featured_media":4467,"parent":0,"menu_order":0,"comment_status":"closed","ping_status":"closed","template":"","meta":{"footnotes":""},"class_list":["post-1892","page","type-page","status-publish","has-post-thumbnail","hentry"],"yoast_head":"<!-- This site is optimized with the Yoast SEO plugin v23.3 - https:\/\/yoast.com\/wordpress\/plugins\/seo\/ -->\n<title>GRUTAS DE TOLANTONGO - HOLA MEXICO TOURS<\/title>\n<meta name=\"robots\" content=\"index, follow, max-snippet:-1, max-image-preview:large, max-video-preview:-1\" \/>\n<link rel=\"canonical\" href=\"https:\/\/holamexicotours.com\/index.php\/grutas-de-tolantongo\/\" \/>\n<meta property=\"og:locale\" content=\"es_MX\" \/>\n<meta property=\"og:type\" content=\"article\" \/>\n<meta property=\"og:title\" content=\"GRUTAS DE TOLANTONGO - HOLA MEXICO TOURS\" \/>\n<meta property=\"og:description\" content=\"Las Grutas de Tolantongo son un conjunto de cuevas y grutas localizadas en el municipio del Cardonal, en el estado de Hidalgo. Con\u00e9ctate con la serenidad de la naturaleza y&hellip;\" \/>\n<meta property=\"og:url\" content=\"https:\/\/holamexicotours.com\/index.php\/grutas-de-tolantongo\/\" \/>\n<meta property=\"og:site_name\" content=\"HOLA MEXICO TOURS\" \/>\n<meta property=\"article:modified_time\" content=\"2025-12-08T18:34:44+00:00\" \/>\n<meta property=\"og:image\" content=\"https:\/\/holamexicotours.com\/wp-content\/uploads\/2025\/10\/images-2.jpeg\" \/>\n\t<meta property=\"og:image:width\" content=\"709\" \/>\n\t<meta property=\"og:image:height\" content=\"433\" \/>\n\t<meta property=\"og:image:type\" content=\"image\/jpeg\" \/>\n<meta name=\"twitter:card\" content=\"summary_large_image\" \/>\n<meta name=\"twitter:label1\" content=\"Tiempo de lectura\" \/>\n\t<meta name=\"twitter:data1\" content=\"2 minutos\" \/>\n<script type=\"application\/ld+json\" class=\"yoast-schema-graph\">{\"@context\":\"https:\/\/schema.org\",\"@graph\":[{\"@type\":\"WebPage\",\"@id\":\"https:\/\/holamexicotours.com\/index.php\/grutas-de-tolantongo\/\",\"url\":\"https:\/\/holamexicotours.com\/index.php\/grutas-de-tolantongo\/\",\"name\":\"GRUTAS DE TOLANTONGO - HOLA MEXICO TOURS\",\"isPartOf\":{\"@id\":\"https:\/\/holamexicotours.com\/#website\"},\"primaryImageOfPage\":{\"@id\":\"https:\/\/holamexicotours.com\/index.php\/grutas-de-tolantongo\/#primaryimage\"},\"image\":{\"@id\":\"https:\/\/holamexicotours.com\/index.php\/grutas-de-tolantongo\/#primaryimage\"},\"thumbnailUrl\":\"https:\/\/holamexicotours.com\/wp-content\/uploads\/2025\/10\/images-2.jpeg\",\"datePublished\":\"2024-08-01T19:40:47+00:00\",\"dateModified\":\"2025-12-08T18:34:44+00:00\",\"breadcrumb\":{\"@id\":\"https:\/\/holamexicotours.com\/index.php\/grutas-de-tolantongo\/#breadcrumb\"},\"inLanguage\":\"es\",\"potentialAction\":[{\"@type\":\"ReadAction\",\"target\":[\"https:\/\/holamexicotours.com\/index.php\/grutas-de-tolantongo\/\"]}]},{\"@type\":\"ImageObject\",\"inLanguage\":\"es\",\"@id\":\"https:\/\/holamexicotours.com\/index.php\/grutas-de-tolantongo\/#primaryimage\",\"url\":\"https:\/\/holamexicotours.com\/wp-content\/uploads\/2025\/10\/images-2.jpeg\",\"contentUrl\":\"https:\/\/holamexicotours.com\/wp-content\/uploads\/2025\/10\/images-2.jpeg\",\"width\":709,\"height\":433},{\"@type\":\"BreadcrumbList\",\"@id\":\"https:\/\/holamexicotours.com\/index.php\/grutas-de-tolantongo\/#breadcrumb\",\"itemListElement\":[{\"@type\":\"ListItem\",\"position\":1,\"name\":\"Home\",\"item\":\"https:\/\/holamexicotours.com\/\"},{\"@type\":\"ListItem\",\"position\":2,\"name\":\"GRUTAS DE TOLANTONGO\"}]},{\"@type\":\"WebSite\",\"@id\":\"https:\/\/holamexicotours.com\/#website\",\"url\":\"https:\/\/holamexicotours.com\/\",\"name\":\"https:\/\/holamexicotours.com\/\",\"description\":\"A trav\u00e9z de tus ojos, VIVE M\u00c9XICO.\",\"publisher\":{\"@id\":\"https:\/\/holamexicotours.com\/#\/schema\/person\/03a3eec8d68d2f43733875f848656cc2\"},\"potentialAction\":[{\"@type\":\"SearchAction\",\"target\":{\"@type\":\"EntryPoint\",\"urlTemplate\":\"https:\/\/holamexicotours.com\/?s={search_term_string}\"},\"query-input\":\"required name=search_term_string\"}],\"inLanguage\":\"es\"},{\"@type\":[\"Person\",\"Organization\"],\"@id\":\"https:\/\/holamexicotours.com\/#\/schema\/person\/03a3eec8d68d2f43733875f848656cc2\",\"name\":\"holamexicotours\",\"image\":{\"@type\":\"ImageObject\",\"inLanguage\":\"es\",\"@id\":\"https:\/\/holamexicotours.com\/#\/schema\/person\/image\/\",\"url\":\"https:\/\/holamexicotours.com\/wp-content\/uploads\/2025\/04\/cropped-LOGO-FINAL.png\",\"contentUrl\":\"https:\/\/holamexicotours.com\/wp-content\/uploads\/2025\/04\/cropped-LOGO-FINAL.png\",\"width\":1182,\"height\":778,\"caption\":\"holamexicotours\"},\"logo\":{\"@id\":\"https:\/\/holamexicotours.com\/#\/schema\/person\/image\/\"}}]}<\/script>\n<!-- \/ Yoast SEO plugin. -->","yoast_head_json":{"title":"GRUTAS DE TOLANTONGO - HOLA MEXICO TOURS","robots":{"index":"index","follow":"follow","max-snippet":"max-snippet:-1","max-image-preview":"max-image-preview:large","max-video-preview":"max-video-preview:-1"},"canonical":"https:\/\/holamexicotours.com\/index.php\/grutas-de-tolantongo\/","og_locale":"es_MX","og_type":"article","og_title":"GRUTAS DE TOLANTONGO - HOLA MEXICO TOURS","og_description":"Las Grutas de Tolantongo son un conjunto de cuevas y grutas localizadas en el municipio del Cardonal, en el estado de Hidalgo. Con\u00e9ctate con la serenidad de la naturaleza y&hellip;","og_url":"https:\/\/holamexicotours.com\/index.php\/grutas-de-tolantongo\/","og_site_name":"HOLA MEXICO TOURS","article_modified_time":"2025-12-08T18:34:44+00:00","og_image":[{"width":709,"height":433,"url":"https:\/\/holamexicotours.com\/wp-content\/uploads\/2025\/10\/images-2.jpeg","type":"image\/jpeg"}],"twitter_card":"summary_large_image","twitter_misc":{"Tiempo de lectura":"2 minutos"},"schema":{"@context":"https:\/\/schema.org","@graph":[{"@type":"WebPage","@id":"https:\/\/holamexicotours.com\/index.php\/grutas-de-tolantongo\/","url":"https:\/\/holamexicotours.com\/index.php\/grutas-de-tolantongo\/","name":"GRUTAS DE TOLANTONGO - HOLA MEXICO TOURS","isPartOf":{"@id":"https:\/\/holamexicotours.com\/#website"},"primaryImageOfPage":{"@id":"https:\/\/holamexicotours.com\/index.php\/grutas-de-tolantongo\/#primaryimage"},"image":{"@id":"https:\/\/holamexicotours.com\/index.php\/grutas-de-tolantongo\/#primaryimage"},"thumbnailUrl":"https:\/\/holamexicotours.com\/wp-content\/uploads\/2025\/10\/images-2.jpeg","datePublished":"2024-08-01T19:40:47+00:00","dateModified":"2025-12-08T18:34:44+00:00","breadcrumb":{"@id":"https:\/\/holamexicotours.com\/index.php\/grutas-de-tolantongo\/#breadcrumb"},"inLanguage":"es","potentialAction":[{"@type":"ReadAction","target":["https:\/\/holamexicotours.com\/index.php\/grutas-de-tolantongo\/"]}]},{"@type":"ImageObject","inLanguage":"es","@id":"https:\/\/holamexicotours.com\/index.php\/grutas-de-tolantongo\/#primaryimage","url":"https:\/\/holamexicotours.com\/wp-content\/uploads\/2025\/10\/images-2.jpeg","contentUrl":"https:\/\/holamexicotours.com\/wp-content\/uploads\/2025\/10\/images-2.jpeg","width":709,"height":433},{"@type":"BreadcrumbList","@id":"https:\/\/holamexicotours.com\/index.php\/grutas-de-tolantongo\/#breadcrumb","itemListElement":[{"@type":"ListItem","position":1,"name":"Home","item":"https:\/\/holamexicotours.com\/"},{"@type":"ListItem","position":2,"name":"GRUTAS DE TOLANTONGO"}]},{"@type":"WebSite","@id":"https:\/\/holamexicotours.com\/#website","url":"https:\/\/holamexicotours.com\/","name":"https:\/\/holamexicotours.com\/","description":"A trav\u00e9z de tus ojos, VIVE M\u00c9XICO.","publisher":{"@id":"https:\/\/holamexicotours.com\/#\/schema\/person\/03a3eec8d68d2f43733875f848656cc2"},"potentialAction":[{"@type":"SearchAction","target":{"@type":"EntryPoint","urlTemplate":"https:\/\/holamexicotours.com\/?s={search_term_string}"},"query-input":"required name=search_term_string"}],"inLanguage":"es"},{"@type":["Person","Organization"],"@id":"https:\/\/holamexicotours.com\/#\/schema\/person\/03a3eec8d68d2f43733875f848656cc2","name":"holamexicotours","image":{"@type":"ImageObject","inLanguage":"es","@id":"https:\/\/holamexicotours.com\/#\/schema\/person\/image\/","url":"https:\/\/holamexicotours.com\/wp-content\/uploads\/2025\/04\/cropped-LOGO-FINAL.png","contentUrl":"https:\/\/holamexicotours.com\/wp-content\/uploads\/2025\/04\/cropped-LOGO-FINAL.png","width":1182,"height":778,"caption":"holamexicotours"},"logo":{"@id":"https:\/\/holamexicotours.com\/#\/schema\/person\/image\/"}}]}},"_links":{"self":[{"href":"https:\/\/holamexicotours.com\/index.php\/wp-json\/wp\/v2\/pages\/1892","targetHints":{"allow":["GET"]}}],"collection":[{"href":"https:\/\/holamexicotours.com\/index.php\/wp-json\/wp\/v2\/pages"}],"about":[{"href":"https:\/\/holamexicotours.com\/index.php\/wp-json\/wp\/v2\/types\/page"}],"author":[{"embeddable":true,"href":"https:\/\/holamexicotours.com\/index.php\/wp-json\/wp\/v2\/users\/2"}],"replies":[{"embeddable":true,"href":"https:\/\/holamexicotours.com\/index.php\/wp-json\/wp\/v2\/comments?post=1892"}],"version-history":[{"count":7,"href":"https:\/\/holamexicotours.com\/index.php\/wp-json\/wp\/v2\/pages\/1892\/revisions"}],"predecessor-version":[{"id":4872,"href":"https:\/\/holamexicotours.com\/index.php\/wp-json\/wp\/v2\/pages\/1892\/revisions\/4872"}],"wp:featuredmedia":[{"embeddable":true,"href":"https:\/\/holamexicotours.com\/index.php\/wp-json\/wp\/v2\/media\/4467"}],"wp:attachment":[{"href":"https:\/\/holamexicotours.com\/index.php\/wp-json\/wp\/v2\/media?parent=1892"}],"curies":[{"name":"wp","href":"https:\/\/api.w.org\/{rel}","templated":true}]}}