{"id":1842,"date":"2024-07-26T21:31:11","date_gmt":"2024-07-26T21:31:11","guid":{"rendered":"https:\/\/holamexicotours.com\/?page_id=1842"},"modified":"2025-10-07T01:30:47","modified_gmt":"2025-10-07T01:30:47","slug":"tour-dia-de-muertos","status":"publish","type":"page","link":"https:\/\/holamexicotours.com\/index.php\/tour-dia-de-muertos\/","title":{"rendered":"TOUR DIA DE MUERTOS"},"content":{"rendered":"\n<p>El&nbsp;<strong>D\u00eda de Muertos<\/strong>&nbsp;es un ritual catalogado en 2003 por la Organizaci\u00f3n de las Naciones Unidas para la Educaci\u00f3n, La Ciencia y la Cultura (UNESCO) como&nbsp;<strong>Obra Maestra del Patrimonio Oral e Inmaterial de la Humanidad<\/strong>.<\/p>\n\n\n\n<h2 class=\"wp-block-heading\"><strong>ITINERARIO DEL VIAJE<\/strong><\/h2>\n\n\n\n<figure class=\"wp-block-image alignfull size-large\"><img loading=\"lazy\" decoding=\"async\" width=\"826\" height=\"1024\" src=\"https:\/\/holamexicotours.com\/wp-content\/uploads\/2025\/10\/01.GUIA-DE-VIAJE-DIA-DE-MUERTOS-2-826x1024.jpg\" alt=\"\" class=\"wp-image-4353\" srcset=\"https:\/\/holamexicotours.com\/wp-content\/uploads\/2025\/10\/01.GUIA-DE-VIAJE-DIA-DE-MUERTOS-2-826x1024.jpg 826w, https:\/\/holamexicotours.com\/wp-content\/uploads\/2025\/10\/01.GUIA-DE-VIAJE-DIA-DE-MUERTOS-2-242x300.jpg 242w, https:\/\/holamexicotours.com\/wp-content\/uploads\/2025\/10\/01.GUIA-DE-VIAJE-DIA-DE-MUERTOS-2-768x952.jpg 768w, https:\/\/holamexicotours.com\/wp-content\/uploads\/2025\/10\/01.GUIA-DE-VIAJE-DIA-DE-MUERTOS-2.jpg 1081w\" sizes=\"auto, (max-width: 826px) 100vw, 826px\" \/><\/figure>\n\n\n\n<figure class=\"wp-block-image alignfull size-large\"><img loading=\"lazy\" decoding=\"async\" width=\"825\" height=\"1024\" src=\"https:\/\/holamexicotours.com\/wp-content\/uploads\/2025\/10\/02.GUIA-DE-VIAJE-DIA-DE-MUERTOS-1-825x1024.jpg\" alt=\"\" class=\"wp-image-4354\" srcset=\"https:\/\/holamexicotours.com\/wp-content\/uploads\/2025\/10\/02.GUIA-DE-VIAJE-DIA-DE-MUERTOS-1-825x1024.jpg 825w, https:\/\/holamexicotours.com\/wp-content\/uploads\/2025\/10\/02.GUIA-DE-VIAJE-DIA-DE-MUERTOS-1-242x300.jpg 242w, https:\/\/holamexicotours.com\/wp-content\/uploads\/2025\/10\/02.GUIA-DE-VIAJE-DIA-DE-MUERTOS-1-768x954.jpg 768w, https:\/\/holamexicotours.com\/wp-content\/uploads\/2025\/10\/02.GUIA-DE-VIAJE-DIA-DE-MUERTOS-1.jpg 1080w\" sizes=\"auto, (max-width: 825px) 100vw, 825px\" \/><\/figure>\n\n\n\n<figure class=\"wp-block-image alignfull size-large\"><img loading=\"lazy\" decoding=\"async\" width=\"825\" height=\"1024\" src=\"https:\/\/holamexicotours.com\/wp-content\/uploads\/2025\/10\/03.GUIA-DE-VIAJE-DIA-DE-MUERTOS-2-825x1024.jpg\" alt=\"\" class=\"wp-image-4355\" srcset=\"https:\/\/holamexicotours.com\/wp-content\/uploads\/2025\/10\/03.GUIA-DE-VIAJE-DIA-DE-MUERTOS-2-825x1024.jpg 825w, https:\/\/holamexicotours.com\/wp-content\/uploads\/2025\/10\/03.GUIA-DE-VIAJE-DIA-DE-MUERTOS-2-242x300.jpg 242w, https:\/\/holamexicotours.com\/wp-content\/uploads\/2025\/10\/03.GUIA-DE-VIAJE-DIA-DE-MUERTOS-2-768x953.jpg 768w, https:\/\/holamexicotours.com\/wp-content\/uploads\/2025\/10\/03.GUIA-DE-VIAJE-DIA-DE-MUERTOS-2.jpg 1081w\" sizes=\"auto, (max-width: 825px) 100vw, 825px\" \/><\/figure>\n\n\n\n<figure class=\"wp-block-image alignwide size-large\"><img loading=\"lazy\" decoding=\"async\" width=\"826\" height=\"1024\" src=\"https:\/\/holamexicotours.com\/wp-content\/uploads\/2025\/10\/04.GUIA-DE-VIAJE-DIA-DE-MUERTOS-1-826x1024.jpg\" alt=\"\" class=\"wp-image-4356\" srcset=\"https:\/\/holamexicotours.com\/wp-content\/uploads\/2025\/10\/04.GUIA-DE-VIAJE-DIA-DE-MUERTOS-1-826x1024.jpg 826w, https:\/\/holamexicotours.com\/wp-content\/uploads\/2025\/10\/04.GUIA-DE-VIAJE-DIA-DE-MUERTOS-1-242x300.jpg 242w, https:\/\/holamexicotours.com\/wp-content\/uploads\/2025\/10\/04.GUIA-DE-VIAJE-DIA-DE-MUERTOS-1-768x952.jpg 768w, https:\/\/holamexicotours.com\/wp-content\/uploads\/2025\/10\/04.GUIA-DE-VIAJE-DIA-DE-MUERTOS-1.jpg 1082w\" sizes=\"auto, (max-width: 826px) 100vw, 826px\" \/><\/figure>\n\n\n\n<h2 class=\"wp-block-heading has-text-align-center\">&#8220;<strong>CONOCE MAS Y VIVE ESTA EXPERIENCIA<\/strong>&#8220;<\/h2>\n\n\n\n<p><strong>En Michoac\u00e1n,&nbsp;<\/strong>las celebraciones comienzan desde el 31 de octubre a la que sigue la colocaci\u00f3n del altar de \u201cangelitos\u201d, e<strong>l d\u00eda 1\u00ba de noviembre, para concluir con las honras a los difuntos el d\u00eda 2.<\/strong><\/p>\n\n\n\n<figure class=\"wp-block-image alignfull size-full\"><img loading=\"lazy\" decoding=\"async\" width=\"640\" height=\"789\" src=\"https:\/\/holamexicotours.com\/wp-content\/uploads\/2024\/07\/FB_IMG_1599784786620.jpg\" alt=\"\" class=\"wp-image-1845\"\/><\/figure>\n\n\n\n<p>Se contemplan&nbsp;presentaciones de ofrendas, tianguis y concursos artesanales, muestras gastron\u00f3micas, danza, m\u00fasica y otras manifestaciones culturales, entre las que destacan las tradiciones del <strong>pueblo Pur\u00e9pecha.<\/strong><\/p>\n\n\n\n<p>La preparaci\u00f3n para esta festividad comienza semanas antes del 2 de noviembre, cuando&nbsp;las calles y las casas se adornan con vibrantes flores de cempas\u00fachil, veladoras, papel picado y altares con ofrendas. Cada hogar tiene su propio altar, con varios niveles que simbolizan <strong>el inframundo, la Tierra y el cielo.<\/strong><\/p>\n\n\n\n<figure class=\"wp-block-image alignfull size-full\"><img loading=\"lazy\" decoding=\"async\" width=\"1365\" height=\"2048\" src=\"https:\/\/holamexicotours.com\/wp-content\/uploads\/2024\/07\/FB_IMG_1636101934349.jpg\" alt=\"\" class=\"wp-image-1846\"\/><\/figure>\n\n\n\n<p><strong>Aqu\u00ed la muerte llena de vida los hogares<\/strong>, panteones y veredas, que rebosantes de altares, flores, comida y velas, manifiestan la riqueza tradicional de este estado.&nbsp;<strong>En la noche del primero de noviembre se colocan ofrendas en las tumbas de quienes materialmente ya no existen, para venerar lo que fueron.<\/strong><\/p>\n\n\n\n<p><strong>Los ritos se llevan a cabo seg\u00fan las costumbres de cada regi\u00f3n, y aunque con algunas variantes sigue perdurando los fundamental: celebrar a los muertos, recordarlos y festejar con ellos. Los habitantes de&nbsp;Janitizio&nbsp;participan en un rito tradicional que es un deber sagrado, el cual honra por igual a vivos y muertos.<\/strong><\/p>\n\n\n\n<figure class=\"wp-block-image alignfull size-full\"><img loading=\"lazy\" decoding=\"async\" width=\"495\" height=\"619\" src=\"https:\/\/holamexicotours.com\/wp-content\/uploads\/2024\/07\/images-2-2.jpeg\" alt=\"\" class=\"wp-image-1847\"\/><\/figure>\n\n\n\n<p><strong>Mujeres y ni\u00f1os de la isla llegan al pante\u00f3n<\/strong> y se dirigen hacia las tumbas de sus antepasados bajo un silencio que contrasta con la luz de las velas, mientras colocan los alimentos predilectos de sus difuntos y su petate.<\/p>\n\n\n\n<p>A diferencia de lo que ocurre en <strong>Janitzio<\/strong>, los habitantes de&nbsp;Tzintzuntzan&nbsp;se esmeran en elaborar los mejores productos artesanales -loza negra y vidriada, loza blanca, \u00e1ngeles de paja, frutas y madera tallada- para colocarlos en las ofrendas. En&nbsp;Jar\u00e1cuaro&nbsp;las tradiciones son m\u00e1s puras: se coloca un arco de flores por cada barrio de la isla y la danza se convierte en la luz de la plaza principal.<\/p>\n\n\n\n<figure class=\"wp-block-image alignfull size-full\"><img loading=\"lazy\" decoding=\"async\" width=\"685\" height=\"447\" src=\"https:\/\/holamexicotours.com\/wp-content\/uploads\/2024\/07\/images-2-3.jpeg\" alt=\"\" class=\"wp-image-1850\"\/><\/figure>\n\n\n\n<p>Uno de los elementos m\u00e1s conocido de la&nbsp;<strong>Noche Muertos en Michoac\u00e1n<\/strong>&nbsp;es el&nbsp;<strong>ritual de La Velaci\u00f3n<\/strong>&nbsp;que se realiza en la regi\u00f3n del <strong>Lago de P\u00e1tzcuaro entre el 31 de octubre y el 2 de noviembre<\/strong>. Esta ceremonia en sus dos variantes, una para \u2018angelitos\u2019 y otra para difuntos adultos, se practica en&nbsp;<strong>m\u00e1s de 20 pueblos de la zona<\/strong>, as\u00ed como en varias islas del lago.<\/p>\n\n\n\n<figure class=\"wp-block-image alignfull size-full\"><img loading=\"lazy\" decoding=\"async\" width=\"715\" height=\"718\" src=\"https:\/\/holamexicotours.com\/wp-content\/uploads\/2025\/07\/PUBLI-1-DIA-DE-MUERTOS-HOLA-MEX-TOURS-2.jpg\" alt=\"\" class=\"wp-image-3840\" srcset=\"https:\/\/holamexicotours.com\/wp-content\/uploads\/2025\/07\/PUBLI-1-DIA-DE-MUERTOS-HOLA-MEX-TOURS-2.jpg 715w, https:\/\/holamexicotours.com\/wp-content\/uploads\/2025\/07\/PUBLI-1-DIA-DE-MUERTOS-HOLA-MEX-TOURS-2-300x300.jpg 300w, https:\/\/holamexicotours.com\/wp-content\/uploads\/2025\/07\/PUBLI-1-DIA-DE-MUERTOS-HOLA-MEX-TOURS-2-150x150.jpg 150w\" sizes=\"auto, (max-width: 715px) 100vw, 715px\" \/><\/figure>\n\n\n\n<h4 class=\"wp-block-heading\"><strong><a href=\"https:\/\/holamexicotours.com\/index.php\/2024\/10\/23\/dia-de-muertos-michoacan\/\">REVISTA DIGITAL: D\u00cdA DE MUERTOS EN MICHOAC\u00c1N<\/a><\/strong><\/h4>\n\n\n\n<figure class=\"wp-block-embed is-type-wp-embed is-provider-hola-mexico-tours wp-block-embed-hola-mexico-tours\"><div class=\"wp-block-embed__wrapper\">\n<blockquote class=\"wp-embedded-content\" data-secret=\"AGLdNzv10j\"><a href=\"https:\/\/holamexicotours.com\/index.php\/2024\/10\/23\/dia-de-muertos-michoacan\/\">D\u00cdA DE MUERTOS EN MICHOACAN<\/a><\/blockquote><iframe loading=\"lazy\" class=\"wp-embedded-content\" sandbox=\"allow-scripts\" security=\"restricted\" style=\"position: absolute; visibility: hidden;\" title=\"&#8220;D\u00cdA DE MUERTOS EN MICHOACAN&#8221; &#8212; HOLA MEXICO TOURS\" src=\"https:\/\/holamexicotours.com\/index.php\/2024\/10\/23\/dia-de-muertos-michoacan\/embed\/#?secret=o08H7BRHWB#?secret=AGLdNzv10j\" data-secret=\"AGLdNzv10j\" width=\"600\" height=\"338\" frameborder=\"0\" marginwidth=\"0\" marginheight=\"0\" scrolling=\"no\"><\/iframe>\n<\/div><\/figure>\n\n\n\n<figure class=\"wp-block-image alignfull size-full\"><a href=\"https:\/\/holamexicotours.com\/index.php\/reserva-tu-viaje-con-la-agencia-de-viaje-de-tu-preferencia\/\"><img loading=\"lazy\" decoding=\"async\" width=\"687\" height=\"367\" src=\"https:\/\/holamexicotours.com\/wp-content\/uploads\/2024\/08\/RESERVA-TU-VIAJE-AQUI.jpg\" alt=\"\" class=\"wp-image-1942\"\/><\/a><\/figure>\n","protected":false},"excerpt":{"rendered":"<p>El&nbsp;D\u00eda de Muertos&nbsp;es un ritual catalogado en 2003 por la Organizaci\u00f3n de las Naciones Unidas para la Educaci\u00f3n, La Ciencia y la Cultura (UNESCO) como&nbsp;Obra Maestra del Patrimonio Oral e&hellip; <\/p>\n","protected":false},"author":2,"featured_media":3849,"parent":0,"menu_order":0,"comment_status":"closed","ping_status":"closed","template":"","meta":{"footnotes":""},"class_list":["post-1842","page","type-page","status-publish","has-post-thumbnail","hentry"],"yoast_head":"<!-- This site is optimized with the Yoast SEO plugin v23.3 - https:\/\/yoast.com\/wordpress\/plugins\/seo\/ -->\n<title>TOUR DIA DE MUERTOS - HOLA MEXICO TOURS<\/title>\n<meta name=\"robots\" content=\"index, follow, max-snippet:-1, max-image-preview:large, max-video-preview:-1\" \/>\n<link rel=\"canonical\" href=\"https:\/\/holamexicotours.com\/index.php\/tour-dia-de-muertos\/\" \/>\n<meta property=\"og:locale\" content=\"es_MX\" \/>\n<meta property=\"og:type\" content=\"article\" \/>\n<meta property=\"og:title\" content=\"TOUR DIA DE MUERTOS - HOLA MEXICO TOURS\" \/>\n<meta property=\"og:description\" content=\"El&nbsp;D\u00eda de Muertos&nbsp;es un ritual catalogado en 2003 por la Organizaci\u00f3n de las Naciones Unidas para la Educaci\u00f3n, La Ciencia y la Cultura (UNESCO) como&nbsp;Obra Maestra del Patrimonio Oral e&hellip;\" \/>\n<meta property=\"og:url\" content=\"https:\/\/holamexicotours.com\/index.php\/tour-dia-de-muertos\/\" \/>\n<meta property=\"og:site_name\" content=\"HOLA MEXICO TOURS\" \/>\n<meta property=\"article:modified_time\" content=\"2025-10-07T01:30:47+00:00\" \/>\n<meta property=\"og:image\" content=\"https:\/\/holamexicotours.com\/wp-content\/uploads\/2025\/07\/images-2.jpeg\" \/>\n\t<meta property=\"og:image:width\" content=\"685\" \/>\n\t<meta property=\"og:image:height\" content=\"447\" \/>\n\t<meta property=\"og:image:type\" content=\"image\/jpeg\" \/>\n<meta name=\"twitter:card\" content=\"summary_large_image\" \/>\n<meta name=\"twitter:label1\" content=\"Tiempo de lectura\" \/>\n\t<meta name=\"twitter:data1\" content=\"5 minutos\" \/>\n<script type=\"application\/ld+json\" class=\"yoast-schema-graph\">{\"@context\":\"https:\/\/schema.org\",\"@graph\":[{\"@type\":\"WebPage\",\"@id\":\"https:\/\/holamexicotours.com\/index.php\/tour-dia-de-muertos\/\",\"url\":\"https:\/\/holamexicotours.com\/index.php\/tour-dia-de-muertos\/\",\"name\":\"TOUR DIA DE MUERTOS - HOLA MEXICO TOURS\",\"isPartOf\":{\"@id\":\"https:\/\/holamexicotours.com\/#website\"},\"primaryImageOfPage\":{\"@id\":\"https:\/\/holamexicotours.com\/index.php\/tour-dia-de-muertos\/#primaryimage\"},\"image\":{\"@id\":\"https:\/\/holamexicotours.com\/index.php\/tour-dia-de-muertos\/#primaryimage\"},\"thumbnailUrl\":\"https:\/\/holamexicotours.com\/wp-content\/uploads\/2025\/07\/images-2.jpeg\",\"datePublished\":\"2024-07-26T21:31:11+00:00\",\"dateModified\":\"2025-10-07T01:30:47+00:00\",\"breadcrumb\":{\"@id\":\"https:\/\/holamexicotours.com\/index.php\/tour-dia-de-muertos\/#breadcrumb\"},\"inLanguage\":\"es\",\"potentialAction\":[{\"@type\":\"ReadAction\",\"target\":[\"https:\/\/holamexicotours.com\/index.php\/tour-dia-de-muertos\/\"]}]},{\"@type\":\"ImageObject\",\"inLanguage\":\"es\",\"@id\":\"https:\/\/holamexicotours.com\/index.php\/tour-dia-de-muertos\/#primaryimage\",\"url\":\"https:\/\/holamexicotours.com\/wp-content\/uploads\/2025\/07\/images-2.jpeg\",\"contentUrl\":\"https:\/\/holamexicotours.com\/wp-content\/uploads\/2025\/07\/images-2.jpeg\",\"width\":685,\"height\":447},{\"@type\":\"BreadcrumbList\",\"@id\":\"https:\/\/holamexicotours.com\/index.php\/tour-dia-de-muertos\/#breadcrumb\",\"itemListElement\":[{\"@type\":\"ListItem\",\"position\":1,\"name\":\"Home\",\"item\":\"https:\/\/holamexicotours.com\/\"},{\"@type\":\"ListItem\",\"position\":2,\"name\":\"TOUR DIA DE MUERTOS\"}]},{\"@type\":\"WebSite\",\"@id\":\"https:\/\/holamexicotours.com\/#website\",\"url\":\"https:\/\/holamexicotours.com\/\",\"name\":\"https:\/\/holamexicotours.com\/\",\"description\":\"A trav\u00e9z de tus ojos, VIVE M\u00c9XICO.\",\"publisher\":{\"@id\":\"https:\/\/holamexicotours.com\/#\/schema\/person\/03a3eec8d68d2f43733875f848656cc2\"},\"potentialAction\":[{\"@type\":\"SearchAction\",\"target\":{\"@type\":\"EntryPoint\",\"urlTemplate\":\"https:\/\/holamexicotours.com\/?s={search_term_string}\"},\"query-input\":\"required name=search_term_string\"}],\"inLanguage\":\"es\"},{\"@type\":[\"Person\",\"Organization\"],\"@id\":\"https:\/\/holamexicotours.com\/#\/schema\/person\/03a3eec8d68d2f43733875f848656cc2\",\"name\":\"holamexicotours\",\"image\":{\"@type\":\"ImageObject\",\"inLanguage\":\"es\",\"@id\":\"https:\/\/holamexicotours.com\/#\/schema\/person\/image\/\",\"url\":\"https:\/\/holamexicotours.com\/wp-content\/uploads\/2025\/04\/cropped-LOGO-FINAL.png\",\"contentUrl\":\"https:\/\/holamexicotours.com\/wp-content\/uploads\/2025\/04\/cropped-LOGO-FINAL.png\",\"width\":1182,\"height\":778,\"caption\":\"holamexicotours\"},\"logo\":{\"@id\":\"https:\/\/holamexicotours.com\/#\/schema\/person\/image\/\"}}]}<\/script>\n<!-- \/ Yoast SEO plugin. -->","yoast_head_json":{"title":"TOUR DIA DE MUERTOS - HOLA MEXICO TOURS","robots":{"index":"index","follow":"follow","max-snippet":"max-snippet:-1","max-image-preview":"max-image-preview:large","max-video-preview":"max-video-preview:-1"},"canonical":"https:\/\/holamexicotours.com\/index.php\/tour-dia-de-muertos\/","og_locale":"es_MX","og_type":"article","og_title":"TOUR DIA DE MUERTOS - HOLA MEXICO TOURS","og_description":"El&nbsp;D\u00eda de Muertos&nbsp;es un ritual catalogado en 2003 por la Organizaci\u00f3n de las Naciones Unidas para la Educaci\u00f3n, La Ciencia y la Cultura (UNESCO) como&nbsp;Obra Maestra del Patrimonio Oral e&hellip;","og_url":"https:\/\/holamexicotours.com\/index.php\/tour-dia-de-muertos\/","og_site_name":"HOLA MEXICO TOURS","article_modified_time":"2025-10-07T01:30:47+00:00","og_image":[{"width":685,"height":447,"url":"https:\/\/holamexicotours.com\/wp-content\/uploads\/2025\/07\/images-2.jpeg","type":"image\/jpeg"}],"twitter_card":"summary_large_image","twitter_misc":{"Tiempo de lectura":"5 minutos"},"schema":{"@context":"https:\/\/schema.org","@graph":[{"@type":"WebPage","@id":"https:\/\/holamexicotours.com\/index.php\/tour-dia-de-muertos\/","url":"https:\/\/holamexicotours.com\/index.php\/tour-dia-de-muertos\/","name":"TOUR DIA DE MUERTOS - HOLA MEXICO TOURS","isPartOf":{"@id":"https:\/\/holamexicotours.com\/#website"},"primaryImageOfPage":{"@id":"https:\/\/holamexicotours.com\/index.php\/tour-dia-de-muertos\/#primaryimage"},"image":{"@id":"https:\/\/holamexicotours.com\/index.php\/tour-dia-de-muertos\/#primaryimage"},"thumbnailUrl":"https:\/\/holamexicotours.com\/wp-content\/uploads\/2025\/07\/images-2.jpeg","datePublished":"2024-07-26T21:31:11+00:00","dateModified":"2025-10-07T01:30:47+00:00","breadcrumb":{"@id":"https:\/\/holamexicotours.com\/index.php\/tour-dia-de-muertos\/#breadcrumb"},"inLanguage":"es","potentialAction":[{"@type":"ReadAction","target":["https:\/\/holamexicotours.com\/index.php\/tour-dia-de-muertos\/"]}]},{"@type":"ImageObject","inLanguage":"es","@id":"https:\/\/holamexicotours.com\/index.php\/tour-dia-de-muertos\/#primaryimage","url":"https:\/\/holamexicotours.com\/wp-content\/uploads\/2025\/07\/images-2.jpeg","contentUrl":"https:\/\/holamexicotours.com\/wp-content\/uploads\/2025\/07\/images-2.jpeg","width":685,"height":447},{"@type":"BreadcrumbList","@id":"https:\/\/holamexicotours.com\/index.php\/tour-dia-de-muertos\/#breadcrumb","itemListElement":[{"@type":"ListItem","position":1,"name":"Home","item":"https:\/\/holamexicotours.com\/"},{"@type":"ListItem","position":2,"name":"TOUR DIA DE MUERTOS"}]},{"@type":"WebSite","@id":"https:\/\/holamexicotours.com\/#website","url":"https:\/\/holamexicotours.com\/","name":"https:\/\/holamexicotours.com\/","description":"A trav\u00e9z de tus ojos, VIVE M\u00c9XICO.","publisher":{"@id":"https:\/\/holamexicotours.com\/#\/schema\/person\/03a3eec8d68d2f43733875f848656cc2"},"potentialAction":[{"@type":"SearchAction","target":{"@type":"EntryPoint","urlTemplate":"https:\/\/holamexicotours.com\/?s={search_term_string}"},"query-input":"required name=search_term_string"}],"inLanguage":"es"},{"@type":["Person","Organization"],"@id":"https:\/\/holamexicotours.com\/#\/schema\/person\/03a3eec8d68d2f43733875f848656cc2","name":"holamexicotours","image":{"@type":"ImageObject","inLanguage":"es","@id":"https:\/\/holamexicotours.com\/#\/schema\/person\/image\/","url":"https:\/\/holamexicotours.com\/wp-content\/uploads\/2025\/04\/cropped-LOGO-FINAL.png","contentUrl":"https:\/\/holamexicotours.com\/wp-content\/uploads\/2025\/04\/cropped-LOGO-FINAL.png","width":1182,"height":778,"caption":"holamexicotours"},"logo":{"@id":"https:\/\/holamexicotours.com\/#\/schema\/person\/image\/"}}]}},"_links":{"self":[{"href":"https:\/\/holamexicotours.com\/index.php\/wp-json\/wp\/v2\/pages\/1842","targetHints":{"allow":["GET"]}}],"collection":[{"href":"https:\/\/holamexicotours.com\/index.php\/wp-json\/wp\/v2\/pages"}],"about":[{"href":"https:\/\/holamexicotours.com\/index.php\/wp-json\/wp\/v2\/types\/page"}],"author":[{"embeddable":true,"href":"https:\/\/holamexicotours.com\/index.php\/wp-json\/wp\/v2\/users\/2"}],"replies":[{"embeddable":true,"href":"https:\/\/holamexicotours.com\/index.php\/wp-json\/wp\/v2\/comments?post=1842"}],"version-history":[{"count":11,"href":"https:\/\/holamexicotours.com\/index.php\/wp-json\/wp\/v2\/pages\/1842\/revisions"}],"predecessor-version":[{"id":4357,"href":"https:\/\/holamexicotours.com\/index.php\/wp-json\/wp\/v2\/pages\/1842\/revisions\/4357"}],"wp:featuredmedia":[{"embeddable":true,"href":"https:\/\/holamexicotours.com\/index.php\/wp-json\/wp\/v2\/media\/3849"}],"wp:attachment":[{"href":"https:\/\/holamexicotours.com\/index.php\/wp-json\/wp\/v2\/media?parent=1842"}],"curies":[{"name":"wp","href":"https:\/\/api.w.org\/{rel}","templated":true}]}}