{"id":1818,"date":"2024-07-26T21:13:27","date_gmt":"2024-07-26T21:13:27","guid":{"rendered":"https:\/\/holamexicotours.com\/?page_id=1818"},"modified":"2025-10-07T01:36:22","modified_gmt":"2025-10-07T01:36:22","slug":"tour-cascadas-de-honey","status":"publish","type":"page","link":"https:\/\/holamexicotours.com\/index.php\/tour-cascadas-de-honey\/","title":{"rendered":"TOUR CASCADAS DE HONEY"},"content":{"rendered":"\n<p><strong>Puebla te ofrece experiencias para todos los sentidos<\/strong>, disfruta el olor del bosque y aire limpio, admira&nbsp;sus&nbsp;espectaculares paisajes, toca las mil texturas de las obras creadas por los artesanos y prueba la deliciosa gastronom\u00eda de cada rinc\u00f3n de la entidad.<\/p>\n\n\n\n<p><strong>El Centro Ecotur\u00edstico Cascadas Para\u00edso<\/strong>, con 10 esplendorosos saltos de agua, de diferentes tama\u00f1os, que ofrecen un espect\u00e1culo sin igual y puedes conocer \u00a1en un solo d\u00eda!<\/p>\n\n\n\n<h2 class=\"wp-block-heading\"><strong>ITINERARIO DEL VIAJE<\/strong> <\/h2>\n\n\n\n<figure class=\"wp-block-image alignfull size-large\"><img loading=\"lazy\" decoding=\"async\" width=\"828\" height=\"1024\" src=\"https:\/\/holamexicotours.com\/wp-content\/uploads\/2025\/10\/01.GUIA-DE-VIAJE-HONEY-1-828x1024.jpg\" alt=\"\" class=\"wp-image-4363\" srcset=\"https:\/\/holamexicotours.com\/wp-content\/uploads\/2025\/10\/01.GUIA-DE-VIAJE-HONEY-1-828x1024.jpg 828w, https:\/\/holamexicotours.com\/wp-content\/uploads\/2025\/10\/01.GUIA-DE-VIAJE-HONEY-1-243x300.jpg 243w, https:\/\/holamexicotours.com\/wp-content\/uploads\/2025\/10\/01.GUIA-DE-VIAJE-HONEY-1-768x949.jpg 768w, https:\/\/holamexicotours.com\/wp-content\/uploads\/2025\/10\/01.GUIA-DE-VIAJE-HONEY-1.jpg 1084w\" sizes=\"auto, (max-width: 828px) 100vw, 828px\" \/><\/figure>\n\n\n\n<figure class=\"wp-block-image alignfull size-large\"><img loading=\"lazy\" decoding=\"async\" width=\"825\" height=\"1024\" src=\"https:\/\/holamexicotours.com\/wp-content\/uploads\/2025\/10\/02.GUIA-DE-VIAJE-HONEY-1-825x1024.jpg\" alt=\"\" class=\"wp-image-4364\" srcset=\"https:\/\/holamexicotours.com\/wp-content\/uploads\/2025\/10\/02.GUIA-DE-VIAJE-HONEY-1-825x1024.jpg 825w, https:\/\/holamexicotours.com\/wp-content\/uploads\/2025\/10\/02.GUIA-DE-VIAJE-HONEY-1-242x300.jpg 242w, https:\/\/holamexicotours.com\/wp-content\/uploads\/2025\/10\/02.GUIA-DE-VIAJE-HONEY-1-768x954.jpg 768w, https:\/\/holamexicotours.com\/wp-content\/uploads\/2025\/10\/02.GUIA-DE-VIAJE-HONEY-1.jpg 1080w\" sizes=\"auto, (max-width: 825px) 100vw, 825px\" \/><\/figure>\n\n\n\n<figure class=\"wp-block-image alignfull size-large\"><img loading=\"lazy\" decoding=\"async\" width=\"826\" height=\"1024\" src=\"https:\/\/holamexicotours.com\/wp-content\/uploads\/2025\/10\/03.GUIA-DE-VIAJE-HONEY-1-826x1024.jpg\" alt=\"\" class=\"wp-image-4366\" srcset=\"https:\/\/holamexicotours.com\/wp-content\/uploads\/2025\/10\/03.GUIA-DE-VIAJE-HONEY-1-826x1024.jpg 826w, https:\/\/holamexicotours.com\/wp-content\/uploads\/2025\/10\/03.GUIA-DE-VIAJE-HONEY-1-242x300.jpg 242w, https:\/\/holamexicotours.com\/wp-content\/uploads\/2025\/10\/03.GUIA-DE-VIAJE-HONEY-1-768x952.jpg 768w, https:\/\/holamexicotours.com\/wp-content\/uploads\/2025\/10\/03.GUIA-DE-VIAJE-HONEY-1.jpg 1082w\" sizes=\"auto, (max-width: 826px) 100vw, 826px\" \/><\/figure>\n\n\n\n<h2 class=\"wp-block-heading has-text-align-center\">&#8220;<strong>CONOCE MAS Y VIVE ESTA EXPERIENCIA<\/strong>&#8220;<\/h2>\n\n\n\n<p><strong>Las cascadas que podr\u00e1s admirar <\/strong>en este bello lugar son: El Salto, Arco\u00edris, Ca\u00f1\u00f3n del Sumidero, del \u00c1ngel, del Beso, de los Duendes, del Para\u00edso, Senda de Luz, Fuente de vida y Agua clara. La del salto tiene 12 metros de ancho y 5 metros de alto y la Arco\u00edris es una de las m\u00e1s bonitas, porque siempre se puede apreciar precisamente un arco\u00edris en su parte baja; tiene una altura de 20 metros y una impresionante fosa de agua al fondo.<\/p>\n\n\n\n<figure class=\"wp-block-image alignfull size-full\"><img loading=\"lazy\" decoding=\"async\" width=\"720\" height=\"828\" src=\"https:\/\/holamexicotours.com\/wp-content\/uploads\/2024\/08\/20200629_222549.jpg\" alt=\"\" class=\"wp-image-1996\"\/><\/figure>\n\n\n\n<p>Asimismo, entre <strong>pinos, oyameles y cedros<\/strong>, podr\u00e1s admirar verdaderas bellezas. Si eres afortunado, tambi\u00e9n te topar\u00e1s con algunas especies de la fauna de los alrededores. Hay tuzas, gavilanes, tigrillos, coyotes y conejos silvestres.<\/p>\n\n\n\n<p>Al visitar este <strong>maravilloso destino<\/strong>, adem\u00e1s podr\u00e1s divertirte al cruzar puentes colgantes, ver el cruce de dos r\u00edos, manantiales, recorrer\u00e1s el sendero en una caminata de aproximadamente cuatro horas, por lo que se necesita tener buena condici\u00f3n f\u00edsica; no se recomienda que vayas con ni\u00f1os muy peque\u00f1os ni con adultos mayores que se puedan cansar f\u00e1cilmente.<\/p>\n\n\n\n<figure class=\"wp-block-image alignfull size-full\"><img loading=\"lazy\" decoding=\"async\" width=\"1536\" height=\"2048\" src=\"https:\/\/holamexicotours.com\/wp-content\/uploads\/2024\/08\/FB_IMG_1690501612839.jpg\" alt=\"\" class=\"wp-image-1994\"\/><\/figure>\n\n\n\n<p>Algo muy importante que debes tomar en cuenta es que no se permite nadar, la visita es solo para admirar las ca\u00eddas de agua y disfrutar inolvidables momentos con tu familia o amigos en contacto con la naturaleza.<\/p>\n\n\n\n<p><strong>Se localiza en la porci\u00f3n noreste de la Sierra Norte del estado<\/strong>, a A 184 km de la ciudad de Puebla capital<\/p>\n\n\n\n<p>Durante el recorrido <strong>encontrar\u00e1s senderos, puentes colgantes y tambi\u00e9n grandes acantilados<\/strong>. Adem\u00e1s de esto, d\u00e9jate llevar por el traj\u00edn del viento y cruza los 300 metros de ida y 300 de vuelta en la tirolesa.<\/p>\n\n\n\n<h3 class=\"wp-block-heading\"><strong>Pueblo magico de Acaxochitlan<\/strong><\/h3>\n\n\n\n<figure class=\"wp-block-image alignwide size-large\"><img loading=\"lazy\" decoding=\"async\" width=\"1024\" height=\"768\" src=\"https:\/\/holamexicotours.com\/wp-content\/uploads\/2025\/07\/20241005_174100-1024x768.jpg\" alt=\"\" class=\"wp-image-3816\" srcset=\"https:\/\/holamexicotours.com\/wp-content\/uploads\/2025\/07\/20241005_174100-1024x768.jpg 1024w, https:\/\/holamexicotours.com\/wp-content\/uploads\/2025\/07\/20241005_174100-300x225.jpg 300w, https:\/\/holamexicotours.com\/wp-content\/uploads\/2025\/07\/20241005_174100-768x576.jpg 768w, https:\/\/holamexicotours.com\/wp-content\/uploads\/2025\/07\/20241005_174100-1536x1152.jpg 1536w, https:\/\/holamexicotours.com\/wp-content\/uploads\/2025\/07\/20241005_174100-2048x1536.jpg 2048w\" sizes=\"auto, (max-width: 1024px) 100vw, 1024px\" \/><\/figure>\n\n\n\n<p><strong>Pueblo magico de Acaxochitlan,<\/strong> lo agregamos a nuestra visita, recorre sus calles, su Reloj Monumental, Parroquia de La Asuncion, Museo de Arqueologia y La Herencia &#8220;vinos regionales&#8221; te va a encantar..<\/p>\n\n\n\n<p id=\"block-85896191-5e76-42de-a681-9af2e25aa410\"><a href=\"https:\/\/holamexicotours.com\/index.php\/2024\/08\/03\/cascadas-de-honey\/\">CONTINUAR LEYENDO EN NUESTRA REVISTA DIGITAL&#8230;.<\/a><\/p>\n\n\n\n<figure class=\"wp-block-embed is-type-wp-embed is-provider-hola-mexico-tours wp-block-embed-hola-mexico-tours\"><div class=\"wp-block-embed__wrapper\">\n<blockquote class=\"wp-embedded-content\" data-secret=\"LpR67EYp8S\"><a href=\"https:\/\/holamexicotours.com\/index.php\/2024\/08\/03\/cascadas-de-honey\/\">CASCADAS DE HONEY<\/a><\/blockquote><iframe loading=\"lazy\" class=\"wp-embedded-content\" sandbox=\"allow-scripts\" security=\"restricted\" style=\"position: absolute; visibility: hidden;\" title=\"&#8220;CASCADAS DE HONEY&#8221; &#8212; HOLA MEXICO TOURS\" src=\"https:\/\/holamexicotours.com\/index.php\/2024\/08\/03\/cascadas-de-honey\/embed\/#?secret=wv56ZWSGcu#?secret=LpR67EYp8S\" data-secret=\"LpR67EYp8S\" width=\"600\" height=\"338\" frameborder=\"0\" marginwidth=\"0\" marginheight=\"0\" scrolling=\"no\"><\/iframe>\n<\/div><\/figure>\n\n\n\n<figure class=\"wp-block-image alignfull size-full\"><img loading=\"lazy\" decoding=\"async\" width=\"714\" height=\"718\" src=\"https:\/\/holamexicotours.com\/wp-content\/uploads\/2025\/07\/PUBLI-1-HONEY-HOLA-MEX-TOURS-1.jpg\" alt=\"\" class=\"wp-image-3776\" srcset=\"https:\/\/holamexicotours.com\/wp-content\/uploads\/2025\/07\/PUBLI-1-HONEY-HOLA-MEX-TOURS-1.jpg 714w, https:\/\/holamexicotours.com\/wp-content\/uploads\/2025\/07\/PUBLI-1-HONEY-HOLA-MEX-TOURS-1-298x300.jpg 298w, https:\/\/holamexicotours.com\/wp-content\/uploads\/2025\/07\/PUBLI-1-HONEY-HOLA-MEX-TOURS-1-150x150.jpg 150w\" sizes=\"auto, (max-width: 714px) 100vw, 714px\" \/><\/figure>\n\n\n\n<figure class=\"wp-block-image alignfull size-full\"><a href=\"https:\/\/holamexicotours.com\/index.php\/reserva-tu-viaje-con-la-agencia-de-viaje-de-tu-preferencia\/\"><img loading=\"lazy\" decoding=\"async\" width=\"687\" height=\"367\" src=\"https:\/\/holamexicotours.com\/wp-content\/uploads\/2024\/08\/RESERVA-TU-VIAJE-AQUI.jpg\" alt=\"\" class=\"wp-image-1942\"\/><\/a><\/figure>\n","protected":false},"excerpt":{"rendered":"<p>Puebla te ofrece experiencias para todos los sentidos, disfruta el olor del bosque y aire limpio, admira&nbsp;sus&nbsp;espectaculares paisajes, toca las mil texturas de las obras creadas por los artesanos y&hellip; <\/p>\n","protected":false},"author":2,"featured_media":3782,"parent":0,"menu_order":0,"comment_status":"closed","ping_status":"closed","template":"","meta":{"footnotes":""},"class_list":["post-1818","page","type-page","status-publish","has-post-thumbnail","hentry"],"yoast_head":"<!-- This site is optimized with the Yoast SEO plugin v23.3 - https:\/\/yoast.com\/wordpress\/plugins\/seo\/ -->\n<title>TOUR CASCADAS DE HONEY - HOLA MEXICO TOURS<\/title>\n<meta name=\"robots\" content=\"index, follow, max-snippet:-1, max-image-preview:large, max-video-preview:-1\" \/>\n<link rel=\"canonical\" href=\"https:\/\/holamexicotours.com\/index.php\/tour-cascadas-de-honey\/\" \/>\n<meta property=\"og:locale\" content=\"es_MX\" \/>\n<meta property=\"og:type\" content=\"article\" \/>\n<meta property=\"og:title\" content=\"TOUR CASCADAS DE HONEY - HOLA MEXICO TOURS\" \/>\n<meta property=\"og:description\" content=\"Puebla te ofrece experiencias para todos los sentidos, disfruta el olor del bosque y aire limpio, admira&nbsp;sus&nbsp;espectaculares paisajes, toca las mil texturas de las obras creadas por los artesanos y&hellip;\" \/>\n<meta property=\"og:url\" content=\"https:\/\/holamexicotours.com\/index.php\/tour-cascadas-de-honey\/\" \/>\n<meta property=\"og:site_name\" content=\"HOLA MEXICO TOURS\" \/>\n<meta property=\"article:modified_time\" content=\"2025-10-07T01:36:22+00:00\" \/>\n<meta property=\"og:image\" content=\"https:\/\/holamexicotours.com\/wp-content\/uploads\/2025\/07\/FB_IMG_1690501641801.jpg\" \/>\n\t<meta property=\"og:image:width\" content=\"2048\" \/>\n\t<meta property=\"og:image:height\" content=\"1536\" \/>\n\t<meta property=\"og:image:type\" content=\"image\/jpeg\" \/>\n<meta name=\"twitter:card\" content=\"summary_large_image\" \/>\n<meta name=\"twitter:label1\" content=\"Tiempo de lectura\" \/>\n\t<meta name=\"twitter:data1\" content=\"4 minutos\" \/>\n<script type=\"application\/ld+json\" class=\"yoast-schema-graph\">{\"@context\":\"https:\/\/schema.org\",\"@graph\":[{\"@type\":\"WebPage\",\"@id\":\"https:\/\/holamexicotours.com\/index.php\/tour-cascadas-de-honey\/\",\"url\":\"https:\/\/holamexicotours.com\/index.php\/tour-cascadas-de-honey\/\",\"name\":\"TOUR CASCADAS DE HONEY - HOLA MEXICO TOURS\",\"isPartOf\":{\"@id\":\"https:\/\/holamexicotours.com\/#website\"},\"primaryImageOfPage\":{\"@id\":\"https:\/\/holamexicotours.com\/index.php\/tour-cascadas-de-honey\/#primaryimage\"},\"image\":{\"@id\":\"https:\/\/holamexicotours.com\/index.php\/tour-cascadas-de-honey\/#primaryimage\"},\"thumbnailUrl\":\"https:\/\/holamexicotours.com\/wp-content\/uploads\/2025\/07\/FB_IMG_1690501641801.jpg\",\"datePublished\":\"2024-07-26T21:13:27+00:00\",\"dateModified\":\"2025-10-07T01:36:22+00:00\",\"breadcrumb\":{\"@id\":\"https:\/\/holamexicotours.com\/index.php\/tour-cascadas-de-honey\/#breadcrumb\"},\"inLanguage\":\"es\",\"potentialAction\":[{\"@type\":\"ReadAction\",\"target\":[\"https:\/\/holamexicotours.com\/index.php\/tour-cascadas-de-honey\/\"]}]},{\"@type\":\"ImageObject\",\"inLanguage\":\"es\",\"@id\":\"https:\/\/holamexicotours.com\/index.php\/tour-cascadas-de-honey\/#primaryimage\",\"url\":\"https:\/\/holamexicotours.com\/wp-content\/uploads\/2025\/07\/FB_IMG_1690501641801.jpg\",\"contentUrl\":\"https:\/\/holamexicotours.com\/wp-content\/uploads\/2025\/07\/FB_IMG_1690501641801.jpg\",\"width\":2048,\"height\":1536},{\"@type\":\"BreadcrumbList\",\"@id\":\"https:\/\/holamexicotours.com\/index.php\/tour-cascadas-de-honey\/#breadcrumb\",\"itemListElement\":[{\"@type\":\"ListItem\",\"position\":1,\"name\":\"Home\",\"item\":\"https:\/\/holamexicotours.com\/\"},{\"@type\":\"ListItem\",\"position\":2,\"name\":\"TOUR CASCADAS DE HONEY\"}]},{\"@type\":\"WebSite\",\"@id\":\"https:\/\/holamexicotours.com\/#website\",\"url\":\"https:\/\/holamexicotours.com\/\",\"name\":\"https:\/\/holamexicotours.com\/\",\"description\":\"A trav\u00e9z de tus ojos, VIVE M\u00c9XICO.\",\"publisher\":{\"@id\":\"https:\/\/holamexicotours.com\/#\/schema\/person\/03a3eec8d68d2f43733875f848656cc2\"},\"potentialAction\":[{\"@type\":\"SearchAction\",\"target\":{\"@type\":\"EntryPoint\",\"urlTemplate\":\"https:\/\/holamexicotours.com\/?s={search_term_string}\"},\"query-input\":\"required name=search_term_string\"}],\"inLanguage\":\"es\"},{\"@type\":[\"Person\",\"Organization\"],\"@id\":\"https:\/\/holamexicotours.com\/#\/schema\/person\/03a3eec8d68d2f43733875f848656cc2\",\"name\":\"holamexicotours\",\"image\":{\"@type\":\"ImageObject\",\"inLanguage\":\"es\",\"@id\":\"https:\/\/holamexicotours.com\/#\/schema\/person\/image\/\",\"url\":\"https:\/\/holamexicotours.com\/wp-content\/uploads\/2025\/04\/cropped-LOGO-FINAL.png\",\"contentUrl\":\"https:\/\/holamexicotours.com\/wp-content\/uploads\/2025\/04\/cropped-LOGO-FINAL.png\",\"width\":1182,\"height\":778,\"caption\":\"holamexicotours\"},\"logo\":{\"@id\":\"https:\/\/holamexicotours.com\/#\/schema\/person\/image\/\"}}]}<\/script>\n<!-- \/ Yoast SEO plugin. -->","yoast_head_json":{"title":"TOUR CASCADAS DE HONEY - HOLA MEXICO TOURS","robots":{"index":"index","follow":"follow","max-snippet":"max-snippet:-1","max-image-preview":"max-image-preview:large","max-video-preview":"max-video-preview:-1"},"canonical":"https:\/\/holamexicotours.com\/index.php\/tour-cascadas-de-honey\/","og_locale":"es_MX","og_type":"article","og_title":"TOUR CASCADAS DE HONEY - HOLA MEXICO TOURS","og_description":"Puebla te ofrece experiencias para todos los sentidos, disfruta el olor del bosque y aire limpio, admira&nbsp;sus&nbsp;espectaculares paisajes, toca las mil texturas de las obras creadas por los artesanos y&hellip;","og_url":"https:\/\/holamexicotours.com\/index.php\/tour-cascadas-de-honey\/","og_site_name":"HOLA MEXICO TOURS","article_modified_time":"2025-10-07T01:36:22+00:00","og_image":[{"width":2048,"height":1536,"url":"https:\/\/holamexicotours.com\/wp-content\/uploads\/2025\/07\/FB_IMG_1690501641801.jpg","type":"image\/jpeg"}],"twitter_card":"summary_large_image","twitter_misc":{"Tiempo de lectura":"4 minutos"},"schema":{"@context":"https:\/\/schema.org","@graph":[{"@type":"WebPage","@id":"https:\/\/holamexicotours.com\/index.php\/tour-cascadas-de-honey\/","url":"https:\/\/holamexicotours.com\/index.php\/tour-cascadas-de-honey\/","name":"TOUR CASCADAS DE HONEY - HOLA MEXICO TOURS","isPartOf":{"@id":"https:\/\/holamexicotours.com\/#website"},"primaryImageOfPage":{"@id":"https:\/\/holamexicotours.com\/index.php\/tour-cascadas-de-honey\/#primaryimage"},"image":{"@id":"https:\/\/holamexicotours.com\/index.php\/tour-cascadas-de-honey\/#primaryimage"},"thumbnailUrl":"https:\/\/holamexicotours.com\/wp-content\/uploads\/2025\/07\/FB_IMG_1690501641801.jpg","datePublished":"2024-07-26T21:13:27+00:00","dateModified":"2025-10-07T01:36:22+00:00","breadcrumb":{"@id":"https:\/\/holamexicotours.com\/index.php\/tour-cascadas-de-honey\/#breadcrumb"},"inLanguage":"es","potentialAction":[{"@type":"ReadAction","target":["https:\/\/holamexicotours.com\/index.php\/tour-cascadas-de-honey\/"]}]},{"@type":"ImageObject","inLanguage":"es","@id":"https:\/\/holamexicotours.com\/index.php\/tour-cascadas-de-honey\/#primaryimage","url":"https:\/\/holamexicotours.com\/wp-content\/uploads\/2025\/07\/FB_IMG_1690501641801.jpg","contentUrl":"https:\/\/holamexicotours.com\/wp-content\/uploads\/2025\/07\/FB_IMG_1690501641801.jpg","width":2048,"height":1536},{"@type":"BreadcrumbList","@id":"https:\/\/holamexicotours.com\/index.php\/tour-cascadas-de-honey\/#breadcrumb","itemListElement":[{"@type":"ListItem","position":1,"name":"Home","item":"https:\/\/holamexicotours.com\/"},{"@type":"ListItem","position":2,"name":"TOUR CASCADAS DE HONEY"}]},{"@type":"WebSite","@id":"https:\/\/holamexicotours.com\/#website","url":"https:\/\/holamexicotours.com\/","name":"https:\/\/holamexicotours.com\/","description":"A trav\u00e9z de tus ojos, VIVE M\u00c9XICO.","publisher":{"@id":"https:\/\/holamexicotours.com\/#\/schema\/person\/03a3eec8d68d2f43733875f848656cc2"},"potentialAction":[{"@type":"SearchAction","target":{"@type":"EntryPoint","urlTemplate":"https:\/\/holamexicotours.com\/?s={search_term_string}"},"query-input":"required name=search_term_string"}],"inLanguage":"es"},{"@type":["Person","Organization"],"@id":"https:\/\/holamexicotours.com\/#\/schema\/person\/03a3eec8d68d2f43733875f848656cc2","name":"holamexicotours","image":{"@type":"ImageObject","inLanguage":"es","@id":"https:\/\/holamexicotours.com\/#\/schema\/person\/image\/","url":"https:\/\/holamexicotours.com\/wp-content\/uploads\/2025\/04\/cropped-LOGO-FINAL.png","contentUrl":"https:\/\/holamexicotours.com\/wp-content\/uploads\/2025\/04\/cropped-LOGO-FINAL.png","width":1182,"height":778,"caption":"holamexicotours"},"logo":{"@id":"https:\/\/holamexicotours.com\/#\/schema\/person\/image\/"}}]}},"_links":{"self":[{"href":"https:\/\/holamexicotours.com\/index.php\/wp-json\/wp\/v2\/pages\/1818","targetHints":{"allow":["GET"]}}],"collection":[{"href":"https:\/\/holamexicotours.com\/index.php\/wp-json\/wp\/v2\/pages"}],"about":[{"href":"https:\/\/holamexicotours.com\/index.php\/wp-json\/wp\/v2\/types\/page"}],"author":[{"embeddable":true,"href":"https:\/\/holamexicotours.com\/index.php\/wp-json\/wp\/v2\/users\/2"}],"replies":[{"embeddable":true,"href":"https:\/\/holamexicotours.com\/index.php\/wp-json\/wp\/v2\/comments?post=1818"}],"version-history":[{"count":17,"href":"https:\/\/holamexicotours.com\/index.php\/wp-json\/wp\/v2\/pages\/1818\/revisions"}],"predecessor-version":[{"id":4367,"href":"https:\/\/holamexicotours.com\/index.php\/wp-json\/wp\/v2\/pages\/1818\/revisions\/4367"}],"wp:featuredmedia":[{"embeddable":true,"href":"https:\/\/holamexicotours.com\/index.php\/wp-json\/wp\/v2\/media\/3782"}],"wp:attachment":[{"href":"https:\/\/holamexicotours.com\/index.php\/wp-json\/wp\/v2\/media?parent=1818"}],"curies":[{"name":"wp","href":"https:\/\/api.w.org\/{rel}","templated":true}]}}